{"id":1272,"date":"2024-06-21T15:54:12","date_gmt":"2024-06-21T13:54:12","guid":{"rendered":"https:\/\/corinnesteiner.landeseite.at\/?page_id=1272"},"modified":"2025-01-22T10:40:15","modified_gmt":"2025-01-22T09:40:15","slug":"termin","status":"publish","type":"page","link":"https:\/\/corinnesteiner.com\/en\/kontakt\/termin\/","title":{"rendered":"Termin"},"content":{"rendered":"<div class=\"wpb-content-wrapper\"><p><style>[data-bg-color-69dee85dcf1bc]:before { content: \"\"; position: absolute; background: linear-gradient(to right, rgba(40, 50, 59, 1) 20%, rgba(40, 50, 59, 0.81) 35%, rgba(40, 50, 59, 0) 100%);; height: 100%; width: 100%; top: 0; left: 0; z-index: 1; } .data-bg-color-69dee85dcf1bc.vc_row.vc_row-flex::after, .vc_row.vc_row-flex::before { display: inherit; } .data-bg-color-69dee85dcf1bc.vc_row:after, .vc_row:before { content: \" \"; display: inherit; }<\/style><div data-vc-full-width=\"true\" data-vc-full-width-init=\"false\" class=\"vc_row wpb_row vc_row-fluid content-dark data-bg-color-69dee85dcf1bc vc_custom_1722438860137 vc_row-has-fill row-z-index-69dee85dcf1bc\" data-bg-overlay=\"9\"  data-bg-color-69dee85dcf1bc=\"9\" ><style><\/style><div class=\"wpb_column vc_column_container content-dark vc_col-sm-2 column-z-index-69dee85dcf500\"> \n        <div class=\"vc_column-inner \"> \n            <div class=\"wpb_wrapper\"> \n            <\/div> \n        <\/div>\n    <\/div><style><\/style><div class=\"text-center wpb_column vc_column_container content-dark vc_col-sm-8 column-z-index-69dee85dcf839\"> \n        <div class=\"vc_column-inner vc_custom_1606026770223\"> \n            <div class=\"wpb_wrapper\"><style>#slcr_custom_heading_69dee85dcfdc4{ font-size: 14px;color: #ffffff;line-height: 1.2;text-align: center;  }<\/style><p id=\"slcr_custom_heading_69dee85dcfdc4\" class=\"vc_custom_heading sub-heading single white center font-800\" >Kostenlose F\u00fchrungsanalyse<\/p><style>#slcr_custom_heading_69dee85dcff56{ font-size: 40px;color: #ffffff;text-align: center;  }<\/style><h1 id=\"slcr_custom_heading_69dee85dcff56\" class=\"vc_custom_heading vc_custom_1722438882763 font-700\" >Buche jetzt einen Termin<\/h1> \n            <\/div> \n        <\/div>\n    <\/div><style><\/style><div class=\"wpb_column vc_column_container content-dark vc_col-sm-2 column-z-index-69dee85dd0004\"> \n        <div class=\"vc_column-inner \"> \n            <div class=\"wpb_wrapper\"> \n            <\/div> \n        <\/div>\n    <\/div><\/div>\n<div class=\"vc_row-full-width vc_clearfix\"><\/div>\n<style><\/style><div class=\"vc_row wpb_row vc_row-fluid content-dark data-bg-color-69dee85dd026a vc_custom_1606371897510 vc_row-o-equal-height vc_row-o-content-middle vc_row-flex row-z-index-69dee85dd026a\" ><style><\/style><div class=\"wpb_column vc_column_container content-dark vc_col-sm-4 column-z-index-69dee85dd03a0\"> \n        <div class=\"vc_column-inner vc_custom_1606365466886\"> \n            <div class=\"wpb_wrapper\"><style>#slcr_custom_heading_69dee85dd05e6{ font-size: 14px;color: #5abeb6;line-height: 1.2;text-align: left;  }<\/style><p id=\"slcr_custom_heading_69dee85dd05e6\" class=\"vc_custom_heading sub-heading single font-800\" >Kostenloser Termin<\/p><style>#slcr_custom_heading_69dee85dd076f{ font-size: 33px;line-height: 43px;text-align: left;  }<\/style><h2 id=\"slcr_custom_heading_69dee85dd076f\" class=\"vc_custom_heading vc_custom_1718977888952 font-700\" >Ich freue mich auf ein Kennenlernen<\/h2><div class=\"wpb_text_column wpb_content_element \" >\n\t\t<div class=\"wpb_wrapper\">\n\t\t\t<p>Nutze die Gelegenheit f\u00fcr eine kostenlose F\u00fchrungsanalyse und entdecke dein volles Potenzial als F\u00fchrungskraft. Mit meiner Erfahrung und Expertise helfe ich dir, deine St\u00e4rken zu erkennen und gezielt weiterzuentwickeln. Starte jetzt und mache den ersten Schritt zu deinem F\u00fchrungserfolg!<\/p>\n<p>Im ersten Schritt nehmen wir eine detaillierte Analyse deiner aktuellen F\u00fchrungsf\u00e4higkeiten vor. Wir betrachten verschiedene Aspekte deines F\u00fchrungsstils, identifizieren deine Kernkompetenzen und finden Bereiche mit Verbesserungspotenzial. Durch gezieltes Feedback und praxisnahe Empfehlungen erh\u00e4ltst du konkrete Ansatzpunkte, um deine F\u00fchrungsqualit\u00e4ten nachhaltig zu verbessern. Danach k\u00f6nnen wir gemeinsam entscheiden, ob eine Zusammenarbeit f\u00fcr dich sinnvoll ist.<\/p>\n\n\t\t<\/div>\n\t<\/div> \n            <\/div> \n        <\/div>\n    <\/div><style><\/style><div class=\"wpb_column vc_column_container content-dark vc_col-sm-1 column-z-index-69dee85dd092b\"> \n        <div class=\"vc_column-inner \"> \n            <div class=\"wpb_wrapper\"> \n            <\/div> \n        <\/div>\n    <\/div><style>.slcr_box_image_css_69dee85dd0b08{   }<\/style><style><\/style><div class=\"wpb_column vc_column_container content-dark vc_col-sm-7 column-z-index-69dee85dd09f9\"> \n        <div class=\"vc_column-inner \"> \n            <div class=\"wpb_wrapper\"> \n                    <div class=\"boxes box-1 bg-default   vc_custom_1606372167008  slcr_box_image_css_69dee85dd0b08\" >\n                        <div class=\"inner text-left\">\n\t<div class=\"wpb_raw_code wpb_raw_html wpb_content_element\" >\n\t\t<div class=\"wpb_wrapper\">\n\t\t\t<!-- Calendly Inline-Widget Beginn -->\n<div class=\"calendly-inline-widget\" data-url=\"https:\/\/calendly.com\/corinnesteiner\/kostenloser-leadership-check-up-dein-fuhrungsgesprach\" style=\"min-width:320px;height:700px;\"><\/div>\n<script type=\"text\/javascript\" src=\"https:\/\/assets.calendly.com\/assets\/external\/widget.js\" async><\/script>\n<!-- Calendly Inline-Widget Ende -->\n\t\t<\/div>\n\t<\/div>\n<\/div>\n                    <\/div>  \n            <\/div> \n        <\/div>\n    <\/div><\/div><style>[data-bg-color-69dee85dd0f82]:before { content: \"\"; position: absolute; background-color: #28323b; height: 100%; width: 100%; top: 0; left: 0; z-index: 1; } .data-bg-color-69dee85dd0f82.vc_row.vc_row-flex::after, .vc_row.vc_row-flex::before { display: inherit; } .data-bg-color-69dee85dd0f82.vc_row:after, .vc_row:before { content: \" \"; display: inherit; }<\/style><div data-vc-full-width=\"true\" data-vc-full-width-init=\"false\" class=\"vc_row wpb_row vc_row-fluid content-dark data-bg-color-69dee85dd0f82 vc_custom_1718963005093 vc_row-has-fill row-z-index-69dee85dd0f82\" data-bg-overlay=\"8\"  data-bg-color-69dee85dd0f82=\"8\" ><style><\/style><div class=\"wpb_column vc_column_container content-dark vc_col-sm-12 column-z-index-69dee85dd10f3\"> \n        <div class=\"vc_column-inner \"> \n            <div class=\"wpb_wrapper\"><div class=\"vc_row wpb_row vc_inner vc_row-fluid vc_row-o-equal-height vc_row-o-content-middle vc_row-flex\"><style>#slcr_icon_text_last69dee85dd16b8.main__icon { display: block; text-align: center; color: #ffffff !important; border-radius: 50%; border-color: rgba(0,0,0,0.01) !important; background: rgba(255,255,255,0.01) !important;  height: 48px; width: 48px; line-height: 48px; font-size: 48px; transition: all ease .3s; -webkit-transition: all ease .3s; } [data-hover-target=\"box\"]:hover #slcr_icon_text_last69dee85dd16b8.main__icon, [data-hover-target=\"icon\"] #slcr_icon_text_last69dee85dd16b8.main__icon:hover { background: rgba(255,255,255,0.01) !important; border-color: rgba(255,255,255,0.01) !important; color: #ffffff !important; } #slcr_icon_text_content69dee85dd16b8{  } #slcr_icon_text_img69dee85dd16b8{  height: auto; width: 60px;   border-radius: 0px;  }<\/style><div class=\"wpb_column vc_column_container vc_col-sm-6\"><div class=\"vc_column-inner\"><div class=\"wpb_wrapper\">\n                <div class=\"icons__text   \"   data-icon-align=\"left\" data-reset-responsive=\"false\" data-hover-target=\"box\" data-vertical-align=\"top\">\n                    <div class=\"icons_wrap\">\n                        <div class=\"icon__container\">\n                            <i class=\"main__icon far fa-thumbs-up\" id=\"slcr_icon_text_last69dee85dd16b8\" ><\/i>\n                        <\/div>\n                    <\/div>\n                    <div class=\"text__content\" id=\"slcr_icon_text_content69dee85dd16b8\">\n                        \n<h3 style=\"font-size: 27px;line-height: 37px;font-weight: bold;color: #fff;margin-top: 0\">Erhalte regelm\u00e4ssig Motivation &amp; Mehrwert zum Thema Leadership.<\/h3>\n<h5 class=\"text-dimmer font-italic\" style=\"color: #fff\">Melde dich zum Newsletter an. (Kein Spam \u2013 versprochen!)<\/h5>\n\n                    <\/div>\n                <\/div><\/div><\/div><\/div><div class=\"wpb_column vc_column_container vc_col-sm-1\"><div class=\"vc_column-inner\"><div class=\"wpb_wrapper\"><\/div><\/div><\/div><div class=\"wpb_column vc_column_container vc_col-sm-5\"><div class=\"vc_column-inner\"><div class=\"wpb_wrapper\"><div class=\"vc_empty_space  visible-xs\"   style=\"height: 32px\"><span class=\"vc_empty_space_inner\"><\/span><\/div>\n<div class=\"wpcf7 no-js\" id=\"wpcf7-f463-o1\" lang=\"en\" dir=\"ltr\" data-wpcf7-id=\"463\">\n<div class=\"screen-reader-response\"><p role=\"status\" aria-live=\"polite\" aria-atomic=\"true\"><\/p> <ul><\/ul><\/div>\n<form action=\"\/en\/wp-json\/wp\/v2\/pages\/1272#wpcf7-f463-o1\" method=\"post\" class=\"wpcf7-form init\" aria-label=\"Contact form\" novalidate=\"novalidate\" data-status=\"init\">\n<fieldset class=\"hidden-fields-container\"><input type=\"hidden\" name=\"_wpcf7\" value=\"463\" \/><input type=\"hidden\" name=\"_wpcf7_version\" value=\"6.1.5\" \/><input type=\"hidden\" name=\"_wpcf7_locale\" value=\"en\" \/><input type=\"hidden\" name=\"_wpcf7_unit_tag\" value=\"wpcf7-f463-o1\" \/><input type=\"hidden\" name=\"_wpcf7_container_post\" value=\"0\" \/><input type=\"hidden\" name=\"_wpcf7_posted_data_hash\" value=\"\" \/><input type=\"hidden\" name=\"_wpcf7_recaptcha_response\" value=\"\" \/>\n<\/fieldset>\n<div class=\"subscribe-form\">\n\t<p><span class=\"wpcf7-form-control-wrap\" data-name=\"your-email\"><input size=\"40\" maxlength=\"400\" class=\"wpcf7-form-control wpcf7-email wpcf7-validates-as-required wpcf7-text wpcf7-validates-as-email subscribe-input\" aria-required=\"true\" aria-invalid=\"false\" placeholder=\"deinname@email.com\" value=\"\" type=\"email\" name=\"your-email\" \/><\/span><br \/>\n<span class=\"wpcf7-form-control-wrap\" data-name=\"acceptance-248\"><span class=\"wpcf7-form-control wpcf7-acceptance\"><span class=\"wpcf7-list-item\"><label><input type=\"checkbox\" name=\"acceptance-248\" value=\"1\" aria-invalid=\"false\" \/><span class=\"wpcf7-list-item-label\"><span style=\"color:white\">Ich nehme die <a href=\"\/datenschutzerklaerung\" target=\"_blank\">Datenschutzerkl\u00e4rung<\/a> zur Kenntnis<\/span><\/span><\/label><\/span><\/span><\/span><br \/>\n<input class=\"wpcf7-form-control wpcf7-submit has-spinner subscribe-btn btn\" type=\"submit\" value=\"Anmelden\" \/>\n\t<\/p>\n<\/div><div class=\"wpcf7-response-output\" aria-hidden=\"true\"><\/div>\n<\/form>\n<\/div>\n<\/div><\/div><\/div><\/div> \n            <\/div> \n        <\/div>\n    <\/div><\/div>\n<div class=\"vc_row-full-width vc_clearfix\"><\/div>\n<\/div>","protected":false},"excerpt":{"rendered":"Kostenlose F\u00fchrungsanalyseBuche jetzt einen Termin Kostenloser TerminIch freue mich auf ein Kennenlernen Nutze die Gelegenheit f\u00fcr eine kostenlose F\u00fchrungsanalyse und entdecke dein volles Potenzial als F\u00fchrungskraft. Mit meiner Erfahrung und Expertise helfe ich dir, deine St\u00e4rken zu erkennen und gezielt weiterzuentwickeln. Starte jetzt und mache den ersten Schritt zu deinem F\u00fchrungserfolg! Im ersten Schritt nehmen [...]","protected":false},"author":2,"featured_media":1255,"parent":744,"menu_order":0,"comment_status":"closed","ping_status":"closed","template":"","meta":{"_acf_changed":false,"footnotes":""},"class_list":["post-1272","page","type-page","status-publish","has-post-thumbnail","hentry"],"acf":[],"_links":{"self":[{"href":"https:\/\/corinnesteiner.com\/en\/wp-json\/wp\/v2\/pages\/1272","targetHints":{"allow":["GET"]}}],"collection":[{"href":"https:\/\/corinnesteiner.com\/en\/wp-json\/wp\/v2\/pages"}],"about":[{"href":"https:\/\/corinnesteiner.com\/en\/wp-json\/wp\/v2\/types\/page"}],"author":[{"embeddable":true,"href":"https:\/\/corinnesteiner.com\/en\/wp-json\/wp\/v2\/users\/2"}],"replies":[{"embeddable":true,"href":"https:\/\/corinnesteiner.com\/en\/wp-json\/wp\/v2\/comments?post=1272"}],"version-history":[{"count":14,"href":"https:\/\/corinnesteiner.com\/en\/wp-json\/wp\/v2\/pages\/1272\/revisions"}],"predecessor-version":[{"id":2225,"href":"https:\/\/corinnesteiner.com\/en\/wp-json\/wp\/v2\/pages\/1272\/revisions\/2225"}],"up":[{"embeddable":true,"href":"https:\/\/corinnesteiner.com\/en\/wp-json\/wp\/v2\/pages\/744"}],"wp:featuredmedia":[{"embeddable":true,"href":"https:\/\/corinnesteiner.com\/en\/wp-json\/wp\/v2\/media\/1255"}],"wp:attachment":[{"href":"https:\/\/corinnesteiner.com\/en\/wp-json\/wp\/v2\/media?parent=1272"}],"curies":[{"name":"wp","href":"https:\/\/api.w.org\/{rel}","templated":true}]}}