{"id":1396,"date":"2025-04-03T13:21:36","date_gmt":"2025-04-03T11:21:36","guid":{"rendered":"https:\/\/corinnesteiner.landeseite.at\/?page_id=1396"},"modified":"2025-04-03T13:21:36","modified_gmt":"2025-04-03T11:21:36","slug":"1396-2sds","status":"publish","type":"page","link":"https:\/\/corinnesteiner.com\/en\/1396-2sds\/","title":{"rendered":""},"content":{"rendered":"<div class=\"wpb-content-wrapper\"><p><style>[data-bg-color-6a0687aa1abc2]:before { content: \"\"; position: absolute; background: linear-gradient(to right, rgba(40, 50, 59, 1) 20%, rgba(40, 50, 59, 0.81) 35%, rgba(40, 50, 59, 0) 100%);; height: 100%; width: 100%; top: 0; left: 0; z-index: 1; } .data-bg-color-6a0687aa1abc2.vc_row.vc_row-flex::after, .vc_row.vc_row-flex::before { display: inherit; } .data-bg-color-6a0687aa1abc2.vc_row:after, .vc_row:before { content: \" \"; display: inherit; }<\/style><div data-vc-full-width=\"true\" data-vc-full-width-init=\"false\" class=\"vc_row wpb_row vc_row-fluid content-dark data-bg-color-6a0687aa1abc2 vc_custom_1719498265885 vc_row-has-fill row-z-index-6a0687aa1abc2\" data-bg-overlay=\"9\"  data-bg-color-6a0687aa1abc2=\"9\" ><style><\/style><div class=\"wpb_column vc_column_container content-dark vc_col-sm-2 column-z-index-6a0687aa1af19\"> \n        <div class=\"vc_column-inner \"> \n            <div class=\"wpb_wrapper\"> \n            <\/div> \n        <\/div>\n    <\/div><style><\/style><div class=\"text-center wpb_column vc_column_container content-dark vc_col-sm-8 column-z-index-6a0687aa1b34e\"> \n        <div class=\"vc_column-inner vc_custom_1606026770223\"> \n            <div class=\"wpb_wrapper\"><style>#slcr_custom_heading_6a0687aa1baa0{ font-size: 14px;color: #ffffff;line-height: 1.2;text-align: center;  }<\/style><p id=\"slcr_custom_heading_6a0687aa1baa0\" class=\"vc_custom_heading sub-heading single white center font-800\" >\u00dcber mich<\/p><style>#slcr_custom_heading_6a0687aa1bcbf{ font-size: 40px;color: #ffffff;text-align: center;  }<\/style><h1 id=\"slcr_custom_heading_6a0687aa1bcbf\" class=\"vc_custom_heading vc_custom_1718287857099 font-700\" >Meine Reise zur Selbstf\u00fchrung<br \/>\nund zum Coaching<\/h1> \n            <\/div> \n        <\/div>\n    <\/div><style><\/style><div class=\"wpb_column vc_column_container content-dark vc_col-sm-2 column-z-index-6a0687aa1bd79\"> \n        <div class=\"vc_column-inner \"> \n            <div class=\"wpb_wrapper\"> \n            <\/div> \n        <\/div>\n    <\/div><\/div>\n<div class=\"vc_row-full-width vc_clearfix\"><\/div>\n<style><\/style><div class=\"vc_row wpb_row vc_row-fluid content-dark data-bg-color-6a0687aa1bfd0 row-z-index-6a0687aa1bfd0\" ><style><\/style><div class=\"wpb_column vc_column_container content-dark vc_col-sm-8 column-z-index-6a0687aa1c0f3\"> \n        <div class=\"vc_column-inner \"> \n            <div class=\"wpb_wrapper\">            <div class=\"blog__wrap\">\n                <div class=\"blog-grid-size blog__item\" data-iso-blog=\"2\"><\/div>                            <!-- BlOG ITEM -->\n                            <div class=\"vc_col-md-12 blog__item vc_col-sm-6 vc_col-xs-12  large\">\n                                <article class=\"blog__card-02 has-image post-2340 post type-post status-publish format-standard has-post-thumbnail hentry category-allgemein category-publikationen\">\n                                    <div class=\"post__image\">\n                                                                                    <img decoding=\"async\" src=\"https:\/\/corinnesteiner.com\/wp-content\/uploads\/2024\/11\/halbtages_workshop_banner.png\" alt=\"Fachartikel\">\n                                                                            <\/div>\n                                    <div class=\"meta__container\">\n                                        <div class=\"post__info\">\n                                            <span class=\"post__category\">Allgemein , Publikationen (Buch\/Artikel)                                            <\/span>\n                                            <span class=\"time__count\">\n                                                1&nbsp; min read                                            <\/span>\n                                            <a href=\"https:\/\/corinnesteiner.com\/en\/fachartikel\/\" class=\"post__title\">\n                                                <h3>Fachartikel<\/h3>\n                                            <\/a>  \n                                            <p><p>Hier findest du von mir publizierte Artikel in renommierten Magazinen wie&nbsp;Thrive Global,&nbsp;Training Industry,&nbsp;Talented Ladies Club&nbsp;und&nbsp;Start your Business Magazin. Links zu den Artikeln: Top 10 Inspiring Women Who Are Rocking The Global Business World!The Business Woman Today \u00b7 2. Jan. 2020 Seven ways you can thrive emotionally \u2013 by being more like your childrenTalented Ladies Club [&hellip;]<\/p>\n<\/p> \n                                        <\/div>\n                                        <div class=\"author__info\">\n                                            <div class=\"author__avatar\">\n                                                <img alt='' src='https:\/\/secure.gravatar.com\/avatar\/7a4fbed63198dade07d94aa9ce70c1be9e738ab762e724b8d9013c30add1375b?s=96&#038;d=mm&#038;r=g' srcset='https:\/\/secure.gravatar.com\/avatar\/7a4fbed63198dade07d94aa9ce70c1be9e738ab762e724b8d9013c30add1375b?s=96&#038;d=mm&#038;r=g 2x' class='avatar avatar-96 photo' height='96' width='96' \/>                                            <\/div>\n                                            <div class=\"author__bio\">\n                                                <div class=\"author__title\">\n                                                    <a href=\"https:\/\/corinnesteiner.com\/en\/author\/cs-admin\/\" class=\"primary-font\" title=\"Posts by Corinne Steiner\" rel=\"author\">Corinne Steiner                                                    <\/a>\n                                                <\/div>\n                                                <span class=\"post__meta\">Feb 19, 2025 \n                                                <\/span>\n                                            <\/div>\n                                        <\/div>\n                                    <\/div>\n                                <\/article>\n                            <\/div>\n                                                        <!-- BlOG ITEM -->\n                            <div class=\"vc_col-md-12 blog__item vc_col-sm-6 vc_col-xs-12  large\">\n                                <article class=\"blog__card-02 has-image post-2100 post type-post status-publish format-standard has-post-thumbnail hentry category-pdf-dokumente\">\n                                    <div class=\"post__image\">\n                                                                                    <img decoding=\"async\" src=\"https:\/\/corinnesteiner.com\/wp-content\/uploads\/2024\/12\/bright-man-looking-up-in-enlightenment-2023-11-27-04-50-29-utc-scaled.jpg\" alt=\"AHA Momente\">\n                                                                            <\/div>\n                                    <div class=\"meta__container\">\n                                        <div class=\"post__info\">\n                                            <span class=\"post__category\">PDF Dokumente                                            <\/span>\n                                            <span class=\"time__count\">\n                                                1&nbsp; min read                                            <\/span>\n                                            <a href=\"https:\/\/corinnesteiner.com\/en\/aha-momente\/\" class=\"post__title\">\n                                                <h3>AHA Momente<\/h3>\n                                            <\/a>  \n                                            <p><p>AHA Moment Nr. 1 AHA Moment Nr. 2 AHA Moment Nr. 3 AHA Moment Start Post<\/p>\n<\/p> \n                                        <\/div>\n                                        <div class=\"author__info\">\n                                            <div class=\"author__avatar\">\n                                                <img alt='' src='https:\/\/secure.gravatar.com\/avatar\/7a4fbed63198dade07d94aa9ce70c1be9e738ab762e724b8d9013c30add1375b?s=96&#038;d=mm&#038;r=g' srcset='https:\/\/secure.gravatar.com\/avatar\/7a4fbed63198dade07d94aa9ce70c1be9e738ab762e724b8d9013c30add1375b?s=96&#038;d=mm&#038;r=g 2x' class='avatar avatar-96 photo' height='96' width='96' \/>                                            <\/div>\n                                            <div class=\"author__bio\">\n                                                <div class=\"author__title\">\n                                                    <a href=\"https:\/\/corinnesteiner.com\/en\/author\/cs-admin\/\" class=\"primary-font\" title=\"Posts by Corinne Steiner\" rel=\"author\">Corinne Steiner                                                    <\/a>\n                                                <\/div>\n                                                <span class=\"post__meta\">Dec 12, 2024 \n                                                <\/span>\n                                            <\/div>\n                                        <\/div>\n                                    <\/div>\n                                <\/article>\n                            <\/div>\n                                                        <!-- BlOG ITEM -->\n                            <div class=\"vc_col-md-12 blog__item vc_col-sm-6 vc_col-xs-12  large\">\n                                <article class=\"blog__card-02 has-image post-2076 post type-post status-publish format-standard has-post-thumbnail hentry category-leadership\">\n                                    <div class=\"post__image\">\n                                                                                    <img decoding=\"async\" src=\"https:\/\/corinnesteiner.com\/wp-content\/uploads\/2025\/01\/leadership-nugget-min.png\" alt=\"Warum Investitionen in Ihre MitarbeiterInnen ein Muss f\u00fcr die Zukunft sind!\">\n                                                                            <\/div>\n                                    <div class=\"meta__container\">\n                                        <div class=\"post__info\">\n                                            <span class=\"post__category\">Leadership                                            <\/span>\n                                            <span class=\"time__count\">\n                                                5&nbsp; min read                                            <\/span>\n                                            <a href=\"https:\/\/corinnesteiner.com\/en\/warum-investitionen-in-ihre-mitarbeiterinnen-ein-muss-fuer-die-zukunft-sind-2\/\" class=\"post__title\">\n                                                <h3>Warum Investitionen in Ihre MitarbeiterInnen ein Muss f\u00fcr die Zukunft sind!<\/h3>\n                                            <\/a>  \n                                            <p><p>In einer Vorstandssitzung \u00e4usserte der Personalchef zum Gesch\u00e4ftsf\u00fchrer die Bedenken: \u201eStellen Sie sich vor, wir investieren in unsere MitarbeiterInnen und sie gehen.\u201c Der Gesch\u00e4ftsf\u00fchrer entgegnete: \u201eDas w\u00e4re schlimm! Aber stellen Sie sich vor, wir investieren nicht in unsere MitarbeiterInnen und sie bleiben!\u201c Dieser Dialog zeigt eindr\u00fccklich die Dringlichkeit und den Wert von Investitionen in die [&hellip;]<\/p>\n<\/p> \n                                        <\/div>\n                                        <div class=\"author__info\">\n                                            <div class=\"author__avatar\">\n                                                <img alt='' src='https:\/\/secure.gravatar.com\/avatar\/7a4fbed63198dade07d94aa9ce70c1be9e738ab762e724b8d9013c30add1375b?s=96&#038;d=mm&#038;r=g' srcset='https:\/\/secure.gravatar.com\/avatar\/7a4fbed63198dade07d94aa9ce70c1be9e738ab762e724b8d9013c30add1375b?s=96&#038;d=mm&#038;r=g 2x' class='avatar avatar-96 photo' height='96' width='96' \/>                                            <\/div>\n                                            <div class=\"author__bio\">\n                                                <div class=\"author__title\">\n                                                    <a href=\"https:\/\/corinnesteiner.com\/en\/author\/cs-admin\/\" class=\"primary-font\" title=\"Posts by Corinne Steiner\" rel=\"author\">Corinne Steiner                                                    <\/a>\n                                                <\/div>\n                                                <span class=\"post__meta\">Dec 12, 2024 \n                                                <\/span>\n                                            <\/div>\n                                        <\/div>\n                                    <\/div>\n                                <\/article>\n                            <\/div>\n                                                        <!-- BlOG ITEM -->\n                            <div class=\"vc_col-md-12 blog__item vc_col-sm-6 vc_col-xs-12  large\">\n                                <article class=\"blog__card-02 has-image post-1076 post type-post status-publish format-standard has-post-thumbnail hentry category-coaching\">\n                                    <div class=\"post__image\">\n                                                                                    <img decoding=\"async\" src=\"https:\/\/corinnesteiner.com\/wp-content\/uploads\/2024\/12\/coaching-als-Fuehrungsmethode-scaled.jpg\" alt=\"Coaching als F\u00fchrungsmethode: Der Weg zu moderner und menschlicher F\u00fchrung\">\n                                                                            <\/div>\n                                    <div class=\"meta__container\">\n                                        <div class=\"post__info\">\n                                            <span class=\"post__category\">Coaching                                            <\/span>\n                                            <span class=\"time__count\">\n                                                7&nbsp; min read                                            <\/span>\n                                            <a href=\"https:\/\/corinnesteiner.com\/en\/coaching-als-fuehrungsmethode-der-weg-zu-moderner-und-menschlicher-fuehrung\/\" class=\"post__title\">\n                                                <h3>Coaching als F\u00fchrungsmethode: Der Weg zu moderner und menschlicher F\u00fchrung<\/h3>\n                                            <\/a>  \n                                            <p><p>In der dynamischen Gesch\u00e4ftswelt von heute wird die Rolle von F\u00fchrungskr\u00e4ften immer wichtiger und komplexer. Traditionelle F\u00fchrungsstile, die auf Kontrolle und strikte Hierarchien setzen, sind nicht mehr zeitgem\u00e4ss. Die Zeiten, in denen F\u00fchrungskr\u00e4fte als alleinige Entscheider und unantastbare Autorit\u00e4ten agierten, sind vorbei. Stattdessen gewinnen Ans\u00e4tze an Bedeutung, die auf Vertrauen, Unterst\u00fctzung und pers\u00f6nliche Weiterentwicklung setzen. [&hellip;]<\/p>\n<\/p> \n                                        <\/div>\n                                        <div class=\"author__info\">\n                                            <div class=\"author__avatar\">\n                                                <img alt='' src='https:\/\/secure.gravatar.com\/avatar\/7a4fbed63198dade07d94aa9ce70c1be9e738ab762e724b8d9013c30add1375b?s=96&#038;d=mm&#038;r=g' srcset='https:\/\/secure.gravatar.com\/avatar\/7a4fbed63198dade07d94aa9ce70c1be9e738ab762e724b8d9013c30add1375b?s=96&#038;d=mm&#038;r=g 2x' class='avatar avatar-96 photo' height='96' width='96' \/>                                            <\/div>\n                                            <div class=\"author__bio\">\n                                                <div class=\"author__title\">\n                                                    <a href=\"https:\/\/corinnesteiner.com\/en\/author\/cs-admin\/\" class=\"primary-font\" title=\"Posts by Corinne Steiner\" rel=\"author\">Corinne Steiner                                                    <\/a>\n                                                <\/div>\n                                                <span class=\"post__meta\">May 7, 2024 \n                                                <\/span>\n                                            <\/div>\n                                        <\/div>\n                                    <\/div>\n                                <\/article>\n                            <\/div>\n                                        <\/div>\n            <p class=\"wpcf7-contact-form-not-found\"><strong>Error:<\/strong> Contact form not found.<\/p> \n            <\/div> \n        <\/div>\n    <\/div><style><\/style><div class=\"wpb_column vc_column_container content-dark vc_col-sm-4 column-z-index-6a0687aa22308\"> \n        <div class=\"vc_column-inner \"> \n            <div class=\"wpb_wrapper\"><div  class=\"wpb_widgetised_column wpb_content_element\">\n\t\t<div class=\"wpb_wrapper\">\n\t\t\t\n\t\t\t<div id=\"search-1\" class=\"widget widget_search\"><h3 class=\"title\">Search<\/h3>\n<div class=\"search\">\n\t<form class=\"searchform form-group\" role=\"search\" method=\"get\" id=\"searchform_widget\" action=\"https:\/\/corinnesteiner.com\/en\/\">\n\t\t<div>\n\t\t\t<input type=\"text\"  class=\"form-control\" placeholder=\"Search\" value=\"\" name=\"s\" id=\"s\">\n\t\t\t<button type=\"submit\" id=\"searchsubmit\" class=\"btn search_btn   \"\n\t\t\tvalue=\"Search\"> <i class=\"icon_search\"><\/i> <\/button>\n\t\t<\/div>\n\t<\/form>\n<\/div><\/div><div id=\"block-7\" class=\"widget widget_block widget_categories\"><ul class=\"wp-block-categories-list wp-block-categories\">\t<li class=\"cat-item cat-item-1\"><a href=\"https:\/\/corinnesteiner.com\/en\/category\/allgemein\/\">Allgemein<\/a>\n<\/li>\n\t<li class=\"cat-item cat-item-28\"><a href=\"https:\/\/corinnesteiner.com\/en\/category\/coaching\/\">Coaching<\/a>\n<\/li>\n\t<li class=\"cat-item cat-item-23\"><a href=\"https:\/\/corinnesteiner.com\/en\/category\/leadership\/\">Leadership<\/a>\n<\/li>\n\t<li class=\"cat-item cat-item-27\"><a href=\"https:\/\/corinnesteiner.com\/en\/category\/pdf-dokumente\/\">PDF Dokumente<\/a>\n<\/li>\n\t<li class=\"cat-item cat-item-29\"><a href=\"https:\/\/corinnesteiner.com\/en\/category\/publikationen\/\">Publikationen (Buch\/Artikel)<\/a>\n<\/li>\n<\/ul><\/div>\n\t\t<\/div>\n\t<\/div>\n \n            <\/div> \n        <\/div>\n    <\/div><\/div>\n<\/div>","protected":false},"excerpt":{"rendered":"In der dynamischen Gesch\u00e4ftswelt von heute wird die Rolle von F\u00fchrungskr\u00e4ften immer wichtiger und komplexer. Traditionelle F\u00fchrungsstile, die auf Kontrolle und strikte Hierarchien setzen, sind nicht mehr zeitgem\u00e4ss. Die Zeiten, in denen F\u00fchrungskr\u00e4fte als alleinige Entscheider und unantastbare Autorit\u00e4ten agierten, sind vorbei. Stattdessen gewinnen Ans\u00e4tze an Bedeutung, die auf Vertrauen, Unterst\u00fctzung und pers\u00f6nliche Weiterentwicklung setzen. [...]","protected":false},"author":1,"featured_media":0,"parent":0,"menu_order":0,"comment_status":"closed","ping_status":"closed","template":"","meta":{"_acf_changed":false,"footnotes":""},"class_list":["post-1396","page","type-page","status-publish","hentry"],"acf":[],"_links":{"self":[{"href":"https:\/\/corinnesteiner.com\/en\/wp-json\/wp\/v2\/pages\/1396","targetHints":{"allow":["GET"]}}],"collection":[{"href":"https:\/\/corinnesteiner.com\/en\/wp-json\/wp\/v2\/pages"}],"about":[{"href":"https:\/\/corinnesteiner.com\/en\/wp-json\/wp\/v2\/types\/page"}],"author":[{"embeddable":true,"href":"https:\/\/corinnesteiner.com\/en\/wp-json\/wp\/v2\/users\/1"}],"replies":[{"embeddable":true,"href":"https:\/\/corinnesteiner.com\/en\/wp-json\/wp\/v2\/comments?post=1396"}],"version-history":[{"count":7,"href":"https:\/\/corinnesteiner.com\/en\/wp-json\/wp\/v2\/pages\/1396\/revisions"}],"predecessor-version":[{"id":2208,"href":"https:\/\/corinnesteiner.com\/en\/wp-json\/wp\/v2\/pages\/1396\/revisions\/2208"}],"wp:attachment":[{"href":"https:\/\/corinnesteiner.com\/en\/wp-json\/wp\/v2\/media?parent=1396"}],"curies":[{"name":"wp","href":"https:\/\/api.w.org\/{rel}","templated":true}]}}