{"id":1533,"date":"2024-10-29T11:51:16","date_gmt":"2024-10-29T10:51:16","guid":{"rendered":"https:\/\/corinnesteiner.landeseite.at\/?page_id=1533"},"modified":"2025-05-06T14:47:58","modified_gmt":"2025-05-06T12:47:58","slug":"coaching-fuer-fuehrungsmethode","status":"publish","type":"page","link":"https:\/\/corinnesteiner.com\/en\/angebote\/coaching-fuer-fuehrungsmethode\/","title":{"rendered":"Coaching als F\u00fchrungsmethode"},"content":{"rendered":"<div class=\"wpb-content-wrapper\"><p><style><\/style><div class=\"vc_row wpb_row vc_row-fluid content-dark data-bg-color-69dee88d12653 row-z-index-69dee88d12653\" ><style><\/style><div class=\"wpb_column vc_column_container content-dark vc_col-sm-12 column-z-index-69dee88d1299c\"> \n        <div class=\"vc_column-inner \"> \n            <div class=\"wpb_wrapper\"><style>#slcr_custom_heading_69dee88d1330b{ font-size: 18px;text-align: left;  }<\/style><p id=\"slcr_custom_heading_69dee88d1330b\" class=\"vc_custom_heading font-600\" >Erlebe, wie Coaching deine F\u00fchrungskompetenzen transformieren kann und werde zum Vorbild f\u00fcr ein Team.<\/p><style>#slcr_custom_heading_69dee88d134a3{ text-align: left;  }<\/style><p id=\"slcr_custom_heading_69dee88d134a3\" class=\"vc_custom_heading font-400\" >Dieses Training vermittelt praktische Coaching-Techniken, die sofort in der eigenen Mitarbeiterf\u00fchrung anwendet werden k\u00f6nnen, um effektiver und erfolgreicher \u00fcber Fragen zu f\u00fchren.<\/p><div class=\"vc_separator wpb_content_element vc_separator_align_center vc_sep_width_100 vc_sep_pos_align_center vc_separator_no_text vc_custom_1606374141624 wpb_content_element  vc_custom_1606374141624 wpb_content_element\" ><span class=\"vc_sep_holder vc_sep_holder_l\"><span style=\"border-color:#eeeeee;\" class=\"vc_sep_line\"><\/span><\/span><span class=\"vc_sep_holder vc_sep_holder_r\"><span style=\"border-color:#eeeeee;\" class=\"vc_sep_line\"><\/span><\/span>\n<\/div> \n            <\/div> \n        <\/div>\n    <\/div><\/div><style><\/style><div class=\"vc_row wpb_row vc_row-fluid content-dark data-bg-color-69dee88d13942 row-z-index-69dee88d13942\" ><style><\/style><div class=\"wpb_column vc_column_container content-dark vc_col-sm-12 column-z-index-69dee88d13a8b\"> \n        <div class=\"vc_column-inner \"> \n            <div class=\"wpb_wrapper\"><style>#slcr_custom_heading_69dee88d13cf5{ font-size: 27px;line-height: 35px;text-align: left;  }<\/style><h3 id=\"slcr_custom_heading_69dee88d13cf5\" class=\"vc_custom_heading font-700\" >Warum Coaching als F\u00fchrungsmethode wichtig ist<\/h3><style>#slcr_custom_heading_69dee88d13e4d{ text-align: left;  }<\/style><p id=\"slcr_custom_heading_69dee88d13e4d\" class=\"vc_custom_heading font-400\" >Coaching hat sich als eine der wirkungsvollsten Methoden etabliert, um F\u00fchrungskr\u00e4fte dabei zu unterst\u00fctzten, ihr volles Potenzial auszusch\u00f6pfen und Team erfolgreich zu f\u00fchren. Hier sind die wesentlichen Gr\u00fcnde, warum Coaching in der F\u00fchrung so wertvoll und hilfreich ist<\/p><div class=\"vc_tta-container\" data-vc-action=\"collapse\"> <div class=\"vc_general vc_tta vc_tta-accordion vc_tta-color-grey vc_tta-style-classic vc_tta-shape-rounded vc_tta-o-shape-group vc_tta-controls-align-left\">  <div class=\"vc_tta-panels-container\">          <div class=\"vc_tta-panels\"><div class=\"vc_tta-panel vc_active\" id=\"1730198719114-fe395b30-3b84\" data-vc-content=\".vc_tta-panel-body\"><div class=\"vc_tta-panel-heading\"><h4 class=\"vc_tta-panel-title vc_tta-controls-icon-position-left\"><a href=\"#1730198719114-fe395b30-3b84\" data-vc-accordion data-vc-container=\".vc_tta-container\"><span class=\"vc_tta-title-text\">Individuelle Entwicklung f\u00f6rdern<\/span><i class=\"vc_tta-icon fas fa-angle-down\"><\/i><i class=\"vc_tta-controls-icon vc_tta-controls-icon-plus\"><\/i><\/a><\/h4><\/div><div class=\"vc_tta-panel-body\"><style>#slcr_custom_heading_69dee88d20881{ text-align: left;  }<\/style><p id=\"slcr_custom_heading_69dee88d20881\" class=\"vc_custom_heading font-400\" >Coaching erm\u00f6glicht es F\u00fchrungskr\u00e4ften, die individuellen St\u00e4rken und Schw\u00e4chen ihrer Mitarbeiter zu erkennen und gezielt zu f\u00f6rdern. Dies f\u00fchrt zu einer personalisierten Weiterentwicklung, die sowohl die Leistungsf\u00e4higkeit des Einzelnen als auch des gesamten Teams steigert.<\/p><\/div><\/div><div class=\"vc_tta-panel\" id=\"1730198719121-8a6de43a-37d9\" data-vc-content=\".vc_tta-panel-body\"><div class=\"vc_tta-panel-heading\"><h4 class=\"vc_tta-panel-title vc_tta-controls-icon-position-left\"><a href=\"#1730198719121-8a6de43a-37d9\" data-vc-accordion data-vc-container=\".vc_tta-container\"><span class=\"vc_tta-title-text\">F\u00f6rderung von Selbstverantwortung<\/span><i class=\"vc_tta-icon fas fa-angle-down\"><\/i><i class=\"vc_tta-controls-icon vc_tta-controls-icon-plus\"><\/i><\/a><\/h4><\/div><div class=\"vc_tta-panel-body\"><style>#slcr_custom_heading_69dee88d20b55{ text-align: left;  }<\/style><p id=\"slcr_custom_heading_69dee88d20b55\" class=\"vc_custom_heading font-400\" >Durch Coaching lernen Mitarbeiter, selbstverantwortlich zu arbeiten und eigene L\u00f6sungen zu entwickeln. Dies f\u00fchrt zu mehr Eigenmotivation und Engagement, was sich positiv auf die Mitarbeiterzufriedenheit, die Teamdynamik, die Zusammenarbeit und letztendlich auf den Erfolg des Teams und der Organisation auswirkt.<\/p><\/div><\/div><div class=\"vc_tta-panel\" id=\"1730198855523-a397699b-a2f1\" data-vc-content=\".vc_tta-panel-body\"><div class=\"vc_tta-panel-heading\"><h4 class=\"vc_tta-panel-title vc_tta-controls-icon-position-left\"><a href=\"#1730198855523-a397699b-a2f1\" data-vc-accordion data-vc-container=\".vc_tta-container\"><span class=\"vc_tta-title-text\">Verbesserte Kommunikationsf\u00e4higkeit<\/span><i class=\"vc_tta-icon fas fa-angle-down\"><\/i><i class=\"vc_tta-controls-icon vc_tta-controls-icon-plus\"><\/i><\/a><\/h4><\/div><div class=\"vc_tta-panel-body\"><style>#slcr_custom_heading_69dee88d20db1{ text-align: left;  }<\/style><p id=\"slcr_custom_heading_69dee88d20db1\" class=\"vc_custom_heading font-400\" >Coaching hilft F\u00fchrungskr\u00e4ften, effektive Kommunikationstechniken zu entwickeln, um klarer und empathischer mit ihrem Team zu kommunizieren. Dies reduziert Missverst\u00e4ndnisse und Konflikte und f\u00f6rdert eine offene und produktive Arbeitsatmosph\u00e4re.<\/p><\/div><\/div><div class=\"vc_tta-panel\" id=\"1730198896936-b446dfd7-e663\" data-vc-content=\".vc_tta-panel-body\"><div class=\"vc_tta-panel-heading\"><h4 class=\"vc_tta-panel-title vc_tta-controls-icon-position-left\"><a href=\"#1730198896936-b446dfd7-e663\" data-vc-accordion data-vc-container=\".vc_tta-container\"><span class=\"vc_tta-title-text\">L\u00f6sungsorientiertes Denken st\u00e4rken<\/span><i class=\"vc_tta-icon fas fa-angle-down\"><\/i><i class=\"vc_tta-controls-icon vc_tta-controls-icon-plus\"><\/i><\/a><\/h4><\/div><div class=\"vc_tta-panel-body\"><style>#slcr_custom_heading_69dee88d21004{ text-align: left;  }<\/style><p id=\"slcr_custom_heading_69dee88d21004\" class=\"vc_custom_heading font-400\" >Coaching f\u00f6rdert eine l\u00f6sungsorientierte Denkweise, die es F\u00fchrungskr\u00e4ften und ihren Mitarbeitenden erm\u00f6glicht, Herausforderungen konstruktiv zu begegnen und innovative L\u00f6sungen zu finden. Dies verbessert die Probleml\u00f6sungsf\u00e4higkeiten und tr\u00e4gt zur Erreichung der Unternehmensziele bei.<\/p><\/div><\/div><div class=\"vc_tta-panel\" id=\"1730198933954-c2b18e39-7e08\" data-vc-content=\".vc_tta-panel-body\"><div class=\"vc_tta-panel-heading\"><h4 class=\"vc_tta-panel-title vc_tta-controls-icon-position-left\"><a href=\"#1730198933954-c2b18e39-7e08\" data-vc-accordion data-vc-container=\".vc_tta-container\"><span class=\"vc_tta-title-text\">Langfristiger Erfolg<\/span><i class=\"vc_tta-icon fas fa-angle-down\"><\/i><i class=\"vc_tta-controls-icon vc_tta-controls-icon-plus\"><\/i><\/a><\/h4><\/div><div class=\"vc_tta-panel-body\"><style>#slcr_custom_heading_69dee88d21259{ text-align: left;  }<\/style><p id=\"slcr_custom_heading_69dee88d21259\" class=\"vc_custom_heading font-400\" >Durch die Anwendung von Coaching-Techniken k\u00f6nnen F\u00fchrungskr\u00e4fte nachhaltige Ver\u00e4nderungen in ihrer F\u00fchrungskompetenz herbeif\u00fchren. Dies tr\u00e4gt nicht nur zur pers\u00f6nlichen Entwicklung bei, sondern auch zur vertrauensvolleren Zusammenarbeit, mehr Mitarbeiterzufriedenheit und langfristigen Entwicklung und Stabilit\u00e4t des gesamten Unternehmens.<\/p><\/div><\/div><div class=\"vc_tta-panel\" id=\"1730198966378-9490d54b-ca5e\" data-vc-content=\".vc_tta-panel-body\"><div class=\"vc_tta-panel-heading\"><h4 class=\"vc_tta-panel-title vc_tta-controls-icon-position-left\"><a href=\"#1730198966378-9490d54b-ca5e\" data-vc-accordion data-vc-container=\".vc_tta-container\"><span class=\"vc_tta-title-text\">F\u00fchrungskraft agiert als Multiplikator<\/span><i class=\"vc_tta-icon fas fa-angle-down\"><\/i><i class=\"vc_tta-controls-icon vc_tta-controls-icon-plus\"><\/i><\/a><\/h4><\/div><div class=\"vc_tta-panel-body\"><style>#slcr_custom_heading_69dee88d214a7{ text-align: left;  }<\/style><p id=\"slcr_custom_heading_69dee88d214a7\" class=\"vc_custom_heading font-400\" >Die gest\u00e4rkten F\u00fchrungskr\u00e4fte agieren als Multiplikatoren, indem sie durch wirksames Coaching in der F\u00fchrung die Entwicklung der Mitarbeitenden vorantreiben und dadurch ein positives Arbeitsumfeld schaffen. Das Unternehmen bleibt langfristig erfolgreich und im besten Fall tr\u00e4gt dieses Programm zur Entwicklung Ihrer Unternehmenskultur bei.<\/p><\/div><\/div><div class=\"vc_tta-panel\" id=\"1738239030308-4be266e1-7685\" data-vc-content=\".vc_tta-panel-body\"><div class=\"vc_tta-panel-heading\"><h4 class=\"vc_tta-panel-title vc_tta-controls-icon-position-left\"><a href=\"#1738239030308-4be266e1-7685\" data-vc-accordion data-vc-container=\".vc_tta-container\"><span class=\"vc_tta-title-text\">Inhaltsbereich<\/span><i class=\"vc_tta-controls-icon vc_tta-controls-icon-plus\"><\/i><\/a><\/h4><\/div><div class=\"vc_tta-panel-body\"><\/div><\/div>         <\/div>  <\/div>  <\/div> <\/div><div class=\"vc_separator wpb_content_element vc_separator_align_center vc_sep_width_100 vc_sep_pos_align_center vc_separator_no_text vc_custom_1606374141624 wpb_content_element  vc_custom_1606374141624 wpb_content_element\" ><span class=\"vc_sep_holder vc_sep_holder_l\"><span style=\"border-color:#eeeeee;\" class=\"vc_sep_line\"><\/span><\/span><span class=\"vc_sep_holder vc_sep_holder_r\"><span style=\"border-color:#eeeeee;\" class=\"vc_sep_line\"><\/span><\/span>\n<\/div> \n            <\/div> \n        <\/div>\n    <\/div><\/div><style><\/style><div class=\"vc_row wpb_row vc_row-fluid content-dark data-bg-color-69dee88d21ac1 row-z-index-69dee88d21ac1\" ><style><\/style><div class=\"wpb_column vc_column_container content-dark vc_col-sm-6 column-z-index-69dee88d21c30\"> \n        <div class=\"vc_column-inner \"> \n            <div class=\"wpb_wrapper\"><div class=\"vc_empty_space\"   style=\"height: 80px\"><span class=\"vc_empty_space_inner\"><\/span><\/div><style>#slcr_custom_heading_69dee88d21f61{ font-size: 27px;line-height: 35px;text-align: left;  }<\/style><h3 id=\"slcr_custom_heading_69dee88d21f61\" class=\"vc_custom_heading font-700\" >Entwickle deine F\u00fchrungskompetenzen in nur 4 Monaten<\/h3><style>#slcr_custom_heading_69dee88d220b0{ text-align: left;  }<\/style><p id=\"slcr_custom_heading_69dee88d220b0\" class=\"vc_custom_heading font-400\" >Man lernt nie aus \u2013 besonders in der F\u00fchrung. Viele F\u00e4higkeiten erwirbst du durch die Kombination von gezieltem Training und dem Learning on the Job. Nutze diese Chance, dein F\u00fchrungspotenzial in unserem exklusiven Leadership-Coaching-Training zu entfalten.<\/p>\n\t<div class=\"wpb_raw_code wpb_raw_html wpb_content_element\" >\n\t\t<div class=\"wpb_wrapper\">\n\t\t\t<div class=\"custom-toggle\">\n     <a href=\"#\" class=\"toggle-link\">Mehr anzeigen<\/a>\n     <div class=\"toggle-content\">\n       <h4>Was du aus diesem Training mitnimmst.<\/h4>\n<b> Erh\u00f6hte F\u00fchrungseffektivit\u00e4t - <\/b> <p>Entfalte deine F\u00fchrungsst\u00e4rke mit bew\u00e4hrten Tools und Techniken, die deine Effektivit\u00e4t der Mitarbeiterf\u00fchrung verbessern sodass deine Mitarbeitenden zielgerichtet und selbstmotiviert arbeiten<p\/>\n<b> Verbesserte Kommunikation -  <\/b> <p>Verfeinere deine Kommunikationsstrategien f\u00fcr klarere, konsistentere und vertrauensvolle Interaktionen, die zu einer verl\u00e4sslichen und produktiven Zusammenarbeit f\u00fchren.<\/p>\n<b>Erfolgreiche Zielverwirklichung - <\/b> <p>Setze bew\u00e4hrte Coaching-Methoden ein, um deine Mitarbeitenden zu bef\u00e4higen und zu entwickeln, sodass sie dir mehr Verantwortung \u00fcbernehmen und dich dadurch entlasten k\u00f6nnen.\nDieses Training vermittelt dir praxisnahe Coaching-Methoden und wertvolle F\u00fchrungseinsichten. Du lernst, wie du deine Mitarbeitenden inspirierst, Eigenverantwortung \u00fcbernimmst und kreatives Denken f\u00f6rderst. Entwickle dich zur kommunikationsstarken F\u00fchrungskraft und erziel nachhaltige Erfolge in deinem F\u00fchrungsalltag.<\/p>\n     <\/div>\n   <\/div>\n\n<style>\n   .custom-toggle {\n     margin-bottom: 20px;\n   }\n   .toggle-link {\n     color: #5abeb6;\n     text-decoration: underline;\n     cursor: pointer;\n     font-size: 16px;\n     transition: opacity 0.3s;\n   }\n   .toggle-link:hover {\n     opacity: 0.8;\n   }\n   .toggle-content {\n     display: none;\n     padding: 15px 0;\n   }\n<\/style>\n\n<script>\n   document.addEventListener('DOMContentLoaded', function() {\n     var toggleLinks = document.querySelectorAll('.toggle-link');\n     toggleLinks.forEach(function(link) {\n       link.addEventListener('click', function(e) {\n         e.preventDefault();\n         var content = this.nextElementSibling;\n         if (content.style.display === 'block') {\n           content.style.display = 'none';\n           this.textContent = 'Mehr anzeigen';\n         } else {\n           content.style.display = 'block';\n           this.textContent = 'Weniger anzeigen';\n         }\n       });\n     });\n   });\n<\/script>\n\t\t<\/div>\n\t<\/div>\n \n            <\/div> \n        <\/div>\n    <\/div><style><\/style><div class=\"wpb_column vc_column_container content-dark vc_col-sm-6 column-z-index-69dee88d2230b\"> \n        <div class=\"vc_column-inner \"> \n            <div class=\"wpb_wrapper\"><div  class=\"wpb_single_image wpb_content_element vc_align_left\">\n\t\t\n\t\t<figure class=\"wpb_wrapper vc_figure\">\n\t\t\t<div class=\"vc_single_image-wrapper   vc_box_border_grey\"><img loading=\"lazy\" decoding=\"async\" width=\"600\" height=\"459\" src=\"https:\/\/corinnesteiner.com\/wp-content\/uploads\/2024\/12\/coach-1024x784.png\" class=\"vc_single_image-img attachment-large\" alt=\"\" title=\"coach\" srcset=\"https:\/\/corinnesteiner.com\/wp-content\/uploads\/2024\/12\/coach-1024x784.png 1024w, https:\/\/corinnesteiner.com\/wp-content\/uploads\/2024\/12\/coach-300x230.png 300w, https:\/\/corinnesteiner.com\/wp-content\/uploads\/2024\/12\/coach-768x588.png 768w, https:\/\/corinnesteiner.com\/wp-content\/uploads\/2024\/12\/coach-16x12.png 16w, https:\/\/corinnesteiner.com\/wp-content\/uploads\/2024\/12\/coach.png 1229w\" sizes=\"auto, (max-width: 600px) 100vw, 600px\" \/><\/div>\n\t\t<\/figure>\n\t<\/div>  \n            <\/div> \n        <\/div>\n    <\/div><\/div><style><\/style><div class=\"vc_row wpb_row vc_row-fluid content-dark data-bg-color-69dee88d233bb row-z-index-69dee88d233bb\" ><style><\/style><div class=\"wpb_column vc_column_container content-dark vc_col-sm-12 column-z-index-69dee88d2355b\"> \n        <div class=\"vc_column-inner \"> \n            <div class=\"wpb_wrapper\"><style>#slcr_custom_heading_69dee88d23861{ font-size: 27px;line-height: 35px;text-align: left;  }<\/style><h3 id=\"slcr_custom_heading_69dee88d23861\" class=\"vc_custom_heading font-700\" >Das Programm in \u00dcbersicht<\/h3><div class=\"wpb_text_column wpb_content_element \" >\n\t\t<div class=\"wpb_wrapper\">\n\t\t\t<h4>1. Kick-Off: Grundverst\u00e4ndnis Coaching und Prozessablauf (4 Stunden)<\/h4>\n<ul>\n<li style=\"font-weight: 400;\" aria-level=\"1\"><span style=\"font-weight: 400;\">Erlerne die Grundlagen des systemischen Coachings, einschliesslich wichtiger Techniken und Methoden<\/span><\/li>\n<li style=\"font-weight: 400;\" aria-level=\"1\"><span style=\"font-weight: 400;\">Verstehe die einzelnen Coaching-Prozessschritte und erhalte Anleitungen zur Durchf\u00fchrung eines kompletten Coachings.<\/span><\/li>\n<li style=\"font-weight: 400;\" aria-level=\"1\"><span style=\"font-weight: 400;\">Bekomm einen Einblick in Coaching-Grundhaltungen, wichtige Rahmenbedingungen und Fragetechniken.<\/span><\/li>\n<\/ul>\n<h4>2. Live-Coaching-Trainings (6 Sessions \u00e0 2 Stunden)<\/h4>\n<ul>\n<li><span style=\"font-weight: 400;\">Wende dein neu erworbenes Coaching-Wissen praktisch an und entwickle deine F\u00e4higkeiten in einer sicheren und begleiteten Trainings-Umgebung.<\/span><\/li>\n<li style=\"font-weight: 400;\" aria-level=\"1\"><span style=\"font-weight: 400;\">Bringe deine eigenen F\u00fchrungs- und Coaching-Herausforderungen in die Trainings mit ein und profitiere von den Erfahrungen und Perspektiven der Trainerin sowie der anderen Teilnehmenden.<\/span><\/li>\n<li><span style=\"font-weight: 400;\">Erhalte Antworten zu auftauchenden Fragen.<\/span><\/li>\n<li style=\"font-weight: 400;\" aria-level=\"1\"><span style=\"font-weight: 400;\">Bearbeite Praxisbeispiele aus deinem F\u00fchrungsalltag und denen der anderen Teilnehmenden.<\/span><\/li>\n<li style=\"font-weight: 400;\" aria-level=\"1\"><span style=\"font-weight: 400;\">Lerne die Methode der gewaltfreien Kommunikation kennen und integriere sie in deine Gespr\u00e4che.<\/span><\/li>\n<\/ul>\n<h4>3. 1:1 Coaching (2 Stunden)<\/h4>\n<ul>\n<li style=\"font-weight: 400;\" aria-level=\"1\"><span style=\"font-weight: 400;\">Kl\u00e4re pers\u00f6nliche Fragen und verfeinere deine Coaching- und Gespr\u00e4chsf\u00fchrungskompetenzen im individuellen Rahmen.<\/span><\/li>\n<\/ul>\n<p>&nbsp;<\/p>\n<ul>\n<li aria-level=\"1\">\n<h4>Abschluss: Leadership X-Change Event (ca. 4 Stunden)<\/h4>\n<\/li>\n<\/ul>\n<ul>\n<li style=\"font-weight: 400;\" aria-level=\"1\"><span style=\"font-weight: 400;\">Feiere deine Fortschritte und erweitere dein Netzwerk in einem exklusiven After-Work-Event.<\/span><\/li>\n<\/ul>\n\n\t\t<\/div>\n\t<\/div><div class=\"vc_row wpb_row vc_inner vc_row-fluid vc_custom_1605518615246 vc_row-has-fill\"><div class=\"wpb_column vc_column_container vc_col-sm-1\"><div class=\"vc_column-inner\"><div class=\"wpb_wrapper\"><\/div><\/div><\/div><style>#slcr_icon_text_last69dee88d23f51.main__icon { display: block; text-align: center; color: #5abeb6 !important; border-radius: 50%; border-color: #f9f5f2 !important; background: #f9f5f2 !important;  height: 64px; width: 64px; line-height: 64px; font-size: 32px; transition: all ease .3s; -webkit-transition: all ease .3s; } [data-hover-target=\"box\"]:hover #slcr_icon_text_last69dee88d23f51.main__icon, [data-hover-target=\"icon\"] #slcr_icon_text_last69dee88d23f51.main__icon:hover { background: #f9f5f2 !important; border-color: #f9f5f2 !important; color: #5abeb6 !important; } #slcr_icon_text_content69dee88d23f51{  } #slcr_icon_text_img69dee88d23f51{  height: auto; width: 60px;   border-radius: 0px;  }<\/style><div class=\"wpb_column vc_column_container vc_col-sm-5\"><div class=\"vc_column-inner\"><div class=\"wpb_wrapper\">\n                <div class=\"icons__text   icon-center-mobile\"   data-icon-align=\"left\" data-reset-responsive=\"false\" data-hover-target=\"box\" data-vertical-align=\"top\">\n                    <div class=\"icons_wrap\">\n                        <div class=\"icon__container\">\n                            <i class=\"main__icon fas fa-phone\" id=\"slcr_icon_text_last69dee88d23f51\" ><\/i>\n                        <\/div>\n                    <\/div>\n                    <div class=\"text__content\" id=\"slcr_icon_text_content69dee88d23f51\">\n                        \n<h4 style=\"font-size: 23px;font-weight: bold;margin-top: 0;margin-bottom: 0px\">Kostenlosen Call buchen<\/h4>\n<p>Jetzt gew\u00fcnschte Session im Kalender ausw\u00e4hlen.<\/p>\n                    <\/div>\n                <\/div><\/div><\/div><\/div><div class=\"text-right center-xs wpb_column vc_column_container vc_col-sm-5\"><div class=\"vc_column-inner\"><div class=\"wpb_wrapper\"><style>#btn_slcr_69dee88d2466c{ font-size: 14px; text-transform: uppercase;}  #btn_slcr_69dee88d2466c:hover{ }<\/style><div class=\"vc_btn3-container vc_btn3-inline\">\n                    <a href=\"\/termin\" title=\"\" id=\"btn_slcr_69dee88d2466c\" class=\"btn   vc_custom_1718972647031 left-xs btn--lg font-800 btn--rounded  btn--primary     \">\n                        <span>Kostenlos buchen<\/span>\n                    <\/a>  <\/div><style>#btn_slcr_69dee88d24a87{ font-size: 14px; text-transform: uppercase; } #btn_slcr_69dee88d24a87:hover{ }<\/style><div class=\"vc_btn3-container vc_btn3-inline\">\n                    <a href=\"\/angebote\" title=\"\" id=\"btn_slcr_69dee88d24a87\" class=\"btn   vc_custom_1718972660760 left-xs btn--lg font-800 btn--rounded     btn--primary  btn--ghost \"  >\n                        <span>Alle Angebote<\/span>\n                    <\/a> <\/div><\/div><\/div><\/div><div class=\"wpb_column vc_column_container vc_col-sm-1\"><div class=\"vc_column-inner\"><div class=\"wpb_wrapper\"><\/div><\/div><\/div><\/div> \n            <\/div> \n        <\/div>\n    <\/div><\/div>\n<\/div>","protected":false},"excerpt":{"rendered":"Erlebe, wie Coaching deine F\u00fchrungskompetenzen transformieren kann und werde zum Vorbild f\u00fcr ein Team.Dieses Training vermittelt praktische Coaching-Techniken, die sofort in der eigenen Mitarbeiterf\u00fchrung anwendet werden k\u00f6nnen, um effektiver und erfolgreicher \u00fcber Fragen zu f\u00fchren. Warum Coaching als F\u00fchrungsmethode wichtig istCoaching hat sich als eine der wirkungsvollsten Methoden etabliert, um F\u00fchrungskr\u00e4fte dabei zu unterst\u00fctzten, ihr [...]","protected":false},"author":1,"featured_media":1901,"parent":657,"menu_order":0,"comment_status":"closed","ping_status":"closed","template":"sidebar-right.php","meta":{"_acf_changed":false,"footnotes":""},"class_list":["post-1533","page","type-page","status-publish","has-post-thumbnail","hentry"],"acf":[],"_links":{"self":[{"href":"https:\/\/corinnesteiner.com\/en\/wp-json\/wp\/v2\/pages\/1533","targetHints":{"allow":["GET"]}}],"collection":[{"href":"https:\/\/corinnesteiner.com\/en\/wp-json\/wp\/v2\/pages"}],"about":[{"href":"https:\/\/corinnesteiner.com\/en\/wp-json\/wp\/v2\/types\/page"}],"author":[{"embeddable":true,"href":"https:\/\/corinnesteiner.com\/en\/wp-json\/wp\/v2\/users\/1"}],"replies":[{"embeddable":true,"href":"https:\/\/corinnesteiner.com\/en\/wp-json\/wp\/v2\/comments?post=1533"}],"version-history":[{"count":32,"href":"https:\/\/corinnesteiner.com\/en\/wp-json\/wp\/v2\/pages\/1533\/revisions"}],"predecessor-version":[{"id":2727,"href":"https:\/\/corinnesteiner.com\/en\/wp-json\/wp\/v2\/pages\/1533\/revisions\/2727"}],"up":[{"embeddable":true,"href":"https:\/\/corinnesteiner.com\/en\/wp-json\/wp\/v2\/pages\/657"}],"wp:featuredmedia":[{"embeddable":true,"href":"https:\/\/corinnesteiner.com\/en\/wp-json\/wp\/v2\/media\/1901"}],"wp:attachment":[{"href":"https:\/\/corinnesteiner.com\/en\/wp-json\/wp\/v2\/media?parent=1533"}],"curies":[{"name":"wp","href":"https:\/\/api.w.org\/{rel}","templated":true}]}}