{"id":1632,"date":"2024-10-30T09:17:08","date_gmt":"2024-10-30T08:17:08","guid":{"rendered":"https:\/\/corinnesteiner.landeseite.at\/?page_id=1632"},"modified":"2025-05-09T16:08:24","modified_gmt":"2025-05-09T14:08:24","slug":"selbstfuehrungs-seminare","status":"publish","type":"page","link":"https:\/\/corinnesteiner.com\/en\/angebote\/selbstfuehrungs-seminare\/","title":{"rendered":"Selbstf\u00fchrungs-Seminare"},"content":{"rendered":"<div class=\"wpb-content-wrapper\"><p><style><\/style><div class=\"vc_row wpb_row vc_row-fluid content-dark data-bg-color-69dee85c9018e row-z-index-69dee85c9018e\" ><style><\/style><div class=\"wpb_column vc_column_container content-dark vc_col-sm-12 column-z-index-69dee85c9070d\"> \n        <div class=\"vc_column-inner \"> \n            <div class=\"wpb_wrapper\"><style>#slcr_custom_heading_69dee85c91275{ font-size: 18px;text-align: left;  }<\/style><p id=\"slcr_custom_heading_69dee85c91275\" class=\"vc_custom_heading font-600\" >In Zeiten st\u00e4ndiger Ver\u00e4nderungen und hoher Anforderungen ist es f\u00fcr F\u00fchrungskr\u00e4fte essenziell, ihre Selbstf\u00fchrungskompetenz kontinuierlich weiterzuentwickeln.<\/p><style>#slcr_custom_heading_69dee85c9150a{ text-align: left;  }<\/style><p id=\"slcr_custom_heading_69dee85c9150a\" class=\"vc_custom_heading font-400\" >Die F\u00e4higkeit, sich selbst gezielt zu f\u00fchren, st\u00e4rkt nicht nur die pers\u00f6nliche Effektivit\u00e4t, sondern erm\u00f6glicht es, Herausforderungen souver\u00e4n zu meistern und langfristige Erfolge zu sichern \u2013 sowohl beruflich als auch privat und \u00fcber sich selbst hinauszuwachsen.<\/p><div class=\"vc_empty_space\"   style=\"height: 32px\"><span class=\"vc_empty_space_inner\"><\/span><\/div> \n            <\/div> \n        <\/div>\n    <\/div><\/div><style><\/style><div class=\"vc_row wpb_row vc_row-fluid content-dark data-bg-color-69dee85c919d8 row-z-index-69dee85c919d8\" ><style><\/style><div class=\"wpb_column vc_column_container content-dark vc_col-sm-6 column-z-index-69dee85c91bbe\"> \n        <div class=\"vc_column-inner \"> \n            <div class=\"wpb_wrapper\"><style>#slcr_custom_heading_69dee85c91f77{ font-size: 27px;line-height: 35px;text-align: left;  }<\/style><h3 id=\"slcr_custom_heading_69dee85c91f77\" class=\"vc_custom_heading font-700\" >Ziele des Trainings<\/h3><div class=\"wpb_text_column wpb_content_element \" >\n\t\t<div class=\"wpb_wrapper\">\n\t\t\t<h4><\/h4>\n<ul>\n<li style=\"font-weight: 400;\" aria-level=\"1\"><span style=\"font-weight: 400;\">Entwicklung individueller Selbstf\u00fchrungsstrategien<\/span><\/li>\n<li style=\"font-weight: 400;\" aria-level=\"1\"><span style=\"font-weight: 400;\">Verbesserung im Umgang mit Stress und Belastungen<\/span><\/li>\n<li style=\"font-weight: 400;\" aria-level=\"1\"><span style=\"font-weight: 400;\">St\u00e4rkung von Selbstmotivation und Achtsamkeit<\/span><\/li>\n<\/ul>\n\n\t\t<\/div>\n\t<\/div><style>#slcr_custom_heading_69dee85c9236c{ text-align: left;  }<\/style><p id=\"slcr_custom_heading_69dee85c9236c\" class=\"vc_custom_heading font-400\" >Dieses Seminar vermittelt praxisorientierte Strategien zur St\u00e4rkung der Selbstf\u00fchrung. Die Teilnehmenden lernen, klare Ziele zu definieren, ihre Ressourcen effektiv zu nutzen und gleichzeitig gesund und ausgeglichen zu bleiben. Der Fokus liegt darauf, nachhaltige pers\u00f6nliche Handlungsstrategien zu entwickeln, die im beruflichen Alltag genutzt werden k\u00f6nnen.<\/p> \n            <\/div> \n        <\/div>\n    <\/div><style><\/style><div class=\"wpb_column vc_column_container content-dark vc_col-sm-6 column-z-index-69dee85c92477\"> \n        <div class=\"vc_column-inner \"> \n            <div class=\"wpb_wrapper\"><div  class=\"wpb_single_image wpb_content_element vc_align_left\">\n\t\t\n\t\t<figure class=\"wpb_wrapper vc_figure\">\n\t\t\t<div class=\"vc_single_image-wrapper   vc_box_border_grey\"><img loading=\"lazy\" decoding=\"async\" width=\"1229\" height=\"941\" src=\"https:\/\/corinnesteiner.com\/wp-content\/uploads\/2024\/12\/seminar.png\" class=\"vc_single_image-img attachment-full\" alt=\"\" title=\"seminar\" srcset=\"https:\/\/corinnesteiner.com\/wp-content\/uploads\/2024\/12\/seminar.png 1229w, https:\/\/corinnesteiner.com\/wp-content\/uploads\/2024\/12\/seminar-300x230.png 300w, https:\/\/corinnesteiner.com\/wp-content\/uploads\/2024\/12\/seminar-1024x784.png 1024w, https:\/\/corinnesteiner.com\/wp-content\/uploads\/2024\/12\/seminar-768x588.png 768w, https:\/\/corinnesteiner.com\/wp-content\/uploads\/2024\/12\/seminar-16x12.png 16w\" sizes=\"auto, (max-width: 1229px) 100vw, 1229px\" \/><\/div>\n\t\t<\/figure>\n\t<\/div>  \n            <\/div> \n        <\/div>\n    <\/div><\/div><style><\/style><div class=\"vc_row wpb_row vc_row-fluid content-dark data-bg-color-69dee85c93f8d row-z-index-69dee85c93f8d\" ><style><\/style><div class=\"wpb_column vc_column_container content-dark vc_col-sm-12 column-z-index-69dee85c941a5\"> \n        <div class=\"vc_column-inner \"> \n            <div class=\"wpb_wrapper\"><style>#slcr_custom_heading_69dee85c9459d{ font-size: 27px;line-height: 35px;text-align: left;  }<\/style><h3 id=\"slcr_custom_heading_69dee85c9459d\" class=\"vc_custom_heading font-700\" >Was macht diese Selbstf\u00fchrungstrainings besonders?<\/h3><div class=\"wpb_text_column wpb_content_element \" >\n\t\t<div class=\"wpb_wrapper\">\n\t\t\t<h4>1. Individuelle Anpassung<\/h4>\n<ul>\n<li style=\"font-weight: 400;\" aria-level=\"1\"><span style=\"font-weight: 400;\">Die Inhalte des Trainings werden auf die Bed\u00fcrfnisse und aktuellen Situationen der Teilnehmenden zugeschnitten.<\/span><\/li>\n<\/ul>\n<h4>2. Praktische Relevanz f\u00fcr jeden Teilnehmenden<\/h4>\n<ul>\n<li><span style=\"font-weight: 400;\">In den Trainingseinheiten erarbeiten wir die jeweiligen Strategien f\u00fcr jede Person einzeln aus. Diese k\u00f6nnen sie direkt im beruflichen Alltag anwenden. Durch die unterschiedlichen Praxisf\u00e4lle und L\u00f6sungsans\u00e4tze entsteht eine Sammlung wertvoller Anwendungsm\u00f6glichkeiten, von denen alle Teilnehmenden profitieren.<\/span><\/li>\n<\/ul>\n<h4>3. Langfristiger Erfolg<\/h4>\n<ul>\n<li style=\"font-weight: 400;\" aria-level=\"1\"><span style=\"font-weight: 400;\">Die Workshop-Serie ist so gestaltet, dass die Teilnehmenden zwischen den Modulen ausreichend Zeit haben, das Gelernte in der Praxis zu testen und zu reflektieren. Dies erm\u00f6glicht es ihnen, aus \u00abgescheiterten\u00bb Umsetzungsversuchen zu lernen und effektivere Strategien zu entwickeln. So wird die nachhaltige Anwendung der Selbstf\u00fchrungsstrategien im beruflichen und privaten Alltag gef\u00f6rdert.<\/span><\/li>\n<\/ul>\n<h4>4. Optimales 1:1 Coaching<\/h4>\n<ul>\n<li style=\"font-weight: 400;\" aria-level=\"1\"><span style=\"font-weight: 400;\">Erg\u00e4nzende Einzelcoachings erm\u00f6glichen es den Teilnehmenden, vertrauliche oder pers\u00f6nliche Themen zu bearbeiten.<\/span><\/li>\n<\/ul>\n\n\t\t<\/div>\n\t<\/div><div class=\"vc_separator wpb_content_element vc_separator_align_center vc_sep_width_100 vc_sep_pos_align_center vc_separator_no_text vc_custom_1606374739848 wpb_content_element  vc_custom_1606374739848 wpb_content_element\" ><span class=\"vc_sep_holder vc_sep_holder_l\"><span style=\"border-color:#eeeeee;\" class=\"vc_sep_line\"><\/span><\/span><span class=\"vc_sep_holder vc_sep_holder_r\"><span style=\"border-color:#eeeeee;\" class=\"vc_sep_line\"><\/span><\/span>\n<\/div> \n            <\/div> \n        <\/div>\n    <\/div><\/div><style><\/style><div class=\"vc_row wpb_row vc_row-fluid content-dark data-bg-color-69dee85c94e27 row-z-index-69dee85c94e27\" ><style><\/style><div class=\"wpb_column vc_column_container content-dark vc_col-sm-6 column-z-index-69dee85c9501c\"> \n        <div class=\"vc_column-inner \"> \n            <div class=\"wpb_wrapper\"><style>#slcr_custom_heading_69dee85c9535a{ font-size: 27px;line-height: 35px;text-align: left;  }<\/style><h3 id=\"slcr_custom_heading_69dee85c9535a\" class=\"vc_custom_heading font-700\" >Rahmenbedingungen<\/h3><div class=\"wpb_text_column wpb_content_element \" >\n\t\t<div class=\"wpb_wrapper\">\n\t\t\t<h4><\/h4>\n<ul>\n<li style=\"font-weight: 400;\" aria-level=\"1\"><span style=\"font-weight: 400;\"><strong>Teilnehmerzahl<\/strong>: Optimal 6-8 Personen<\/span><\/li>\n<li style=\"font-weight: 400;\" aria-level=\"1\"><span style=\"font-weight: 400;\"><strong>Ort<\/strong>: Vor Ort in den R\u00e4umlichkeiten des Unternehmens, online oder in externen R\u00e4umlichkeiten<\/span><\/li>\n<li style=\"font-weight: 400;\" aria-level=\"1\"><span style=\"font-weight: 400;\"><strong>Termine<\/strong>: Nach gemeinsamer Absprache<\/span><\/li>\n<li aria-level=\"1\"><strong>Sprache<\/strong>: Deutsch oder Englisch<\/li>\n<\/ul>\n\n\t\t<\/div>\n\t<\/div> \n            <\/div> \n        <\/div>\n    <\/div><style><\/style><div class=\"wpb_column vc_column_container content-dark vc_col-sm-6 column-z-index-69dee85c955ae\"> \n        <div class=\"vc_column-inner \"> \n            <div class=\"wpb_wrapper\"><style>#slcr_custom_heading_69dee85c958bf{ font-size: 27px;line-height: 35px;text-align: left;  }<\/style><h3 id=\"slcr_custom_heading_69dee85c958bf\" class=\"vc_custom_heading font-700\" >M\u00f6gliche Inhalte<\/h3><div class=\"wpb_text_column wpb_content_element \" >\n\t\t<div class=\"wpb_wrapper\">\n\t\t\t<h4><\/h4>\n<ul>\n<li style=\"font-weight: 400;\" aria-level=\"1\">Grundverst\u00e4ndnis und Theorieans\u00e4tze der Selbstf\u00fchrung<\/li>\n<li style=\"font-weight: 400;\" aria-level=\"1\">Betrachtung verschiedener Lebensbereich der Selbstf\u00fchrung<\/li>\n<li style=\"font-weight: 400;\" aria-level=\"1\">Analyse der pers\u00f6nlichen Selbstf\u00fchrungsstrategien<\/li>\n<li aria-level=\"1\">Wirksame Selbstf\u00fchrungsstrategien und &#8211; Methoden<\/li>\n<li aria-level=\"1\">Realit\u00e4t versus Planung<\/li>\n<li aria-level=\"1\">Umgang mit Hindernissen und Entwicklung von Notfallstrategien<\/li>\n<li aria-level=\"1\">Effektive Selbstf\u00fchrung in Zeiten der Ver\u00e4nderung<\/li>\n<li aria-level=\"1\">Strategien zur langfristigen Zielerreichung<\/li>\n<\/ul>\n\n\t\t<\/div>\n\t<\/div> \n            <\/div> \n        <\/div>\n    <\/div><\/div><style><\/style><div class=\"vc_row wpb_row vc_row-fluid content-dark data-bg-color-69dee85c95d84 row-z-index-69dee85c95d84\" ><style>.slcr_testimonials_img_69dee85c96695 { border-radius: 100px !important; }.slcr_testimonials_69dee85c96695 h4 {   } .slcr_testimonials_69dee85c96695 p {  font-size: 19px !important; color: #727272 !important;  } .slcr_testimonials_69dee85c96695 h5 {  color: #5abeb6 !important;  } .slcr_testimonials_69dee85c96695 h6 {   color: #727272 !important;  }<\/style><style>.slcr_testimonials_img_69dee85c96e59 { border-radius: 100px !important; }.slcr_testimonials_69dee85c96e59 h4 {   } .slcr_testimonials_69dee85c96e59 p {  font-size: 19px !important; color: #727272 !important;  } .slcr_testimonials_69dee85c96e59 h5 {  color: #5abeb6 !important;  } .slcr_testimonials_69dee85c96e59 h6 {   }<\/style><style>.slcr_testimonials_img_69dee85c97464 { border-radius: 100px !important; }.slcr_testimonials_69dee85c97464 h4 {   } .slcr_testimonials_69dee85c97464 p {  font-size: 19px !important; color: #727272 !important;  } .slcr_testimonials_69dee85c97464 h5 {  color: #5abeb6 !important;  } .slcr_testimonials_69dee85c97464 h6 {   }<\/style><style>.slcr_testimonials_img_69dee85c97945 { border-radius: 100px !important; }.slcr_testimonials_69dee85c97945 h4 {   } .slcr_testimonials_69dee85c97945 p {  font-size: 19px !important; color: #727272 !important;  } .slcr_testimonials_69dee85c97945 h5 {  color: #5abeb6 !important;  } .slcr_testimonials_69dee85c97945 h6 {   }<\/style><style><\/style><style><\/style><div class=\"wpb_column vc_column_container content-dark vc_col-sm-12 column-z-index-69dee85c95f5c\"> \n        <div class=\"vc_column-inner \"> \n            <div class=\"wpb_wrapper\"><div class=\"vc_separator wpb_content_element vc_separator_align_center vc_sep_width_100 vc_sep_pos_align_center vc_separator_no_text vc_custom_1606374739848 wpb_content_element  vc_custom_1606374739848 wpb_content_element\" ><span class=\"vc_sep_holder vc_sep_holder_l\"><span style=\"border-color:#eeeeee;\" class=\"vc_sep_line\"><\/span><\/span><span class=\"vc_sep_holder vc_sep_holder_r\"><span style=\"border-color:#eeeeee;\" class=\"vc_sep_line\"><\/span><\/span>\n<\/div><style>#slcr_custom_heading_69dee85c96554{ font-size: 27px;line-height: 35px;text-align: left;  }<\/style><h3 id=\"slcr_custom_heading_69dee85c96554\" class=\"vc_custom_heading font-700\" >Das sagen bestehende Kunden<\/h3> \n                <div class=\"owl owl-carousel carousel-shortcode  vc_custom_1746536822617 \"  data-carousel-loop=\"true\" data-carousel-dots=\"true\" data-carousel-margin=\"0\" data-carousel-autoplay=\"true\" data-carousel-responsiveClass=\"true\" data-carousel-stage-padding=\"0\" data-carousel-ani-i=\"\" data-carousel-ani-o=\"\" data-carousel-animateIn=\"\" data-carousel-animateOut=\"\" data-carousel-smartspeed=\"1000\" data-carousel-items-mob=\"1\" data-carousel-items-tab=\"1\" data-carousel-items-pc=\"1\" data-carousel-nav-mob=\"false\" data-carousel-nav-tab=\"false\" data-carousel-nav-pc=\"false\" data-carousel-dots-mob=\"true\" data-carousel-dots-tab=\"true\" data-carousel-dots-pc=\"true\">\n                <blockquote class=\"testimonial__02 text-center  slcr_testimonials_69dee85c96695\" >\n                    <img decoding=\"async\" src=\"https:\/\/corinnesteiner.com\/wp-content\/uploads\/2024\/11\/Testimonial_1_1.png\" class=\"avatar slcr_testimonials_img_69dee85c96695\" alt=\"Avatar\"\/>\n                    <h4><\/h4>\n                    <p class=\"gap-30\">\u201eDie Zeit des Seminars ging sehr schnell vorbei. Mir ist bewusst geworden, das Leben klopft nicht einfach so an die T\u00fcr, sondern ich muss raus. Das hat Druck rausgenommen. Ich habe den Willen nd Lust etwas zu erleben. Mein neuer Hund bringt mich \u00f6fters Mal aus der Komfortzone und ich wachse st\u00e4ndig an neuen Erfahrungen. Ich kann beispielsweise besser mit Situationen umgehen, die mich stressen. Ich habe eine klare Vorstellung, wo es hingehen soll und das Vertrauen, dass es gut kommt. Es f\u00fchlt sich gut an, den sicheren Hafen zu verlassen.\u201d<\/p>\n                    <h5 class=\"color-secondary gap-30 mb-0\">Ariane Barb\u00fcda ~ <\/h5>\n                    <h6 class=\"color-secondary gap-0\">Senior Media Solutions Consultant<\/h6>\n                <\/blockquote>\n                <blockquote class=\"testimonial__02 text-center  slcr_testimonials_69dee85c96e59\" >\n                    <img decoding=\"async\" src=\"https:\/\/corinnesteiner.com\/wp-content\/uploads\/2024\/11\/Screenshot-2024-11-05-at-14.29.19.png\" class=\"avatar slcr_testimonials_img_69dee85c96e59\" alt=\"Avatar\"\/>\n                    <h4><\/h4>\n                    <p class=\"gap-30\">\u201eIch bin extrem \u00fcberrascht. Ich habe bei allem mindestens 180 Grad Ver\u00e4nderung erlebt. Heute kann ich z.B. viel mehr die positiven Dinge sehen, auch in den schlimmsten Situationen. Ich nehme es so wie es ist, ganz entspannt. Ich habe Dinge ausprobiert und viele neue Erkenntnisse gewonnen. Es bauen sich auf einmal Br\u00fccken und es erschliesst sich was. Es ist wie ein Selbstl\u00e4ufer, ein Ergebnis ergibt das n\u00e4chste. Die anderen Teilnehmenden waren hilfreiche Vorbilder und generell waren alle in der Gruppe sehr offen.\u201d<\/p>\n                    <h5 class=\"color-secondary gap-30 mb-0\">Stefan Biasini ~ <\/h5>\n                    <h6 class=\"color-secondary gap-0\">Scrum Master<\/h6>\n                <\/blockquote>\n                <blockquote class=\"testimonial__02 text-center  slcr_testimonials_69dee85c97464\" >\n                    <img decoding=\"async\" src=\"https:\/\/corinnesteiner.com\/wp-content\/uploads\/2024\/11\/testimonal_1_3.png\" class=\"avatar slcr_testimonials_img_69dee85c97464\" alt=\"Avatar\"\/>\n                    <h4><\/h4>\n                    <p class=\"gap-30\">\u201eIch fokussiere mich viel mehr darauf, was ich erleben will, und kann mich dabei auf mein Gesp\u00fcr verlassen. Vorher suchte ich nach dem perfekten Weg f\u00fcr mich. In den Seminar-Modulen habe ich mehr \u00fcber mich gelernt und dar\u00fcber, was f\u00fcr mich wichtig und unwichtig ist. Die Gruppe war dabei hilfreich f\u00fcr das Commitment. Ich wei\u00df, wie es weitergehen soll, auch wenn es nicht planbar ist. Es muss nicht konkret sein. Ich gehe heute relaxter auf Dinge zu, lasse mich inspirieren und probiere einfach aus. Ich bin auf dem richtigen Weg. \u201d<\/p>\n                    <h5 class=\"color-secondary gap-30 mb-0\">Lotti Spenglitz ~ <\/h5>\n                    <h6 class=\"color-secondary gap-0\">Assistentin HR &amp; Projektmanagment<\/h6>\n                <\/blockquote>\n                <blockquote class=\"testimonial__02 text-center  slcr_testimonials_69dee85c97945\" >\n                    <img decoding=\"async\" src=\"https:\/\/corinnesteiner.com\/wp-content\/uploads\/2024\/11\/testimonial_1_2.png\" class=\"avatar slcr_testimonials_img_69dee85c97945\" alt=\"Avatar\"\/>\n                    <h4><\/h4>\n                    <p class=\"gap-30\">\u201eDer Fortschritt von den anderen Teilnehmenden der Gruppe hat mich motiviert. Ich habe \u00fcberlegt und studiert, was ich will und was ich tun k\u00f6nnte, was ich vorher nicht gemacht habe. Dadurch haben sich neue Ideen und M\u00f6glichkeiten aufgetan, an die ich vorher gar nicht gedacht hatte. Im Gesch\u00e4ft rege ich mich nicht mehr so auf wie fr\u00fcher. In der Freizeit geniesse ich \u00f6fters die Zeit f\u00fcr mich, zum Beispiel bei einem Spaziergang um den See. Mir ist es heute vor allem wichtig das Leben zu geniessen. \u201d<\/p>\n                    <h5 class=\"color-secondary gap-30 mb-0\">Werner Abegg ~ <\/h5>\n                    <h6 class=\"color-secondary gap-0\">Teamleiter &amp; Lehrlingsbetreuer<\/h6>\n                <\/blockquote>\n                <\/div> \n            <\/div> \n        <\/div>\n    <\/div><\/div><style><\/style><div class=\"vc_row wpb_row vc_row-fluid content-dark data-bg-color-69dee85c98301 row-z-index-69dee85c98301\" ><style><\/style><div class=\"wpb_column vc_column_container content-dark vc_col-sm-12 vc_col-xs-12 column-z-index-69dee85c98506\"> \n        <div class=\"vc_column-inner \"> \n            <div class=\"wpb_wrapper\"><div class=\"vc_row wpb_row vc_inner vc_row-fluid vc_custom_1732282533713 vc_row-has-fill\"><style>#slcr_icon_text_last69dee85c98cd4.main__icon { display: block; text-align: center; color: #5abeb6 !important; border-radius: 50%; border-color: #f9f5f2 !important; background: #f9f5f2 !important;  height: 64px; width: 64px; line-height: 64px; font-size: 32px; transition: all ease .3s; -webkit-transition: all ease .3s; } [data-hover-target=\"box\"]:hover #slcr_icon_text_last69dee85c98cd4.main__icon, [data-hover-target=\"icon\"] #slcr_icon_text_last69dee85c98cd4.main__icon:hover { background: #f9f5f2 !important; border-color: #f9f5f2 !important; color: #5abeb6 !important; } #slcr_icon_text_content69dee85c98cd4{  font-size: 15px; } #slcr_icon_text_img69dee85c98cd4{  height: auto; width: 60px;   border-radius: 0px;  }<\/style><div class=\"wpb_column vc_column_container vc_col-sm-6\"><div class=\"vc_column-inner\"><div class=\"wpb_wrapper\">\n                <div class=\"icons__text   icon-center-mobile\"   data-icon-align=\"left\" data-reset-responsive=\"false\" data-hover-target=\"box\" data-vertical-align=\"top\">\n                    <div class=\"icons_wrap\">\n                        <div class=\"icon__container\">\n                            <i class=\"main__icon fas fa-phone\" id=\"slcr_icon_text_last69dee85c98cd4\" ><\/i>\n                        <\/div>\n                    <\/div>\n                    <div class=\"text__content\" id=\"slcr_icon_text_content69dee85c98cd4\">\n                        \n<h4 style=\"font-size: 23px;font-weight: bold;margin-top: 0;margin-bottom: 0px\">M\u00f6chtest du deine Selbstf\u00fchrungskompetenzen<\/h4>\n<h4 style=\"font-size: 23px;font-weight: bold;margin-top: 0;margin-bottom: 0px\">nachhaltig st\u00e4rken?<\/h4>\n<p><span style=\"font-weight: 400\">Kontaktiere mich, um mehr \u00fcber das Selbstf\u00fchrungs-Seminar zu erfahren oder ein pers\u00f6nliches Gespr\u00e4ch zu vereinbaren. <\/span><\/p>\n                    <\/div>\n                <\/div><\/div><\/div><\/div><div class=\"text-right center-xs wpb_column vc_column_container vc_col-sm-6\"><div class=\"vc_column-inner vc_custom_1738677236199\"><div class=\"wpb_wrapper\"><style>#btn_slcr_69dee85c997f5{ font-size: 14px; text-transform: uppercase;}  #btn_slcr_69dee85c997f5:hover{ }<\/style><div class=\"vc_btn3-container vc_btn3-inline\">\n                    <a href=\"\/termin\" title=\"\" id=\"btn_slcr_69dee85c997f5\" class=\"btn   vc_custom_1738676867003 left-xs btn--lg font-800 btn--rounded  btn--primary     \">\n                        <span>Gratis Leadership Check Up<\/span>\n                    <\/a>  <\/div><style>#btn_slcr_69dee85c99e4a{ font-size: 14px; text-transform: uppercase; } #btn_slcr_69dee85c99e4a:hover{ }<\/style><div class=\"vc_btn3-container vc_btn3-inline\">\n                    <a href=\"\/angebote\" title=\"\" id=\"btn_slcr_69dee85c99e4a\" class=\"btn   vc_custom_1718972660760 left-xs btn--lg font-800 btn--rounded     btn--primary  btn--ghost \"  >\n                        <span>Alle Angebote<\/span>\n                    <\/a> <\/div><\/div><\/div><\/div><\/div> \n            <\/div> \n        <\/div>\n    <\/div><\/div>\n<\/div>","protected":false},"excerpt":{"rendered":"In Zeiten st\u00e4ndiger Ver\u00e4nderungen und hoher Anforderungen ist es f\u00fcr F\u00fchrungskr\u00e4fte essenziell, ihre Selbstf\u00fchrungskompetenz kontinuierlich weiterzuentwickeln.Die F\u00e4higkeit, sich selbst gezielt zu f\u00fchren, st\u00e4rkt nicht nur die pers\u00f6nliche Effektivit\u00e4t, sondern erm\u00f6glicht es, Herausforderungen souver\u00e4n zu meistern und langfristige Erfolge zu sichern \u2013 sowohl beruflich als auch privat und \u00fcber sich selbst hinauszuwachsen. Ziele des Trainings Entwicklung [...]","protected":false},"author":1,"featured_media":1905,"parent":657,"menu_order":0,"comment_status":"closed","ping_status":"closed","template":"sidebar-right.php","meta":{"_acf_changed":false,"footnotes":""},"class_list":["post-1632","page","type-page","status-publish","has-post-thumbnail","hentry"],"acf":[],"_links":{"self":[{"href":"https:\/\/corinnesteiner.com\/en\/wp-json\/wp\/v2\/pages\/1632","targetHints":{"allow":["GET"]}}],"collection":[{"href":"https:\/\/corinnesteiner.com\/en\/wp-json\/wp\/v2\/pages"}],"about":[{"href":"https:\/\/corinnesteiner.com\/en\/wp-json\/wp\/v2\/types\/page"}],"author":[{"embeddable":true,"href":"https:\/\/corinnesteiner.com\/en\/wp-json\/wp\/v2\/users\/1"}],"replies":[{"embeddable":true,"href":"https:\/\/corinnesteiner.com\/en\/wp-json\/wp\/v2\/comments?post=1632"}],"version-history":[{"count":57,"href":"https:\/\/corinnesteiner.com\/en\/wp-json\/wp\/v2\/pages\/1632\/revisions"}],"predecessor-version":[{"id":2756,"href":"https:\/\/corinnesteiner.com\/en\/wp-json\/wp\/v2\/pages\/1632\/revisions\/2756"}],"up":[{"embeddable":true,"href":"https:\/\/corinnesteiner.com\/en\/wp-json\/wp\/v2\/pages\/657"}],"wp:featuredmedia":[{"embeddable":true,"href":"https:\/\/corinnesteiner.com\/en\/wp-json\/wp\/v2\/media\/1905"}],"wp:attachment":[{"href":"https:\/\/corinnesteiner.com\/en\/wp-json\/wp\/v2\/media?parent=1632"}],"curies":[{"name":"wp","href":"https:\/\/api.w.org\/{rel}","templated":true}]}}