{"id":1733,"date":"2024-10-30T16:06:47","date_gmt":"2024-10-30T15:06:47","guid":{"rendered":"https:\/\/corinnesteiner.landeseite.at\/?page_id=1733"},"modified":"2025-02-28T13:57:41","modified_gmt":"2025-02-28T12:57:41","slug":"wie-ich-arbeite","status":"publish","type":"page","link":"https:\/\/corinnesteiner.com\/en\/ueber-mich\/wie-ich-arbeite\/","title":{"rendered":"Wie ich Arbeite"},"content":{"rendered":"<div class=\"wpb-content-wrapper\"><p><style>[data-bg-color-69dee87d8fe74]:before { content: \"\"; position: absolute; background: linear-gradient(to right, rgba(40, 50, 59, 1) 20%, rgba(40, 50, 59, 0.81) 35%, rgba(40, 50, 59, 0) 100%);; height: 100%; width: 100%; top: 0; left: 0; z-index: 1; } .data-bg-color-69dee87d8fe74.vc_row.vc_row-flex::after, .vc_row.vc_row-flex::before { display: inherit; } .data-bg-color-69dee87d8fe74.vc_row:after, .vc_row:before { content: \" \"; display: inherit; }<\/style><div data-vc-full-width=\"true\" data-vc-full-width-init=\"false\" class=\"vc_row wpb_row vc_row-fluid header-image-bg content-dark data-bg-color-69dee87d8fe74 vc_custom_1740747458379 vc_row-has-fill row-z-index-69dee87d8fe74\" data-bg-overlay=\"9\"  data-bg-color-69dee87d8fe74=\"9\" ><style><\/style><div class=\"wpb_column vc_column_container content-dark vc_col-sm-2 column-z-index-69dee87d901f9\"> \n        <div class=\"vc_column-inner \"> \n            <div class=\"wpb_wrapper\"> \n            <\/div> \n        <\/div>\n    <\/div><style><\/style><div class=\"text-center wpb_column vc_column_container content-dark vc_col-sm-8 column-z-index-69dee87d90904\"> \n        <div class=\"vc_column-inner \"> \n            <div class=\"wpb_wrapper\"><style>#slcr_custom_heading_69dee87d91778{ font-size: 14px;color: #ffffff;line-height: 1.2;text-align: center;  }<\/style><p id=\"slcr_custom_heading_69dee87d91778\" class=\"vc_custom_heading sub-heading single white center font-800\" >\u00dcber mich<\/p><style>#slcr_custom_heading_69dee87d9195f{ font-size: 40px;color: #ffffff;text-align: center;  }<\/style><h1 id=\"slcr_custom_heading_69dee87d9195f\" class=\"vc_custom_heading vc_custom_1730300151114 font-700\" >Wie ich arbeite<\/h1> \n            <\/div> \n        <\/div>\n    <\/div><style><\/style><div class=\"wpb_column vc_column_container content-dark vc_col-sm-2 column-z-index-69dee87d91a26\"> \n        <div class=\"vc_column-inner \"> \n            <div class=\"wpb_wrapper\"> \n            <\/div> \n        <\/div>\n    <\/div><\/div>\n<div class=\"vc_row-full-width vc_clearfix\"><\/div>\n<style><\/style><div data-vc-full-width=\"true\" data-vc-full-width-init=\"false\" class=\"vc_row wpb_row vc_row-fluid content-dark data-bg-color-69dee87d91cd5 vc_custom_1739973167334 vc_row-has-fill row-z-index-69dee87d91cd5\" ><style><\/style><div class=\"wpb_column vc_column_container content-dark vc_col-sm-12 column-z-index-69dee87d91eeb\"> \n        <div class=\"vc_column-inner \"> \n            <div class=\"wpb_wrapper\"><style>#slcr_custom_heading_69dee87d921d4{ text-align: left;  }<\/style><p id=\"slcr_custom_heading_69dee87d921d4\" class=\"vc_custom_heading vc_custom_1735819469934 font-400\" >Jede F\u00fchrungssituation ist anders \u2013 daher setze ich auf einen systemisch-l\u00f6sungsorientierten Ansatz, um das volle Spektrum der F\u00fchrungssituation ganzheitlich zu betrachten. Dabei geht es nicht nur um die F\u00fchrungsperson als Individuum, sondern um ihre Rolle im beruflichen und privaten Kontext sowie um alle Rahmenbedingungen, die ihre Situation beeinflussen. Diese ganzheitliche Betrachtung bildet die Grundlage f\u00fcr fundierte Entscheidungen und ma\u00dfgeschneiderte, praktikable L\u00f6sungen.<\/p>\n<p>Coaching, Sparring und Training sind die drei zentralen Elemente meiner Arbeitsweise. Sie unterst\u00fctzen F\u00fchrungskr\u00e4fte dabei, sich weiterzuentwickeln und ihre Herausforderungen umfassend zu meistern<\/p><div class=\"vc_separator wpb_content_element vc_separator_align_center vc_sep_width_100 vc_sep_pos_align_center vc_separator_no_text vc_custom_1606374141624 wpb_content_element  vc_custom_1606374141624 wpb_content_element\" ><span class=\"vc_sep_holder vc_sep_holder_l\"><span style=\"border-color:#eeeeee;\" class=\"vc_sep_line\"><\/span><\/span><span class=\"vc_sep_holder vc_sep_holder_r\"><span style=\"border-color:#eeeeee;\" class=\"vc_sep_line\"><\/span><\/span>\n<\/div><style>#slcr_custom_heading_69dee87d925d3{ font-size: 27px;line-height: 35px;text-align: left;  }<\/style><h3 id=\"slcr_custom_heading_69dee87d925d3\" class=\"vc_custom_heading font-700\" >Die drei S\u00e4ulen meiner Arbeitsweise<\/h3><div class=\"wpb_text_column wpb_content_element \" >\n\t\t<div class=\"wpb_wrapper\">\n\t\t\t<ul>\n<li style=\"font-weight: 400;\" aria-level=\"1\">\n<h4><strong>Coaching:<\/strong><\/h4>\n<p><span style=\"font-weight: 400;\">In Coaching-Gespr\u00e4chen biete ich den Raum f\u00fcr Reflexion und Klarheit. Gemeinsam analysieren wir die eigenen St\u00e4rken und Herausforderungen, um langfristige Strategien zu entwickeln und die pers\u00f6nliche F\u00fchrungskompetenz zu st\u00e4rken<\/span><\/li>\n<\/ul>\n<p>&nbsp;<\/p>\n<ul>\n<li style=\"font-weight: 400;\" aria-level=\"1\">\n<h4><strong>Sparring:<\/strong><\/h4>\n<p><span style=\"font-weight: 400;\">Sparring ist ein direkter, praxisorientierter Austausch. Hier erarbeiten wir schnell umsetzbare L\u00f6sungen f\u00fcr akute Herausforderungen. Es geht darum, konstruktives Feedback zu geben und gezielte Impulse zu setzen, um sofort wirksame Ergebnisse zu erzielen.<\/span><\/li>\n<\/ul>\n<p>&nbsp;<\/p>\n<ul>\n<li style=\"font-weight: 400;\" aria-level=\"1\">\n<h4><strong>Training:<\/strong><\/h4>\n<p><span style=\"font-weight: 400;\">Im Training entwickeln F\u00fchrungskr\u00e4fte essenzielle Soft Skills und F\u00fchrungskompetenzen. Dies umfasst Bereiche wie Kommunikation, emotionale Intelligenz und strategisches Denken. Ziel ist es, nachhaltige Ver\u00e4nderungen in der F\u00fchrung zu bewirken und diese Kompetenzen langfristig zu st\u00e4rken.<\/span><\/li>\n<\/ul>\n\n\t\t<\/div>\n\t<\/div><div class=\"vc_separator wpb_content_element vc_separator_align_center vc_sep_width_100 vc_sep_pos_align_center vc_separator_no_text vc_custom_1606374141624 wpb_content_element  vc_custom_1606374141624 wpb_content_element\" ><span class=\"vc_sep_holder vc_sep_holder_l\"><span style=\"border-color:#eeeeee;\" class=\"vc_sep_line\"><\/span><\/span><span class=\"vc_sep_holder vc_sep_holder_r\"><span style=\"border-color:#eeeeee;\" class=\"vc_sep_line\"><\/span><\/span>\n<\/div><style>#slcr_custom_heading_69dee87d92a33{ font-size: 27px;line-height: 35px;text-align: left;  }<\/style><h3 id=\"slcr_custom_heading_69dee87d92a33\" class=\"vc_custom_heading font-700\" >Inside-Out Leadership: Klarheit, Fokus, Wirksamkeit<\/h3><style>#slcr_custom_heading_69dee87d92ba3{ text-align: left;  }<\/style><p id=\"slcr_custom_heading_69dee87d92ba3\" class=\"vc_custom_heading font-400\" >F\u00fchrung bedeutet, Entscheidungen zu treffen, Orientierung zu geben und gleichzeitig authentisch und wirksam zu handeln \u2013 in einer Welt, die sich st\u00e4ndig ver\u00e4ndert.<br \/>\nMeine Inside-Out Leadership Ansatz basiert auf der \u00dcberzeugung, dass nachhaltige F\u00fchrung von innen heraus entsteht. Es geht darum, die Verbindung zwischen den inneren Werten, \u00dcberzeugungen und St\u00e4rken (Inside) und den \u00e4usseren Anforderungen und Dynamiken des F\u00fchrungsalltags (Outside) zu schaffen.<\/p><div class=\"wpb_text_column wpb_content_element \" >\n\t\t<div class=\"wpb_wrapper\">\n\t\t\t<p><span style=\"font-weight: 400;\">Dieser Ansatz erm\u00f6glicht es F\u00fchrungskr\u00e4ften, innere Klarheit mit \u00e4usserer Wirksamkeit zu verbinden:<\/span><\/p>\n<ul>\n<li style=\"font-weight: 400;\" aria-level=\"1\">\n<h4><b>Klarheit &amp; Fokus<\/b>:<\/h4>\n<p><span style=\"font-weight: 400;\">Ihre Pers\u00f6nlichkeit und Werte werden zum Anker f\u00fcr authentisches Handeln. Dadurch gewinnen die F\u00fchrungskr\u00e4fte Sicherheit in Entscheidungen und im Umgang mit Herausforderungen.<\/span><\/li>\n<\/ul>\n<p>&nbsp;<\/p>\n<ul>\n<li style=\"font-weight: 400;\" aria-level=\"1\">\n<h4><b>Wirksamkeit<\/b>:<\/h4>\n<p><span style=\"font-weight: 400;\">Sie schaffen ein Umfeld, das durch Vertrauen und Wirkung gepr\u00e4gt ist.<\/span><\/li>\n<\/ul>\n<p>&nbsp;<\/p>\n<ul>\n<li><span style=\"font-weight: 400;\">Mein Inside-Out Leadership Ansatz unterst\u00fctzt F\u00fchrungskr\u00e4fte dabei, innere Klarheit zu gewinnen, pers\u00f6nliche St\u00e4rken gezielt einzusetzen und Herausforderungen nachhaltig zu meistern.<\/span><\/li>\n<\/ul>\n<p>&nbsp;<\/p>\n<p>Daf\u00fcr stelle ich den Menschen in den Mittelpunkt meiner Arbeit \u2013 mit all seinen Rollen, Werten und Zielen. Dabei geht es nicht nur um Strategien oder kurzfristige L\u00f6sungen. Es geht darum, die inneren \u00dcberzeugungen mit den \u00e4usseren Anforderungen in Einklang zu bringen, um eine F\u00fchrungsweise zu gestalten, die nicht nur nach aussen wirkt, sondern auch von innen heraus stimmig ist.<\/p>\n\n\t\t<\/div>\n\t<\/div> \n            <\/div> \n        <\/div>\n    <\/div><style><\/style><div class=\"wpb_column vc_column_container content-dark vc_col-sm-12 column-z-index-69dee87d92d75\"> \n        <div class=\"vc_column-inner \"> \n            <div class=\"wpb_wrapper\"><div class=\"vc_separator wpb_content_element vc_separator_align_center vc_sep_width_100 vc_sep_pos_align_center vc_separator_no_text vc_custom_1606374141624 wpb_content_element  vc_custom_1606374141624 wpb_content_element\" ><span class=\"vc_sep_holder vc_sep_holder_l\"><span style=\"border-color:#eeeeee;\" class=\"vc_sep_line\"><\/span><\/span><span class=\"vc_sep_holder vc_sep_holder_r\"><span style=\"border-color:#eeeeee;\" class=\"vc_sep_line\"><\/span><\/span>\n<\/div><style>#slcr_custom_heading_69dee87d931dc{ font-size: 27px;line-height: 35px;text-align: left;  }<\/style><h3 id=\"slcr_custom_heading_69dee87d931dc\" class=\"vc_custom_heading font-700\" >Holistischer Leadership Ansatz<\/h3><div class=\"wpb_text_column wpb_content_element \" >\n\t\t<div class=\"wpb_wrapper\">\n\t\t\t<p><span style=\"font-weight: 400;\">Meine Arbeit basiert auf einer ganzheitlichen Betrachtung der F\u00fchrungsperson und ihrer individuellen Situation. Statt nur auf einzelne Herausforderungen zu reagieren, bezieht mein Ansatz die Dynamiken zwischen der F\u00fchrungskraft und ihrem Umfeld mit ein.<\/span><\/p>\n<p><span style=\"font-weight: 400;\">Dabei stehen vier Coaching-Prinzipien im Mittelpunkt:<\/span><\/p>\n\n\t\t<\/div>\n\t<\/div><div class=\"vc_row wpb_row vc_inner vc_row-fluid\"><div class=\"wpb_column vc_column_container vc_col-sm-6\"><div class=\"vc_column-inner\"><div class=\"wpb_wrapper\"><div class=\"wpb_text_column wpb_content_element \" >\n\t\t<div class=\"wpb_wrapper\">\n\t\t\t<ul>\n<li style=\"font-weight: 400;\" aria-level=\"1\">\n<h4><b>Systemisches Coaching:<\/b><\/h4>\n<p><span style=\"font-weight: 400;\">F\u00fchrung wird im Kontext betrachtet. Wechselwirkungen zwischen der F\u00fchrungskraft und ihrem Umfeld stehen im Fokus, um Dynamiken gezielt zu gestalten und Ziele wirksam zu erreichen.<\/span><\/li>\n<\/ul>\n<p>&nbsp;<\/p>\n<ul>\n<li style=\"font-weight: 400;\" aria-level=\"1\">\n<h4><b>L\u00f6sungsorientiertes Coaching:<\/b><\/h4>\n<p><span style=\"font-weight: 400;\">Der Fokus liegt nicht auf Problemen, sondern auf der gew\u00fcnschten Zukunft. Die ideale Situation wird visualisiert, um klare und umsetzbare Schritte dorthin zu entwickeln.<\/span><\/li>\n<\/ul>\n<p>&nbsp;<\/p>\n<ul>\n<li style=\"font-weight: 400;\" aria-level=\"1\">\n<h4><b>Ressourcenorientiertes Coaching<\/b>:<\/h4>\n<p><span style=\"font-weight: 400;\">Vorhandene St\u00e4rken und Potenziale werden aktiviert und bewusst eingesetzt. So entsteht eine nachhaltige Balance zwischen beruflichen Anforderungen und pers\u00f6nlichem Wohlbefinden.<\/span><\/li>\n<\/ul>\n<p>&nbsp;<\/p>\n<ul>\n<li>\n<h4><b>Sinn- und wertebasiertes Coaching:<\/b><\/h4>\n<p><span style=\"font-weight: 400;\">Tiefgehende Reflexion schafft Klarheit \u00fcber Werte, Ziele und Denkweisen. Diese dienen als Kompass f\u00fcr stimmiges Handeln \u2013 authentisch und erf\u00fcllend, beruflich wie pers\u00f6nlich.<\/span><\/li>\n<\/ul>\n<p>&nbsp;<\/p>\n<p><span style=\"font-weight: 400;\">Diese Ans\u00e4tze bilden die Basis f\u00fcr eine ganzheitliche, nachhaltige und wirksame F\u00fchrung. Situativ erg\u00e4nze ich diese Herangehensweise mit weiteren Methodiken, um eine passgenaue Unterst\u00fctzung f\u00fcr die jeweiligen Fragestellungen zu erm\u00f6glichen.<\/span><\/p>\n\n\t\t<\/div>\n\t<\/div><\/div><\/div><\/div><div class=\"wpb_column vc_column_container vc_col-sm-6\"><div class=\"vc_column-inner\"><div class=\"wpb_wrapper\"><div  class=\"wpb_single_image wpb_content_element vc_align_left\">\n\t\t\n\t\t<figure class=\"wpb_wrapper vc_figure\">\n\t\t\t<div class=\"vc_single_image-wrapper   vc_box_border_grey\"><img loading=\"lazy\" decoding=\"async\" width=\"600\" height=\"865\" src=\"https:\/\/corinnesteiner.com\/wp-content\/uploads\/2025\/01\/business-growth-leadership-and-win-concept-red-a-2023-11-27-05-20-53-utc-1-710x1024.png\" class=\"vc_single_image-img attachment-large\" alt=\"\" title=\"business-growth-leadership-and-win-concept-red-a-2023-11-27-05-20-53-utc\" srcset=\"https:\/\/corinnesteiner.com\/wp-content\/uploads\/2025\/01\/business-growth-leadership-and-win-concept-red-a-2023-11-27-05-20-53-utc-1-710x1024.png 710w, https:\/\/corinnesteiner.com\/wp-content\/uploads\/2025\/01\/business-growth-leadership-and-win-concept-red-a-2023-11-27-05-20-53-utc-1-208x300.png 208w, https:\/\/corinnesteiner.com\/wp-content\/uploads\/2025\/01\/business-growth-leadership-and-win-concept-red-a-2023-11-27-05-20-53-utc-1-768x1107.png 768w, https:\/\/corinnesteiner.com\/wp-content\/uploads\/2025\/01\/business-growth-leadership-and-win-concept-red-a-2023-11-27-05-20-53-utc-1-1066x1536.png 1066w, https:\/\/corinnesteiner.com\/wp-content\/uploads\/2025\/01\/business-growth-leadership-and-win-concept-red-a-2023-11-27-05-20-53-utc-1-1421x2048.png 1421w, https:\/\/corinnesteiner.com\/wp-content\/uploads\/2025\/01\/business-growth-leadership-and-win-concept-red-a-2023-11-27-05-20-53-utc-1-8x12.png 8w, https:\/\/corinnesteiner.com\/wp-content\/uploads\/2025\/01\/business-growth-leadership-and-win-concept-red-a-2023-11-27-05-20-53-utc-1.png 1459w\" sizes=\"auto, (max-width: 600px) 100vw, 600px\" \/><\/div>\n\t\t<\/figure>\n\t<\/div> <\/div><\/div><\/div><\/div><div class=\"vc_separator wpb_content_element vc_separator_align_center vc_sep_width_100 vc_sep_pos_align_center vc_separator_no_text vc_custom_1606374141624 wpb_content_element  vc_custom_1606374141624 wpb_content_element\" ><span class=\"vc_sep_holder vc_sep_holder_l\"><span style=\"border-color:#eeeeee;\" class=\"vc_sep_line\"><\/span><\/span><span class=\"vc_sep_holder vc_sep_holder_r\"><span style=\"border-color:#eeeeee;\" class=\"vc_sep_line\"><\/span><\/span>\n<\/div><style>#slcr_custom_heading_69dee87d9470a{ font-size: 27px;line-height: 35px;text-align: left;  }<\/style><h3 id=\"slcr_custom_heading_69dee87d9470a\" class=\"vc_custom_heading vc_custom_1735823576381 font-700\" >Die Dimensionen meines Ansatzes<\/h3><div class=\"wpb_text_column wpb_content_element \" >\n\t\t<div class=\"wpb_wrapper\">\n\t\t\t<p><span style=\"font-weight: 400;\">Auf diesen Grundprinzipien aufbauend entfalten sich f\u00fcnf zentrale Dimensionen, die F\u00fchrungskr\u00e4fte dabei unterst\u00fctzen, ihre Rolle authentisch und wirksam zu gestalten:<\/span><\/p>\n<p>&nbsp;<\/p>\n<ul>\n<li style=\"font-weight: 400;\" aria-level=\"1\">\n<h4><b>Fokus &amp; Priorit\u00e4ten:<\/b><\/h4>\n<p><span style=\"font-weight: 400;\">Hierbei geht um Klarheit in Zielen, den bewussten Umgang mit Zeit und den Ressourcen, um auch in anspruchsvollen Situationen fokussiert, leistungsf\u00e4hig und gelassen zu bleiben.<\/span><\/li>\n<\/ul>\n<p>&nbsp;<\/p>\n<ul>\n<li style=\"font-weight: 400;\" aria-level=\"1\">\n<h4><b>F\u00fchrung &amp; Kommunikation:<\/b><\/h4>\n<p><span style=\"font-weight: 400;\">Klarheit, Empathie und transparente Kommunikation schaffen Vertrauen und f\u00f6rdern Zusammenarbeit. Sie bilden die Grundlage f\u00fcr eine wirkungsvolle F\u00fchrung.<\/span><\/li>\n<\/ul>\n<p>&nbsp;<\/p>\n<ul>\n<li style=\"font-weight: 400;\" aria-level=\"1\">\n<h4><b>Rollen &amp; Verantwortlichkeiten:<\/b><\/h4>\n<p><span style=\"font-weight: 400;\">Klarheit \u00fcber Kompetenzen und Verantwortlichkeiten sowie die bewusste Gestaltung der eigenen Rollen st\u00e4rken Effizienz, Erf\u00fcllung und Authentizit\u00e4t in der F\u00fchrung.<\/span><\/li>\n<\/ul>\n<p>&nbsp;<\/p>\n<ul>\n<li>\n<h4><b>Selbstf\u00fchrung &amp; Resilienz:<\/b><\/h4>\n<p><span style=\"font-weight: 400;\">St\u00e4rkung der Resilienz, um Belastungen souver\u00e4n zu bew\u00e4ltigen und ein gesundes Gleichgewicht zu finden.<\/span><\/li>\n<\/ul>\n<p>&nbsp;<\/p>\n<ul>\n<li>\n<h4><b>Sinnfindung &amp; Pers\u00f6nlichkeitsentwicklung:<\/b><\/h4>\n<p><span style=\"font-weight: 400;\">Werte, Ziele und innere \u00dcberzeugungen dienen als Kompass, um zu erkennen, was wirklich entspricht. Sie geben Orientierung und erm\u00f6glichen gezielte Entwicklung sowie stimmiges Handeln.<\/span><\/li>\n<\/ul>\n\n\t\t<\/div>\n\t<\/div><div class=\"vc_separator wpb_content_element vc_separator_align_center vc_sep_width_100 vc_sep_pos_align_center vc_separator_no_text vc_custom_1606374141624 wpb_content_element  vc_custom_1606374141624 wpb_content_element\" ><span class=\"vc_sep_holder vc_sep_holder_l\"><span style=\"border-color:#eeeeee;\" class=\"vc_sep_line\"><\/span><\/span><span class=\"vc_sep_holder vc_sep_holder_r\"><span style=\"border-color:#eeeeee;\" class=\"vc_sep_line\"><\/span><\/span>\n<\/div><style>#slcr_custom_heading_69dee87d94b25{ font-size: 27px;line-height: 35px;text-align: left;  }<\/style><h3 id=\"slcr_custom_heading_69dee87d94b25\" class=\"vc_custom_heading vc_custom_1735825695555 font-700\" >Was F\u00fchrungskr\u00e4fte bei mir erwartet<\/h3><div class=\"wpb_text_column wpb_content_element \" >\n\t\t<div class=\"wpb_wrapper\">\n\t\t\t<ul>\n<li style=\"font-weight: 400;\" aria-level=\"1\">\n<h4><b>Ein Raum f\u00fcr Reflexion:<\/b><\/h4>\n<p><span style=\"font-weight: 400;\">Ohne Masken oder Perfektion entstehen klare Strategien, die wirklich z\u00e4hlen.<\/span><\/li>\n<\/ul>\n<p>&nbsp;<\/p>\n<ul>\n<li style=\"font-weight: 400;\" aria-level=\"1\">\n<h4><b>Direkte und ehrliche Impulse:<\/b><\/h4>\n<p><span style=\"font-weight: 400;\">Fundiertes Feedback und klare Impulse unterst\u00fctzen gezielte Fortschritte.<\/span><\/li>\n<\/ul>\n<p>&nbsp;<\/p>\n<ul>\n<li style=\"font-weight: 400;\" aria-level=\"1\">\n<h4><b>Nachhaltige Ergebnisse:<\/b><\/h4>\n<p><span style=\"font-weight: 400;\">Praxisnahe Ans\u00e4tze f\u00f6rdern langfristige Klarheit, Gelassenheit und Wirksamkeit.<\/span><\/li>\n<\/ul>\n\n\t\t<\/div>\n\t<\/div><style>#slcr_custom_heading_69dee87d94d90{ font-size: 27px;line-height: 35px;text-align: left;  }<\/style><h3 id=\"slcr_custom_heading_69dee87d94d90\" class=\"vc_custom_heading vc_custom_1735825839685 font-700\" >Langfristige Wirksamkeit und nachhaltige Ver\u00e4nderung<\/h3><div class=\"wpb_text_column wpb_content_element \" >\n\t\t<div class=\"wpb_wrapper\">\n\t\t\t<p><span style=\"font-weight: 400;\">Inside-Out Leadership zielt nicht nur auf kurzfristige Probleml\u00f6sungen ab, sondern f\u00f6rdert eine nachhaltige Transformation. Mit tiefer Selbstreflexion entsteht langfristig Klarheit, Sicherheit und Wirksamkeit in der eigenen F\u00fchrungsrolle.<\/span><\/p>\n<p><span style=\"font-weight: 400;\">F\u00fchrung, die auf einem stimmigen Zusammenspiel von Werten, Zielen und Pers\u00f6nlichkeit basiert, authentisch wirkt und sowohl beruflich als auch pers\u00f6nlich erf\u00fcllt \u2013 das ist Inside-Out Leadership.<\/span><\/p>\n\n\t\t<\/div>\n\t<\/div><div class=\"vc_separator wpb_content_element vc_separator_align_center vc_sep_width_100 vc_sep_pos_align_center vc_separator_no_text vc_custom_1606374141624 wpb_content_element  vc_custom_1606374141624 wpb_content_element\" ><span class=\"vc_sep_holder vc_sep_holder_l\"><span style=\"border-color:#eeeeee;\" class=\"vc_sep_line\"><\/span><\/span><span class=\"vc_sep_holder vc_sep_holder_r\"><span style=\"border-color:#eeeeee;\" class=\"vc_sep_line\"><\/span><\/span>\n<\/div><div class=\"vc_row wpb_row vc_inner vc_row-fluid\"><div class=\"wpb_column vc_column_container vc_col-sm-1\"><div class=\"vc_column-inner\"><div class=\"wpb_wrapper\"><\/div><\/div><\/div><style>#slcr_icon_text_last69dee87d953e8.main__icon { display: block; text-align: center; color: #5abeb6 !important; border-radius: 50%; border-color: #f9f5f2 !important; background: #f9f5f2 !important;  height: 64px; width: 64px; line-height: 64px; font-size: 32px; transition: all ease .3s; -webkit-transition: all ease .3s; } [data-hover-target=\"box\"]:hover #slcr_icon_text_last69dee87d953e8.main__icon, [data-hover-target=\"icon\"] #slcr_icon_text_last69dee87d953e8.main__icon:hover { background: #f9f5f2 !important; border-color: #f9f5f2 !important; color: #5abeb6 !important; } #slcr_icon_text_content69dee87d953e8{  } #slcr_icon_text_img69dee87d953e8{  height: auto; width: 60px;   border-radius: 0px;  }<\/style><div class=\"wpb_column vc_column_container vc_col-sm-5\"><div class=\"vc_column-inner\"><div class=\"wpb_wrapper\">\n                <div class=\"icons__text   icon-center-mobile\"   data-icon-align=\"left\" data-reset-responsive=\"false\" data-hover-target=\"box\" data-vertical-align=\"top\">\n                    <div class=\"icons_wrap\">\n                        <div class=\"icon__container\">\n                            <i class=\"main__icon fas fa-phone\" id=\"slcr_icon_text_last69dee87d953e8\" ><\/i>\n                        <\/div>\n                    <\/div>\n                    <div class=\"text__content\" id=\"slcr_icon_text_content69dee87d953e8\">\n                        \n<h4 style=\"font-size: 23px;font-weight: bold;margin-top: 0;margin-bottom: 0px\">Kostenlose F\u00fchrungsanalyse<\/h4>\n<p>Jetzt gew\u00fcnschte Session im Kalender ausw\u00e4hlen.<\/p>\n                    <\/div>\n                <\/div><\/div><\/div><\/div><div class=\"text-right center-xs wpb_column vc_column_container vc_col-sm-5\"><div class=\"vc_column-inner\"><div class=\"wpb_wrapper\"><style>#btn_slcr_69dee87d95af6{ font-size: 14px; text-transform: uppercase;}  #btn_slcr_69dee87d95af6:hover{ }<\/style><div class=\"vc_btn3-container vc_btn3-inline\">\n                    <a href=\"\/termin\" title=\"\" id=\"btn_slcr_69dee87d95af6\" class=\"btn   vc_custom_1718972647031 left-xs btn--lg font-800 btn--rounded  btn--primary     \">\n                        <span>Kostenlos buchen<\/span>\n                    <\/a>  <\/div><style>#btn_slcr_69dee87d95f11{ font-size: 14px; text-transform: uppercase; } #btn_slcr_69dee87d95f11:hover{ }<\/style><div class=\"vc_btn3-container vc_btn3-inline\">\n                    <a href=\"\/angebote\" title=\"\" id=\"btn_slcr_69dee87d95f11\" class=\"btn   vc_custom_1718972660760 left-xs btn--lg font-800 btn--rounded     btn--primary  btn--ghost \"  >\n                        <span>Alle Angebote<\/span>\n                    <\/a> <\/div><\/div><\/div><\/div><div class=\"wpb_column vc_column_container vc_col-sm-1\"><div class=\"vc_column-inner\"><div class=\"wpb_wrapper\"><\/div><\/div><\/div><\/div> \n            <\/div> \n        <\/div>\n    <\/div><\/div>\n<div class=\"vc_row-full-width vc_clearfix\"><\/div>\n<\/div>","protected":false},"excerpt":{"rendered":"\u00dcber michWie ich arbeite Jede F\u00fchrungssituation ist anders \u2013 daher setze ich auf einen systemisch-l\u00f6sungsorientierten Ansatz, um das volle Spektrum der F\u00fchrungssituation ganzheitlich zu betrachten. Dabei geht es nicht nur um die F\u00fchrungsperson als Individuum, sondern um ihre Rolle im beruflichen und privaten Kontext sowie um alle Rahmenbedingungen, die ihre Situation beeinflussen. Diese ganzheitliche Betrachtung [...]","protected":false},"author":1,"featured_media":0,"parent":587,"menu_order":0,"comment_status":"closed","ping_status":"closed","template":"","meta":{"_acf_changed":false,"footnotes":""},"class_list":["post-1733","page","type-page","status-publish","hentry"],"acf":[],"_links":{"self":[{"href":"https:\/\/corinnesteiner.com\/en\/wp-json\/wp\/v2\/pages\/1733","targetHints":{"allow":["GET"]}}],"collection":[{"href":"https:\/\/corinnesteiner.com\/en\/wp-json\/wp\/v2\/pages"}],"about":[{"href":"https:\/\/corinnesteiner.com\/en\/wp-json\/wp\/v2\/types\/page"}],"author":[{"embeddable":true,"href":"https:\/\/corinnesteiner.com\/en\/wp-json\/wp\/v2\/users\/1"}],"replies":[{"embeddable":true,"href":"https:\/\/corinnesteiner.com\/en\/wp-json\/wp\/v2\/comments?post=1733"}],"version-history":[{"count":36,"href":"https:\/\/corinnesteiner.com\/en\/wp-json\/wp\/v2\/pages\/1733\/revisions"}],"predecessor-version":[{"id":2374,"href":"https:\/\/corinnesteiner.com\/en\/wp-json\/wp\/v2\/pages\/1733\/revisions\/2374"}],"up":[{"embeddable":true,"href":"https:\/\/corinnesteiner.com\/en\/wp-json\/wp\/v2\/pages\/587"}],"wp:attachment":[{"href":"https:\/\/corinnesteiner.com\/en\/wp-json\/wp\/v2\/media?parent=1733"}],"curies":[{"name":"wp","href":"https:\/\/api.w.org\/{rel}","templated":true}]}}