{"id":1765,"date":"2024-11-14T11:46:43","date_gmt":"2024-11-14T10:46:43","guid":{"rendered":"https:\/\/corinnesteiner.landeseite.at\/?page_id=1765"},"modified":"2025-05-06T15:05:47","modified_gmt":"2025-05-06T13:05:47","slug":"leadership-nuggets-and-workshops","status":"publish","type":"page","link":"https:\/\/corinnesteiner.com\/en\/angebote\/leadership-nuggets-and-workshops\/","title":{"rendered":"Leadership Nuggets &#038; Workshops"},"content":{"rendered":"<div class=\"wpb-content-wrapper\"><p><style><\/style><div class=\"vc_row wpb_row vc_row-fluid content-dark data-bg-color-69dee85c7a629 row-z-index-69dee85c7a629\" ><style><\/style><div class=\"wpb_column vc_column_container content-dark vc_col-sm-12 column-z-index-69dee85c7a97f\"> \n        <div class=\"vc_column-inner \"> \n            <div class=\"wpb_wrapper\"><style>#slcr_custom_heading_69dee85c7b250{ font-size: 18px;text-align: left;  }<\/style><p id=\"slcr_custom_heading_69dee85c7b250\" class=\"vc_custom_heading font-600\" >Unsere Leadership Nuggets und Workshops bieten praxisorientierte und kompakte Lernformate, die sich speziell an die Bed\u00fcrfnisse moderner F\u00fchrungskr\u00e4fte richten.<\/p><style>#slcr_custom_heading_69dee85c7b404{ text-align: left;  }<\/style><p id=\"slcr_custom_heading_69dee85c7b404\" class=\"vc_custom_heading font-400\" >F\u00fchrungskr\u00e4fte stehen oft alleine vor komplexen Herausforderungen, doch die gr\u00f6ssten Entwicklungen geschehen im gemeinsamen Austausch. Dieser interaktive Trainingsansatz f\u00f6rdert den Austausch von F\u00fchrungskr\u00e4ften, die sich in \u00e4hnlichen Situationen befinden. In einem gesch\u00fctzten Rahmen bearbeiten die Teilnehmenden praxisnahe Fallbeispiele und erhalten wertvolles, konstruktives Feedback von der Gruppe. Peer Coachings und kollegiale Fallberatungen bieten Raum f\u00fcr Reflexion, gegenseitige Unterst\u00fctzung und das Entwickeln neuer L\u00f6sungsans\u00e4tze.<\/p> \n            <\/div> \n        <\/div>\n    <\/div><\/div><style><\/style><div data-vc-full-width=\"true\" data-vc-full-width-init=\"false\" class=\"vc_row wpb_row vc_row-fluid content-dark data-bg-color-69dee85c7b64c vc_custom_1746536497682 vc_row-has-fill row-z-index-69dee85c7b64c\" ><style><\/style><div class=\"wpb_column vc_column_container content-dark vc_col-sm-12 column-z-index-69dee85c7b825\"> \n        <div class=\"vc_column-inner vc_custom_1606275648461\"> \n            <div class=\"wpb_wrapper\"><div class=\"vc_row wpb_row vc_inner vc_row-fluid\"><div class=\"wpb_column vc_column_container vc_col-sm-6 vc_col-lg-4 vc_col-md-4 vc_col-xs-12\"><div class=\"vc_column-inner vc_custom_1606279817655\"><div class=\"wpb_wrapper\"> \n                    <!-- SERVICE BOX 3 -->\n                    <a href=\"https:\/\/corinnesteiner.com\/termin\/\"  title=\"Termin\"  class=\"service__box-3 \">\n                        <div class=\"service-image lazy\" data-bg=\"url(https:\/\/corinnesteiner.com\/wp-content\/uploads\/2025\/01\/workshop_serie-banner-min.png)\">\n                            <div class=\"image-overlay\"><div class=\"icon-container\">\n                                    <i class=\"fas fa-arrow-circle-right\"><\/i>\n                                <\/div>\n                            <\/div>\n                        <\/div>\n                        <div class=\"service-content\">\n                            <div class=\"service-info\">\n                                <h4>Workshop-Serie<\/h4>\n                                <p>Das Training ist als mehrmodulige Workshop-Serie gestaltet. Die Transferzeit zwischen den Modulen bietet, um die erlernten Strategien in der Praxis auszuprobieren und zu reflektieren.<\/p>\n                            <\/div>\n                            <div class=\"service-link\">\n                                <span class=\"link-text\">Jetzt anfragen<\/span>\n                                <span class=\"service__arrow\">\n                                    <svg version=\"1.1\" xmlns=\"http:\/\/www.w3.org\/2000\/svg\" xmlns:xlink=\"http:\/\/www.w3.org\/1999\/xlink\" x=\"0px\" y=\"0px\" width=\"408px\" height=\"408px\" viewBox=\"0 0 408 408\" style=\"enable-background:new 0 0 408 408;\" xml:space=\"preserve\">\n                                        <polygon points=\"204,0 168.3,35.7 311.1,178.5 0,178.5 0,229.5 311.1,229.5 168.3,372.3 204,408 408,204\"><\/polygon>\n                                     <\/svg>\n                                 <\/span>\n                            <\/div>\n                        <\/div>\n                    <\/a><\/div><\/div><\/div><div class=\"wpb_column vc_column_container vc_col-sm-6 vc_col-lg-4 vc_col-md-4 vc_col-xs-12\"><div class=\"vc_column-inner vc_custom_1606279857433\"><div class=\"wpb_wrapper\"> \n                    <!-- SERVICE BOX 3 -->\n                    <a href=\"https:\/\/corinnesteiner.com\/termin\/\"  title=\"Termin\"  class=\"service__box-3 \">\n                        <div class=\"service-image lazy\" data-bg=\"url(https:\/\/corinnesteiner.com\/wp-content\/uploads\/2025\/01\/leadership-nugget-min.png)\">\n                            <div class=\"image-overlay\"><div class=\"icon-container\">\n                                    <i class=\"fas fa-arrow-circle-right\"><\/i>\n                                <\/div>\n                            <\/div>\n                        <\/div>\n                        <div class=\"service-content\">\n                            <div class=\"service-info\">\n                                <h4>Leadership Nugget<\/h4>\n                                <p>In 2-st\u00fcndigen Inpuls Session erhalten die Teilnehmenden wertvolle Inputs zu einem bestimmten Thema.<\/p>\n                            <\/div>\n                            <div class=\"service-link\">\n                                <span class=\"link-text\">Jetzt anfragen<\/span>\n                                <span class=\"service__arrow\">\n                                    <svg version=\"1.1\" xmlns=\"http:\/\/www.w3.org\/2000\/svg\" xmlns:xlink=\"http:\/\/www.w3.org\/1999\/xlink\" x=\"0px\" y=\"0px\" width=\"408px\" height=\"408px\" viewBox=\"0 0 408 408\" style=\"enable-background:new 0 0 408 408;\" xml:space=\"preserve\">\n                                        <polygon points=\"204,0 168.3,35.7 311.1,178.5 0,178.5 0,229.5 311.1,229.5 168.3,372.3 204,408 408,204\"><\/polygon>\n                                     <\/svg>\n                                 <\/span>\n                            <\/div>\n                        <\/div>\n                    <\/a><\/div><\/div><\/div><div class=\"wpb_column vc_column_container vc_col-sm-6 vc_col-lg-4 vc_col-md-4 vc_col-xs-12\"><div class=\"vc_column-inner vc_custom_1606279850876\"><div class=\"wpb_wrapper\"> \n                    <!-- SERVICE BOX 3 -->\n                    <a href=\"https:\/\/corinnesteiner.com\/termin\/\"  title=\"Cookie-Richtlinie (EU)\"  class=\"service__box-3 \">\n                        <div class=\"service-image lazy\" data-bg=\"url(https:\/\/corinnesteiner.com\/wp-content\/uploads\/2024\/11\/halbtages-workshop-1024x535.png)\">\n                            <div class=\"image-overlay\"><div class=\"icon-container\">\n                                    <i class=\"fas fa-arrow-circle-right\"><\/i>\n                                <\/div>\n                            <\/div>\n                        <\/div>\n                        <div class=\"service-content\">\n                            <div class=\"service-info\">\n                                <h4>Tages- oder Halbtagesworkshop<\/h4>\n                                <p>Das in sich abgeschlossene Training deckt spezifische Themen aus der Workshop-Serie ab. Gemeinsam bestimmen wir, was der Fokus des Workshops sein soll.<\/p>\n                            <\/div>\n                            <div class=\"service-link\">\n                                <span class=\"link-text\">Jetzt anfragen<\/span>\n                                <span class=\"service__arrow\">\n                                    <svg version=\"1.1\" xmlns=\"http:\/\/www.w3.org\/2000\/svg\" xmlns:xlink=\"http:\/\/www.w3.org\/1999\/xlink\" x=\"0px\" y=\"0px\" width=\"408px\" height=\"408px\" viewBox=\"0 0 408 408\" style=\"enable-background:new 0 0 408 408;\" xml:space=\"preserve\">\n                                        <polygon points=\"204,0 168.3,35.7 311.1,178.5 0,178.5 0,229.5 311.1,229.5 168.3,372.3 204,408 408,204\"><\/polygon>\n                                     <\/svg>\n                                 <\/span>\n                            <\/div>\n                        <\/div>\n                    <\/a><\/div><\/div><\/div><\/div><div class=\"vc_row wpb_row vc_inner vc_row-fluid vc_custom_1606279804561 vc_row-has-fill vc_row-o-equal-height vc_row-o-content-middle vc_row-flex\"><div class=\"wpb_column vc_column_container vc_col-sm-5\"><div class=\"vc_column-inner vc_custom_1604317229860\"><div class=\"wpb_wrapper\"><style>#slcr_custom_heading_69dee85c7d412{ font-size: 14px;color: #5abeb6;line-height: 1.2;text-align: left;  }<\/style><p id=\"slcr_custom_heading_69dee85c7d412\" class=\"vc_custom_heading sub-heading single font-800\" >Formate<\/p><style>#slcr_custom_heading_69dee85c7d573{ font-size: 45px;line-height: 43px;text-align: left;  }<\/style><h1 id=\"slcr_custom_heading_69dee85c7d573\" class=\"vc_custom_heading vc_custom_1730280387094 font-700\" >Optimales 1:1 Coaching (1 Stunde)<\/h1><\/div><\/div><\/div><div class=\"wpb_column vc_column_container vc_col-sm-1\"><div class=\"vc_column-inner vc_custom_1604317225170\"><div class=\"wpb_wrapper\"><\/div><\/div><\/div><div class=\"wpb_column vc_column_container vc_col-sm-6\"><div class=\"vc_column-inner vc_custom_1604390803495\"><div class=\"wpb_wrapper\"><div class=\"wpb_text_column wpb_content_element  vc_custom_1730280399558\" >\n\t\t<div class=\"wpb_wrapper\">\n\t\t\t<p><span style=\"font-weight: 400;\">Bei allen Varianten k\u00f6nnen optional 1:1 Coachings hinzugebucht werden, um bei Bedarf vertrauliche Themen individuell zu vertiefen. Nicht alle Themen lassen sich in der Gruppe ansprechen. Die 1:1 Coachings bieten Teilnehmenden die M\u00f6glichkeit, pers\u00f6nliche Fragestellungen in einem gesch\u00fctzten Rahmen zu reflektieren und individuelle L\u00f6sungen zu erarbeiten.<\/span><\/p>\n\n\t\t<\/div>\n\t<\/div><\/div><\/div><\/div><\/div><div class=\"vc_row wpb_row vc_inner vc_row-fluid vc_row-o-equal-height vc_row-o-content-middle vc_row-flex\"><div class=\"wpb_column vc_column_container vc_col-sm-6\"><div class=\"vc_column-inner vc_custom_1604317229860\"><div class=\"wpb_wrapper\"><style>#slcr_custom_heading_69dee85c7dd10{ font-size: 14px;color: #5abeb6;line-height: 1.2;text-align: left;  }<\/style><p id=\"slcr_custom_heading_69dee85c7dd10\" class=\"vc_custom_heading sub-heading single font-800\" >Formate<\/p><style>#slcr_custom_heading_69dee85c7de70{ font-size: 45px;line-height: 43px;text-align: left;  }<\/style><h1 id=\"slcr_custom_heading_69dee85c7de70\" class=\"vc_custom_heading vc_custom_1730280513696 font-700\" >M\u00f6gliche Inhalte<\/h1><div class=\"wpb_text_column wpb_content_element  vc_custom_1746536618227\" >\n\t\t<div class=\"wpb_wrapper\">\n\t\t\t<ul>\n<li class=\"li2\">F\u00fchren \u00fcber Fragen<\/li>\n<li class=\"li2\">Gewaltfreie Kommunikation<\/li>\n<li class=\"li2\">Schwierige Gespr\u00e4che f\u00fchren<\/li>\n<li class=\"li2\">Selbstf\u00fchrung<\/li>\n<li class=\"li2\">Resilienz \/ Burnout Pr\u00e4vention<\/li>\n<li class=\"li2\">Mitarbeitergespr\u00e4che<\/li>\n<\/ul>\n\n\t\t<\/div>\n\t<\/div><div class=\"vc_empty_space\"   style=\"height: 15px\"><span class=\"vc_empty_space_inner\"><\/span><\/div><\/div><\/div><\/div><div class=\"wpb_column vc_column_container vc_col-sm-6\"><div class=\"vc_column-inner\"><div class=\"wpb_wrapper\"><div  class=\"wpb_single_image wpb_content_element vc_align_left\">\n\t\t\n\t\t<figure class=\"wpb_wrapper vc_figure\">\n\t\t\t<div class=\"vc_single_image-wrapper vc_box_rounded  vc_box_border_grey\"><img loading=\"lazy\" decoding=\"async\" width=\"900\" height=\"988\" src=\"https:\/\/corinnesteiner.com\/wp-content\/uploads\/2024\/06\/place-about-1-min.png\" class=\"vc_single_image-img attachment-full\" alt=\"\" title=\"___place-about-1-min\" srcset=\"https:\/\/corinnesteiner.com\/wp-content\/uploads\/2024\/06\/place-about-1-min.png 900w, https:\/\/corinnesteiner.com\/wp-content\/uploads\/2024\/06\/place-about-1-min-273x300.png 273w, https:\/\/corinnesteiner.com\/wp-content\/uploads\/2024\/06\/place-about-1-min-768x843.png 768w, https:\/\/corinnesteiner.com\/wp-content\/uploads\/2024\/06\/place-about-1-min-11x12.png 11w, https:\/\/corinnesteiner.com\/wp-content\/uploads\/2024\/06\/place-about-1-min-600x659.png 600w\" sizes=\"auto, (max-width: 900px) 100vw, 900px\" \/><\/div>\n\t\t<\/figure>\n\t<\/div> <\/div><\/div><\/div><\/div><div class=\"vc_separator wpb_content_element vc_separator_align_center vc_sep_width_100 vc_sep_pos_align_center vc_separator_no_text vc_custom_1606374141624 wpb_content_element  vc_custom_1606374141624 wpb_content_element\" ><span class=\"vc_sep_holder vc_sep_holder_l\"><span style=\"border-color:#eeeeee;\" class=\"vc_sep_line\"><\/span><\/span><span class=\"vc_sep_holder vc_sep_holder_r\"><span style=\"border-color:#eeeeee;\" class=\"vc_sep_line\"><\/span><\/span>\n<\/div><div class=\"vc_row wpb_row vc_inner vc_row-fluid vc_row-o-equal-height vc_row-o-content-middle vc_row-flex\"><div class=\"wpb_column vc_column_container vc_col-sm-5\"><div class=\"vc_column-inner vc_custom_1604317229860\"><div class=\"wpb_wrapper\"><style>#slcr_custom_heading_69dee85c7f7cb{ font-size: 14px;color: #5abeb6;line-height: 1.2;text-align: left;  }<\/style><p id=\"slcr_custom_heading_69dee85c7f7cb\" class=\"vc_custom_heading sub-heading single font-800\" >Formate<\/p><style>#slcr_custom_heading_69dee85c7fa34{ font-size: 27px;line-height: 35px;text-align: left;  }<\/style><h3 id=\"slcr_custom_heading_69dee85c7fa34\" class=\"vc_custom_heading vc_custom_1730281934780 font-700\" >Workshop-Serie Beispiel:<\/h3><div  class=\"wpb_single_image wpb_content_element vc_align_left\">\n\t\t\n\t\t<figure class=\"wpb_wrapper vc_figure\">\n\t\t\t<div class=\"vc_single_image-wrapper   vc_box_border_grey\"><img loading=\"lazy\" decoding=\"async\" width=\"556\" height=\"693\" src=\"https:\/\/corinnesteiner.com\/wp-content\/uploads\/2024\/06\/place-about-2-1-min.png\" class=\"vc_single_image-img attachment-full\" alt=\"\" title=\"______place-about-2-1-min\" srcset=\"https:\/\/corinnesteiner.com\/wp-content\/uploads\/2024\/06\/place-about-2-1-min.png 556w, https:\/\/corinnesteiner.com\/wp-content\/uploads\/2024\/06\/place-about-2-1-min-241x300.png 241w, https:\/\/corinnesteiner.com\/wp-content\/uploads\/2024\/06\/place-about-2-1-min-10x12.png 10w\" sizes=\"auto, (max-width: 556px) 100vw, 556px\" \/><\/div>\n\t\t<\/figure>\n\t<\/div> <\/div><\/div><\/div><div class=\"wpb_column vc_column_container vc_col-sm-1\"><div class=\"vc_column-inner vc_custom_1604317225170\"><div class=\"wpb_wrapper\"><\/div><\/div><\/div><div class=\"wpb_column vc_column_container vc_col-sm-6\"><div class=\"vc_column-inner vc_custom_1604390803495\"><div class=\"wpb_wrapper\"><div class=\"wpb_text_column wpb_content_element \" >\n\t\t<div class=\"wpb_wrapper\">\n\t\t\t<h4><\/h4>\n<ul>\n<li style=\"font-weight: 400;\" aria-level=\"1\">\n<h4>Modul 1: Selbstf\u00fchrung-Vom Wollen ins Tun (4 Stunden, vor Ort)<\/h4>\n<\/li>\n<\/ul>\n<p><span style=\"font-weight: 400;\">In diesem Modul geht es darum, ein tiefes Verst\u00e4ndnis daf\u00fcr zu entwickeln, wie Selbstf\u00fchrung die pers\u00f6nliche Zielerreichung beeinflusst. Die Teilnehmenden erkennen Hindernisse und erarbeiten individuelle Strategien, um berufliche und private Erwartungen im Einklang zu halten.<\/span><\/p>\n<ul>\n<li style=\"font-weight: 400;\" aria-level=\"1\"><span style=\"font-weight: 400;\">Bewusstsein f\u00fcr die Bedeutung der Selbstf\u00fchrung<\/span><\/li>\n<li style=\"font-weight: 400;\" aria-level=\"1\"><span style=\"font-weight: 400;\">Herausforderungen und Hindernisse erkennen<\/span><\/li>\n<li style=\"font-weight: 400;\" aria-level=\"1\"><span style=\"font-weight: 400;\">Individuelle Zielsetzung und Ma\u00dfnahmenplanung<\/span><\/li>\n<\/ul>\n<p><strong>Vorbereitung:<\/strong> Selbsttest zur Selbsterkenntnis<\/p>\n<p>&nbsp;<\/p>\n<ul>\n<li style=\"font-weight: 400;\" aria-level=\"1\">\n<h4>Modul 2: Erfolgskontrolle und Kurskorrektur (3 Stunden, vor Ort oder online)<\/h4>\n<\/li>\n<\/ul>\n<p><span style=\"font-weight: 400;\">In diesem Modul liegt der Fokus auf der Analyse von Erfolgen und Herausforderungen bei der Zielerreichung. Gemeinsam wird reflektiert, wie Ziele in der Praxis umgesetzt wurden, und wie sich langfristiger Erfolg sichern l\u00e4sst.<\/span><\/p>\n<ul>\n<li><span style=\"font-weight: 400;\">Realit\u00e4t versus Planung: Umgang mit allt\u00e4glichen Herausforderungen<\/span><\/li>\n<li><span style=\"font-weight: 400;\">Erfolgsfaktoren und Gr\u00fcnde f\u00fcr das Scheitern identifizieren<\/span><\/li>\n<li><span style=\"font-weight: 400;\">Ziele und Ma\u00dfnahmen weiterentwickeln<\/span><\/li>\n<\/ul>\n<p>&nbsp;<\/p>\n<ul>\n<li style=\"font-weight: 400;\" aria-level=\"1\">\n<h4>Modul 3: Langfristige Motivation und Selbstf\u00fchrung (2 Stunden, online)<\/h4>\n<\/li>\n<\/ul>\n<p><span style=\"font-weight: 400;\">Dieses Modul f\u00f6rdert die langfristige Umsetzung von Selbstf\u00fchrungsstrategien ohne externe Kontrolle. Es geht darum, Routinen aufrechtzuerhalten, Erfolge bewusst zu feiern und kontinuierliche Motivation zu sichern.<\/span><\/p>\n<ul>\n<li><span style=\"font-weight: 400;\">Strategien zur Aufrechterhaltung von Routinen<\/span><\/li>\n<li><span style=\"font-weight: 400;\">Feedback-Schleifen zur Anpassung und Verbesserung<\/span><\/li>\n<li><span style=\"font-weight: 400;\">Erfolgsbewusstsein und Motivation st\u00e4rken<\/span><\/li>\n<\/ul>\n\n\t\t<\/div>\n\t<\/div><\/div><\/div><\/div><\/div><div class=\"vc_separator wpb_content_element vc_separator_align_center vc_sep_width_100 vc_sep_pos_align_center vc_separator_no_text vc_custom_1606374141624 wpb_content_element  vc_custom_1606374141624 wpb_content_element\" ><span class=\"vc_sep_holder vc_sep_holder_l\"><span style=\"border-color:#eeeeee;\" class=\"vc_sep_line\"><\/span><\/span><span class=\"vc_sep_holder vc_sep_holder_r\"><span style=\"border-color:#eeeeee;\" class=\"vc_sep_line\"><\/span><\/span>\n<\/div><div class=\"vc_row wpb_row vc_inner vc_row-fluid vc_custom_1732622634415 vc_row-has-fill\"><div class=\"wpb_column vc_column_container vc_col-sm-1\"><div class=\"vc_column-inner\"><div class=\"wpb_wrapper\"><\/div><\/div><\/div><style>#slcr_icon_text_last69dee85c810ae.main__icon { display: block; text-align: center; color: #5abeb6 !important; border-radius: 50%; border-color: #f9f5f2 !important; background: #f9f5f2 !important;  height: 64px; width: 64px; line-height: 64px; font-size: 32px; transition: all ease .3s; -webkit-transition: all ease .3s; } [data-hover-target=\"box\"]:hover #slcr_icon_text_last69dee85c810ae.main__icon, [data-hover-target=\"icon\"] #slcr_icon_text_last69dee85c810ae.main__icon:hover { background: #f9f5f2 !important; border-color: #f9f5f2 !important; color: #5abeb6 !important; } #slcr_icon_text_content69dee85c810ae{  } #slcr_icon_text_img69dee85c810ae{  height: auto; width: 60px;   border-radius: 0px;  }<\/style><div class=\"wpb_column vc_column_container vc_col-sm-5\"><div class=\"vc_column-inner\"><div class=\"wpb_wrapper\">\n                <div class=\"icons__text   icon-center-mobile\"   data-icon-align=\"left\" data-reset-responsive=\"false\" data-hover-target=\"box\" data-vertical-align=\"top\">\n                    <div class=\"icons_wrap\">\n                        <div class=\"icon__container\">\n                            <i class=\"main__icon fas fa-phone\" id=\"slcr_icon_text_last69dee85c810ae\" ><\/i>\n                        <\/div>\n                    <\/div>\n                    <div class=\"text__content\" id=\"slcr_icon_text_content69dee85c810ae\">\n                        \n<h4 style=\"font-size: 23px;font-weight: bold;margin-top: 0;margin-bottom: 0px\">Du hast ein F\u00fchrungsanliegen?<\/h4>\n<p>Jetzt gew\u00fcnschte Session im Kalender ausw\u00e4hlen.<\/p>\n                    <\/div>\n                <\/div><\/div><\/div><\/div><div class=\"text-right center-xs wpb_column vc_column_container vc_col-sm-5\"><div class=\"vc_column-inner\"><div class=\"wpb_wrapper\"><style>#btn_slcr_69dee85c81b7d{ font-size: 14px; text-transform: uppercase;}  #btn_slcr_69dee85c81b7d:hover{ }<\/style><div class=\"vc_btn3-container vc_btn3-inline\">\n                    <a href=\"\/termin\" title=\"\" id=\"btn_slcr_69dee85c81b7d\" class=\"btn   vc_custom_1718972647031 left-xs btn--lg font-800 btn--rounded  btn--primary     \">\n                        <span>Kostenlos buchen<\/span>\n                    <\/a>  <\/div><style>#btn_slcr_69dee85c8219f{ font-size: 14px; text-transform: uppercase; } #btn_slcr_69dee85c8219f:hover{ }<\/style><div class=\"vc_btn3-container vc_btn3-inline\">\n                    <a href=\"\/angebote\" title=\"\" id=\"btn_slcr_69dee85c8219f\" class=\"btn   vc_custom_1718972660760 left-xs btn--lg font-800 btn--rounded     btn--primary  btn--ghost \"  >\n                        <span>Alle Angebote<\/span>\n                    <\/a> <\/div><\/div><\/div><\/div><div class=\"wpb_column vc_column_container vc_col-sm-1\"><div class=\"vc_column-inner\"><div class=\"wpb_wrapper\"><\/div><\/div><\/div><\/div> \n            <\/div> \n        <\/div>\n    <\/div><\/div>\n<div class=\"vc_row-full-width vc_clearfix\"><\/div>\n<\/div>","protected":false},"excerpt":{"rendered":"Unsere Leadership Nuggets und Workshops bieten praxisorientierte und kompakte Lernformate, die sich speziell an die Bed\u00fcrfnisse moderner F\u00fchrungskr\u00e4fte richten.F\u00fchrungskr\u00e4fte stehen oft alleine vor komplexen Herausforderungen, doch die gr\u00f6ssten Entwicklungen geschehen im gemeinsamen Austausch. Dieser interaktive Trainingsansatz f\u00f6rdert den Austausch von F\u00fchrungskr\u00e4ften, die sich in \u00e4hnlichen Situationen befinden. In einem gesch\u00fctzten Rahmen bearbeiten die Teilnehmenden praxisnahe [...]","protected":false},"author":1,"featured_media":1349,"parent":657,"menu_order":0,"comment_status":"closed","ping_status":"closed","template":"sidebar-right.php","meta":{"_acf_changed":false,"footnotes":""},"class_list":["post-1765","page","type-page","status-publish","has-post-thumbnail","hentry"],"acf":[],"_links":{"self":[{"href":"https:\/\/corinnesteiner.com\/en\/wp-json\/wp\/v2\/pages\/1765","targetHints":{"allow":["GET"]}}],"collection":[{"href":"https:\/\/corinnesteiner.com\/en\/wp-json\/wp\/v2\/pages"}],"about":[{"href":"https:\/\/corinnesteiner.com\/en\/wp-json\/wp\/v2\/types\/page"}],"author":[{"embeddable":true,"href":"https:\/\/corinnesteiner.com\/en\/wp-json\/wp\/v2\/users\/1"}],"replies":[{"embeddable":true,"href":"https:\/\/corinnesteiner.com\/en\/wp-json\/wp\/v2\/comments?post=1765"}],"version-history":[{"count":20,"href":"https:\/\/corinnesteiner.com\/en\/wp-json\/wp\/v2\/pages\/1765\/revisions"}],"predecessor-version":[{"id":2734,"href":"https:\/\/corinnesteiner.com\/en\/wp-json\/wp\/v2\/pages\/1765\/revisions\/2734"}],"up":[{"embeddable":true,"href":"https:\/\/corinnesteiner.com\/en\/wp-json\/wp\/v2\/pages\/657"}],"wp:featuredmedia":[{"embeddable":true,"href":"https:\/\/corinnesteiner.com\/en\/wp-json\/wp\/v2\/media\/1349"}],"wp:attachment":[{"href":"https:\/\/corinnesteiner.com\/en\/wp-json\/wp\/v2\/media?parent=1765"}],"curies":[{"name":"wp","href":"https:\/\/api.w.org\/{rel}","templated":true}]}}