{"id":1772,"date":"2024-11-14T11:56:10","date_gmt":"2024-11-14T10:56:10","guid":{"rendered":"https:\/\/corinnesteiner.landeseite.at\/?page_id=1772"},"modified":"2025-01-22T10:38:33","modified_gmt":"2025-01-22T09:38:33","slug":"was-das-leadership-programm-bringt","status":"publish","type":"page","link":"https:\/\/corinnesteiner.com\/en\/angebote\/leadership-design-journey\/was-das-leadership-programm-bringt\/","title":{"rendered":"Was das Leadership Design Programm insgesamt bringt"},"content":{"rendered":"<div class=\"wpb-content-wrapper\"><style><\/style><div data-vc-full-width=\"true\" data-vc-full-width-init=\"false\" class=\"vc_row wpb_row vc_row-fluid content-dark data-bg-color-69dee8308a833 vc_custom_1731584763823 vc_row-has-fill row-z-index-69dee8308a833\" ><style><\/style><div class=\"wpb_column vc_column_container content-dark vc_col-sm-12 column-z-index-69dee8308ad83\"> \n        <div class=\"vc_column-inner vc_custom_1604060220689\"> \n            <div class=\"wpb_wrapper\"><style>#slcr_custom_heading_69dee8308b845{ text-align: left;  }<\/style><p id=\"slcr_custom_heading_69dee8308b845\" class=\"vc_custom_heading vc_custom_1730291097456 font-400\" >Die Begleitung l\u00f6st nicht nur kurzfristige Herausforderungen, sondern bewirkt eine nachhaltige Transformation in der F\u00fchrung. Es unterst\u00fctzt F\u00fchrungskr\u00e4fte darin, Herausforderungen souver\u00e4n zu meistern und authentisch sowie wirkungsvoll zu f\u00fchren. Die Kombination aus Coaching, Sparring und Training st\u00e4rkt F\u00fchrungskompetenzen, verbessert die Zusammenarbeit und f\u00f6rdert ein positives Arbeitsklima \u2013 mit langfristiger Wirkung f\u00fcr die F\u00fchrungskraft, ihre Mitarbeitenden und das Unternehmen.<\/p>\n<p>Um diese Transformation zu erreichen, konzentriert sich das Leadership Design Programm auf vier zentrale Aspekte, die f\u00fcr den langfristigen Erfolg in der F\u00fchrung entscheidend sind:<\/p><style>#slcr_custom_heading_69dee8308bab7{ text-align: left;  }<\/style><p id=\"slcr_custom_heading_69dee8308bab7\" class=\"vc_custom_heading vc_custom_1730291167935 font-400\" >Diese vier Bausteine legen die Grundlage f\u00fcr eine nachhaltige, authentische und effektive F\u00fchrung. Sie decken die wichtigsten Bereiche ab, die f\u00fcr den langfristigen Erfolg jeder F\u00fchrungskraft von entscheidender Bedeutung sind.<\/p><div  class=\"wpb_single_image wpb_content_element vc_align_left\">\n\t\t\n\t\t<figure class=\"wpb_wrapper vc_figure\">\n\t\t\t<div class=\"vc_single_image-wrapper   vc_box_border_grey\"><img loading=\"lazy\" decoding=\"async\" width=\"1510\" height=\"1336\" src=\"https:\/\/corinnesteiner.com\/wp-content\/uploads\/2025\/01\/Screenshot-2025-01-02-at-15.22.54-1.png\" class=\"vc_single_image-img attachment-full\" alt=\"\" title=\"Screenshot 2025-01-02 at 15.22.54\" srcset=\"https:\/\/corinnesteiner.com\/wp-content\/uploads\/2025\/01\/Screenshot-2025-01-02-at-15.22.54-1.png 1510w, https:\/\/corinnesteiner.com\/wp-content\/uploads\/2025\/01\/Screenshot-2025-01-02-at-15.22.54-1-300x265.png 300w, https:\/\/corinnesteiner.com\/wp-content\/uploads\/2025\/01\/Screenshot-2025-01-02-at-15.22.54-1-1024x906.png 1024w, https:\/\/corinnesteiner.com\/wp-content\/uploads\/2025\/01\/Screenshot-2025-01-02-at-15.22.54-1-768x680.png 768w, https:\/\/corinnesteiner.com\/wp-content\/uploads\/2025\/01\/Screenshot-2025-01-02-at-15.22.54-1-14x12.png 14w\" sizes=\"auto, (max-width: 1510px) 100vw, 1510px\" \/><\/div>\n\t\t<\/figure>\n\t<\/div>  \n            <\/div> \n        <\/div>\n    <\/div><style><\/style><div class=\"wpb_column vc_column_container content-dark vc_col-sm-12 column-z-index-69dee8308c8e0\"> \n        <div class=\"vc_column-inner\"> \n            <div class=\"wpb_wrapper\"><div class=\"vc_separator wpb_content_element vc_separator_align_center vc_sep_width_100 vc_sep_pos_align_center vc_separator_no_text vc_custom_1606374141624 wpb_content_element  vc_custom_1606374141624 wpb_content_element\" ><span class=\"vc_sep_holder vc_sep_holder_l\"><span style=\"border-color:#eeeeee;\" class=\"vc_sep_line\"><\/span><\/span><span class=\"vc_sep_holder vc_sep_holder_r\"><span style=\"border-color:#eeeeee;\" class=\"vc_sep_line\"><\/span><\/span>\n<\/div><style>#slcr_custom_heading_69dee8308d09a{ font-size: 27px;line-height: 35px;text-align: left;  }<\/style><h3 id=\"slcr_custom_heading_69dee8308d09a\" class=\"vc_custom_heading font-700\" >Zentralen Aspekte, bei denen das Leadership Design Coaching-Programm wirkungsvoll und effektiv unterst\u00fctzt:<\/h3><div class=\"wpb_text_column wpb_content_element\" >\n\t\t<div class=\"wpb_wrapper\">\n\t\t\t<ul>\n<li style=\"font-weight: 400;\" aria-level=\"1\">\n<h4>Komplexit\u00e4t der F\u00fchrungsaufgaben meistern:<\/h4>\n<p><span style=\"font-weight: 400;\"> In der F\u00fchrung sind t\u00e4glich zahlreiche, oft widerspr\u00fcchliche Anforderungen zu managen \u2013 von der strategischen Planung bis zur operativen Umsetzung. Es ist entscheidend, die F\u00e4higkeit zu entwickeln, Priorit\u00e4ten zu setzen, Ressourcen effizient zu nutzen und Entscheidungen zu treffen, die sowohl kurzfristige als auch langfristige Auswirkungen ber\u00fccksichtigen. Gemeinsam entschl\u00fcsseln wir diese Komplexit\u00e4t und entwickeln klare, umsetzbare Strategien.<\/span><\/li>\n<\/ul>\n<p>&nbsp;<\/p>\n<ul>\n<li style=\"font-weight: 400;\" aria-level=\"1\">\n<h4>Kommunikation optimieren:<\/h4>\n<p><span style=\"font-weight: 400;\"> Effektive Kommunikation beeinflusst die Teamdynamik, das Vertrauen und die Motivation. Wir arbeiten daran, Kommunikationsf\u00e4higkeiten zu entwickeln, die Missverst\u00e4ndnisse reduzieren und eine tiefere Verbindung zu deinem Team herstellen, um ein unterst\u00fctzendes und produktives Arbeitsumfeld zu schaffen.<\/span><\/li>\n<\/ul>\n<p>&nbsp;<\/p>\n<ul>\n<li style=\"font-weight: 400;\" aria-level=\"1\">\n<h4>Motivation und Engagement nachhaltig f\u00f6rdern:<\/h4>\n<p><span style=\"font-weight: 400;\"> Es reicht nicht aus, gelegentlich Motivation zu f\u00f6rdern. Es gilt, kontinuierlich ein Umfeld zu schaffen, das Engagement und pers\u00f6nliche Verantwortung st\u00e4rkt. Wir identifizieren gemeinsam, was deine Mitarbeitenden ben\u00f6tigen, um selbstst\u00e4ndig und engagiert zu arbeiten, und entwickeln langfristige Strategien zum Entwickeln und F\u00f6rdern der Mitarbeitenden.<\/span><\/li>\n<\/ul>\n<p>&nbsp;<\/p>\n<ul>\n<li style=\"font-weight: 400;\" aria-level=\"1\">\n<h4>Ver\u00e4nderungen und Transformationen erfolgreich gestalten:<\/h4>\n<p><span style=\"font-weight: 400;\"> Ver\u00e4nderungsprozesse sind oft mit Widerst\u00e4nden und Unsicherheiten verbunden. Wir erarbeiten Techniken und Strategien, um Ver\u00e4nderungen nicht nur effektiv zu managen, sondern auch das Mindset deiner Mitarbeitenden und die Unternehmenskultur positiv zu beeinflussen und zu gestalten.<\/span><\/li>\n<\/ul>\n<p>&nbsp;<\/p>\n<ul>\n<li style=\"font-weight: 400;\" aria-level=\"1\">\n<h4>Balance zwischen beruflichen und privaten Anforderungen finden:<\/h4>\n<p><span style=\"font-weight: 400;\"> F\u00fchrungskr\u00e4fte m\u00fcssen eine gesunde Balance zwischen Arbeit und Privatleben finden. Gemeinsam entwickeln wir Ans\u00e4tze, damit du deine Zeit und Energie optimal nutzen kannst, sodass du sowohl berufliche Ziele erreichst als auch Gelassenheit und pers\u00f6nliche Erf\u00fcllung erlebst.<\/span><\/li>\n<\/ul>\n<p>&nbsp;<\/p>\n<ul>\n<li style=\"font-weight: 400;\" aria-level=\"1\">\n<h4>Selbstreflexion und kontinuierliches Wachstum f\u00f6rdern:<\/h4>\n<p><span style=\"font-weight: 400;\"> Die F\u00e4higkeit zur Selbstreflexion ist der Schl\u00fcssel zur pers\u00f6nlichen und beruflichen Weiterentwicklung. Durch tiefgehende Reflexion und konstruktives Feedback erkennen wir deine St\u00e4rken und Entwicklungsm\u00f6glichkeiten, arbeiten kontinuierlich an deiner Weiterentwicklung und f\u00f6rdern deine F\u00fchrungskompetenzen.<\/span><\/li>\n<\/ul>\n\n\t\t<\/div>\n\t<\/div><div class=\"wpb_text_column wpb_content_element\" >\n\t\t<div class=\"wpb_wrapper\">\n\t\t\t<p><span style=\"font-weight: 400;\">Diese Auflistung ist nicht abschliessend und je nach deiner F\u00fchrungssituation spezifisch auf deine Bed\u00fcrfnisse anpassbar.<\/span><\/p>\n\n\t\t<\/div>\n\t<\/div> \n            <\/div> \n        <\/div>\n    <\/div><\/div>\n<div class=\"vc_row-full-width vc_clearfix\"><\/div>\n\n<\/div>","protected":false},"excerpt":{"rendered":"Die Begleitung l\u00f6st nicht nur kurzfristige Herausforderungen, sondern bewirkt eine nachhaltige Transformation in der F\u00fchrung. Es unterst\u00fctzt F\u00fchrungskr\u00e4fte darin, Herausforderungen souver\u00e4n zu meistern und authentisch sowie wirkungsvoll zu f\u00fchren. Die Kombination aus Coaching, Sparring und Training st\u00e4rkt F\u00fchrungskompetenzen, verbessert die Zusammenarbeit und f\u00f6rdert ein positives Arbeitsklima \u2013 mit langfristiger Wirkung f\u00fcr die F\u00fchrungskraft, ihre Mitarbeitenden [...]","protected":false},"author":1,"featured_media":1367,"parent":1511,"menu_order":0,"comment_status":"closed","ping_status":"closed","template":"sidebar-right.php","meta":{"_acf_changed":false,"footnotes":""},"class_list":["post-1772","page","type-page","status-publish","has-post-thumbnail","hentry"],"acf":[],"_links":{"self":[{"href":"https:\/\/corinnesteiner.com\/en\/wp-json\/wp\/v2\/pages\/1772","targetHints":{"allow":["GET"]}}],"collection":[{"href":"https:\/\/corinnesteiner.com\/en\/wp-json\/wp\/v2\/pages"}],"about":[{"href":"https:\/\/corinnesteiner.com\/en\/wp-json\/wp\/v2\/types\/page"}],"author":[{"embeddable":true,"href":"https:\/\/corinnesteiner.com\/en\/wp-json\/wp\/v2\/users\/1"}],"replies":[{"embeddable":true,"href":"https:\/\/corinnesteiner.com\/en\/wp-json\/wp\/v2\/comments?post=1772"}],"version-history":[{"count":20,"href":"https:\/\/corinnesteiner.com\/en\/wp-json\/wp\/v2\/pages\/1772\/revisions"}],"predecessor-version":[{"id":2223,"href":"https:\/\/corinnesteiner.com\/en\/wp-json\/wp\/v2\/pages\/1772\/revisions\/2223"}],"up":[{"embeddable":true,"href":"https:\/\/corinnesteiner.com\/en\/wp-json\/wp\/v2\/pages\/1511"}],"wp:featuredmedia":[{"embeddable":true,"href":"https:\/\/corinnesteiner.com\/en\/wp-json\/wp\/v2\/media\/1367"}],"wp:attachment":[{"href":"https:\/\/corinnesteiner.com\/en\/wp-json\/wp\/v2\/media?parent=1772"}],"curies":[{"name":"wp","href":"https:\/\/api.w.org\/{rel}","templated":true}]}}