{"id":1774,"date":"2024-11-14T12:06:03","date_gmt":"2024-11-14T11:06:03","guid":{"rendered":"https:\/\/corinnesteiner.landeseite.at\/?page_id=1774"},"modified":"2025-01-22T10:39:01","modified_gmt":"2025-01-22T09:39:01","slug":"was-die-begleitung-so-wirkungsvoll-macht","status":"publish","type":"page","link":"https:\/\/corinnesteiner.com\/en\/angebote\/leadership-design-journey\/was-die-begleitung-so-wirkungsvoll-macht\/","title":{"rendered":"Was die Leadership Begleitung f\u00fcr F\u00fchrungskr\u00e4fte so wirkungsvoll macht"},"content":{"rendered":"<div class=\"wpb-content-wrapper\"><style><\/style><div data-vc-full-width=\"true\" data-vc-full-width-init=\"false\" class=\"vc_row wpb_row vc_row-fluid content-dark data-bg-color-69df0095255d2 vc_custom_1731587460865 vc_row-has-fill row-z-index-69df0095255d2\" ><style><\/style><div class=\"wpb_column vc_column_container content-dark vc_col-sm-12 column-z-index-69df009525969\"> \n        <div class=\"vc_column-inner vc_custom_1604060220689\"> \n            <div class=\"wpb_wrapper\"><style>#slcr_custom_heading_69df00952616b{ text-align: left;  }<\/style><p id=\"slcr_custom_heading_69df00952616b\" class=\"vc_custom_heading font-400\" >Jede F\u00fchrungssituation ist einzigartig \u2013 deshalb setzt das Leadership Design Programm auf einen ganzheitlichen und systemisch-l\u00f6sungsorientierten Ansatz. Dabei betrachten wir das volle Spektrum der F\u00fchrungssituation ganzheitlich, von der F\u00fchrungsperson als Individuum, mit all ihren Rollen und Verantwortlichkeiten bis hin zum beruflichen und privaten Umfeld, den Rahmenbedingungen und dem entsprechenden Umgang damit. Dies schafft die Grundlage, f\u00fcr fundierte Entscheidungen und gezielte, praktikable L\u00f6sungen.<\/p><div  class=\"wpb_single_image wpb_content_element vc_align_center\">\n\t\t\n\t\t<figure class=\"wpb_wrapper vc_figure\">\n\t\t\t<div class=\"vc_single_image-wrapper   vc_box_border_grey\"><img loading=\"lazy\" decoding=\"async\" width=\"600\" height=\"497\" src=\"https:\/\/corinnesteiner.com\/wp-content\/uploads\/2024\/10\/Screenshot-2024-10-29-at-09.29.36-1024x848.png\" class=\"vc_single_image-img attachment-large\" alt=\"\" title=\"Screenshot 2024-10-29 at 09.29.36\" srcset=\"https:\/\/corinnesteiner.com\/wp-content\/uploads\/2024\/10\/Screenshot-2024-10-29-at-09.29.36-1024x848.png 1024w, https:\/\/corinnesteiner.com\/wp-content\/uploads\/2024\/10\/Screenshot-2024-10-29-at-09.29.36-300x248.png 300w, https:\/\/corinnesteiner.com\/wp-content\/uploads\/2024\/10\/Screenshot-2024-10-29-at-09.29.36-768x636.png 768w, https:\/\/corinnesteiner.com\/wp-content\/uploads\/2024\/10\/Screenshot-2024-10-29-at-09.29.36-1536x1272.png 1536w, https:\/\/corinnesteiner.com\/wp-content\/uploads\/2024\/10\/Screenshot-2024-10-29-at-09.29.36-14x12.png 14w, https:\/\/corinnesteiner.com\/wp-content\/uploads\/2024\/10\/Screenshot-2024-10-29-at-09.29.36.png 1557w\" sizes=\"auto, (max-width: 600px) 100vw, 600px\" \/><\/div>\n\t\t<\/figure>\n\t<\/div> <style>#slcr_custom_heading_69df009526bf5{ text-align: left;  }<\/style><p id=\"slcr_custom_heading_69df009526bf5\" class=\"vc_custom_heading font-400\" >Neben der umfassenden Analyse der F\u00fchrungssituation, die durch die Grafik veranschaulicht wird, stehen zwei weitere wesentliche Bausteine im Fokus der Begleitung, um nachhaltige Erfolge in der F\u00fchrung zu gew\u00e4hrleisten:<\/p><div class=\"vc_empty_space\"   style=\"height: 32px\"><span class=\"vc_empty_space_inner\"><\/span><\/div> \n            <\/div> \n        <\/div>\n    <\/div><style><\/style><div class=\"wpb_column vc_column_container content-dark vc_col-sm-12 column-z-index-69df009526dbf\"> \n        <div class=\"vc_column-inner\"> \n            <div class=\"wpb_wrapper\"><div class=\"vc_separator wpb_content_element vc_separator_align_center vc_sep_width_100 vc_sep_pos_align_center vc_separator_no_text vc_custom_1606374141624 wpb_content_element  vc_custom_1606374141624 wpb_content_element\" ><span class=\"vc_sep_holder vc_sep_holder_l\"><span style=\"border-color:#eeeeee;\" class=\"vc_sep_line\"><\/span><\/span><span class=\"vc_sep_holder vc_sep_holder_r\"><span style=\"border-color:#eeeeee;\" class=\"vc_sep_line\"><\/span><\/span>\n<\/div><style>#slcr_custom_heading_69df009527288{ font-size: 27px;line-height: 35px;text-align: left;  }<\/style><h3 id=\"slcr_custom_heading_69df009527288\" class=\"vc_custom_heading font-700\" >Kurzfristige Probleml\u00f6sung und nachhaltige Ver\u00e4nderung<\/h3><div class=\"wpb_text_column wpb_content_element\" >\n\t\t<div class=\"wpb_wrapper\">\n\t\t\t<p><span style=\"font-weight: 400;\">Das Leadership Design Programm bietet nicht allgemeine Ratschl\u00e4ge, sondern ma\u00dfgeschneiderte Handlungsoptionen, die schnell und effektiv umsetzbar sind. Gleichzeitig f\u00f6rdert es langfristige Ver\u00e4nderungen in der F\u00fchrungssituation, die nicht nur die F\u00fchrungskraft nachhaltig st\u00e4rken, sondern auch die Zusammenarbeit und das Arbeitsklima positiv beeinflussen.\u00a0<\/span><\/p>\n\n\t\t<\/div>\n\t<\/div><div class=\"wpb_text_column wpb_content_element\" >\n\t\t<div class=\"wpb_wrapper\">\n\t\t\t<p><span style=\"font-weight: 400;\">F\u00fchrungskr\u00e4fte stehen oft alleine vor einer Vielzahl an Herausforderungen \u2013 ohne entsprechende Ausbildung oder jemanden, der eine neutrale, vertrauensvolle Perspektive bietet. Das Leadership Design Programm unterst\u00fctzt gezielt dabei, diese Herausforderungen zu meistern, die eigenen F\u00fchrungsf\u00e4higkeiten zu entwickeln und als F\u00fchrungspers\u00f6nlichkeit zu wachsen. Es bietet eine einzigartige <\/span><b>3-in-1 Begleitung<\/b><span style=\"font-weight: 400;\"> aus Coaching, Sparring und Training, unvoreingenommen und massgeschneidert f\u00fcr jede F\u00fchrungssituation.<\/span><\/p>\n\n\t\t<\/div>\n\t<\/div><div class=\"vc_separator wpb_content_element vc_separator_align_center vc_sep_width_100 vc_sep_pos_align_center vc_separator_no_text vc_custom_1606374141624 wpb_content_element  vc_custom_1606374141624 wpb_content_element\" ><span class=\"vc_sep_holder vc_sep_holder_l\"><span style=\"border-color:#eeeeee;\" class=\"vc_sep_line\"><\/span><\/span><span class=\"vc_sep_holder vc_sep_holder_r\"><span style=\"border-color:#eeeeee;\" class=\"vc_sep_line\"><\/span><\/span>\n<\/div><style>#slcr_custom_heading_69df0095276f9{ font-size: 27px;line-height: 35px;text-align: left;  }<\/style><h3 id=\"slcr_custom_heading_69df0095276f9\" class=\"vc_custom_heading font-700\" >Was die 3-in-1 Begleitung beinhaltet:<\/h3><div class=\"wpb_text_column wpb_content_element\" >\n\t\t<div class=\"wpb_wrapper\">\n\t\t\t<h4><\/h4>\n<ul>\n<li style=\"font-weight: 400;\" aria-level=\"1\"><b>Coaching<\/b><span style=\"font-weight: 400;\"> bietet Raum f\u00fcr Reflexion und strategische Entwicklung. Ziel ist es, Klarheit \u00fcber die eigene Situation und Rolle zu gewinnen, langfristige Strategien zu entwickeln und die eigene F\u00fchrungspers\u00f6nlichkeit weiterzuentwickeln.<\/span><\/li>\n<li style=\"font-weight: 400;\" aria-level=\"1\"><b>Sparring<\/b><span style=\"font-weight: 400;\"> bietet schnelle, praxisnahe Handlungsvorschl\u00e4ge, die direkt umsetzbar sind. Konstruktives Feedback und konkrete L\u00f6sungen helfen, akute Herausforderungen wirksam anzugehen.st direkter und l\u00f6sungsorientierter.<\/span><\/li>\n<li style=\"font-weight: 400;\" aria-level=\"1\"><b>Training <\/b><span style=\"font-weight: 400;\">entwickelt essenzielle F\u00fchrungskompetenzen wie Kommunikation, emotionale Intelligenz und strategisches Denken, um langfristige, wirkungsvolle Ver\u00e4nderungen zu erzielen.<\/span><\/li>\n<\/ul>\n\n\t\t<\/div>\n\t<\/div><div class=\"vc_separator wpb_content_element vc_separator_align_center vc_sep_width_100 vc_sep_pos_align_center vc_separator_no_text vc_custom_1606374141624 wpb_content_element  vc_custom_1606374141624 wpb_content_element\" ><span class=\"vc_sep_holder vc_sep_holder_l\"><span style=\"border-color:#eeeeee;\" class=\"vc_sep_line\"><\/span><\/span><span class=\"vc_sep_holder vc_sep_holder_r\"><span style=\"border-color:#eeeeee;\" class=\"vc_sep_line\"><\/span><\/span>\n<\/div><style>#slcr_custom_heading_69df009527aab{ font-size: 27px;line-height: 35px;text-align: left;  }<\/style><h3 id=\"slcr_custom_heading_69df009527aab\" class=\"vc_custom_heading font-700\" >Entwicklung von Soft Skills und F\u00fchrungskompetenzen<\/h3><div class=\"wpb_text_column wpb_content_element\" >\n\t\t<div class=\"wpb_wrapper\">\n\t\t\t<p><span style=\"font-weight: 400;\">F\u00fchrung wird immer komplexer. Neben fachlicher Kompetenz sind Soft Skills und Selbstf\u00fchrungsf\u00e4higkeiten der Schl\u00fcssel zum Erfolg. Das Leadership Design Programm unterst\u00fctzt F\u00fchrungskr\u00e4fte dabei, w\u00e4hrend der L\u00f6sung aktueller Herausforderungen essenzielle F\u00e4higkeiten zu entwickeln. Zu diesen Schl\u00fcsselkompetenzen z\u00e4hlen:<\/span><\/p>\n\n\t\t<\/div>\n\t<\/div><div class=\"vc_row wpb_row vc_inner vc_row-fluid\"><div class=\"wpb_column vc_column_container vc_col-sm-6\"><div class=\"vc_column-inner\"><div class=\"wpb_wrapper\"><div class=\"wpb_text_column wpb_content_element\" >\n\t\t<div class=\"wpb_wrapper\">\n\t\t\t<ul>\n<li style=\"font-weight: 400;\" aria-level=\"1\">\n<h4>Effektive Kommunikation:<\/h4>\n<p><span style=\"font-weight: 400;\"> Klar kommunizieren und aktiv zuh\u00f6ren \u2013 Grundlagen jeder erfolgreichen F\u00fchrung.<\/span><\/li>\n<\/ul>\n<p>&nbsp;<\/p>\n<ul>\n<li style=\"font-weight: 400;\" aria-level=\"1\">\n<h4>Emotionale Intelligenz:<\/h4>\n<p><span style=\"font-weight: 400;\"> Die F\u00e4higkeit, Emotionen zu verstehen und souver\u00e4n zu steuern.<\/span><\/li>\n<\/ul>\n<p>&nbsp;<\/p>\n<ul>\n<li style=\"font-weight: 400;\" aria-level=\"1\">\n<h4>Anpassungsf\u00e4higkeit:<\/h4>\n<p>Flexibilit\u00e4t in dynamischen Umgebungen, um Herausforderungen proaktiv zu meistern.<\/li>\n<\/ul>\n<p>&nbsp;<\/p>\n<ul>\n<li style=\"font-weight: 400;\" aria-level=\"1\">\n<h4>Probleml\u00f6sung:<\/h4>\n<p><span style=\"font-weight: 400;\"> Analytisches Denken und Priorit\u00e4ten setzen, um l\u00f6sungsorientierte Entscheidungen zu treffen.<\/span><\/li>\n<\/ul>\n<p>&nbsp;<\/p>\n<ul>\n<li style=\"font-weight: 400;\" aria-level=\"1\">\n<h4>Teamplayer-Mentalit\u00e4t:<\/h4>\n<p><span style=\"font-weight: 400;\"> Eine Kultur der Zusammenarbeit und Unterst\u00fctzung f\u00f6rdern.<\/span><\/li>\n<\/ul>\n\n\t\t<\/div>\n\t<\/div><\/div><\/div><\/div><div class=\"wpb_column vc_column_container vc_col-sm-6\"><div class=\"vc_column-inner\"><div class=\"wpb_wrapper\"><div class=\"wpb_text_column wpb_content_element\" >\n\t\t<div class=\"wpb_wrapper\">\n\t\t\t<ul>\n<li style=\"font-weight: 400;\" aria-level=\"1\">\n<h4>Konfliktl\u00f6sung:<\/h4>\n<p><span style=\"font-weight: 400;\"> Konstruktives L\u00f6sen von Konflikten f\u00fcr ein produktives Arbeitsumfeld.<\/span><\/li>\n<\/ul>\n<p>&nbsp;<\/p>\n<ul>\n<li style=\"font-weight: 400;\" aria-level=\"1\">\n<h4>Entscheidungsfindung mit Souver\u00e4nit\u00e4t:<\/h4>\n<p><span style=\"font-weight: 400;\"> Fundierte Entscheidungen, die sowohl kurzfristige als auch langfristige Auswirkungen ber\u00fccksichtigen.<\/span><\/li>\n<\/ul>\n<p>&nbsp;<\/p>\n<ul>\n<li style=\"font-weight: 400;\" aria-level=\"1\">\n<h4>Empathie:<\/h4>\n<p><span style=\"font-weight: 400;\"> Vertrauensvolle Beziehungen aufbauen und eine positive Arbeitskultur schaffen.<\/span><\/li>\n<\/ul>\n<p>&nbsp;<\/p>\n<ul>\n<li style=\"font-weight: 400;\" aria-level=\"1\">\n<h4>Strategisches Denken:<\/h4>\n<p><span style=\"font-weight: 400;\"> Den Blick f\u00fcr das gro\u00dfe Ganze bewahren und langfristige Ziele verfolgen.<\/span><\/li>\n<\/ul>\n<p>&nbsp;<\/p>\n<ul>\n<li aria-level=\"1\">\n<h4>Resilienz und Work-Life-Balance:<\/h4>\n<p><span style=\"font-weight: 400;\"> Resilienz bedeutet nicht, alles zu ertragen, sondern R\u00fcckschl\u00e4ge souver\u00e4n zu bew\u00e4ltigen. Resiliente F\u00fchrungskr\u00e4fte f\u00f6rdern Balance zwischen beruflichem Erfolg und pers\u00f6nlichem Wohlbefinden.<\/span><\/li>\n<\/ul>\n\n\t\t<\/div>\n\t<\/div><\/div><\/div><\/div><\/div> \n            <\/div> \n        <\/div>\n    <\/div><\/div>\n<div class=\"vc_row-full-width vc_clearfix\"><\/div>\n\n<\/div>","protected":false},"excerpt":{"rendered":"Jede F\u00fchrungssituation ist einzigartig \u2013 deshalb setzt das Leadership Design Programm auf einen ganzheitlichen und systemisch-l\u00f6sungsorientierten Ansatz. Dabei betrachten wir das volle Spektrum der F\u00fchrungssituation ganzheitlich, von der F\u00fchrungsperson als Individuum, mit all ihren Rollen und Verantwortlichkeiten bis hin zum beruflichen und privaten Umfeld, den Rahmenbedingungen und dem entsprechenden Umgang damit. Dies schafft die Grundlage, [...]","protected":false},"author":1,"featured_media":1367,"parent":1511,"menu_order":0,"comment_status":"closed","ping_status":"closed","template":"sidebar-right.php","meta":{"_acf_changed":false,"footnotes":""},"class_list":["post-1774","page","type-page","status-publish","has-post-thumbnail","hentry"],"acf":[],"_links":{"self":[{"href":"https:\/\/corinnesteiner.com\/en\/wp-json\/wp\/v2\/pages\/1774","targetHints":{"allow":["GET"]}}],"collection":[{"href":"https:\/\/corinnesteiner.com\/en\/wp-json\/wp\/v2\/pages"}],"about":[{"href":"https:\/\/corinnesteiner.com\/en\/wp-json\/wp\/v2\/types\/page"}],"author":[{"embeddable":true,"href":"https:\/\/corinnesteiner.com\/en\/wp-json\/wp\/v2\/users\/1"}],"replies":[{"embeddable":true,"href":"https:\/\/corinnesteiner.com\/en\/wp-json\/wp\/v2\/comments?post=1774"}],"version-history":[{"count":13,"href":"https:\/\/corinnesteiner.com\/en\/wp-json\/wp\/v2\/pages\/1774\/revisions"}],"predecessor-version":[{"id":2224,"href":"https:\/\/corinnesteiner.com\/en\/wp-json\/wp\/v2\/pages\/1774\/revisions\/2224"}],"up":[{"embeddable":true,"href":"https:\/\/corinnesteiner.com\/en\/wp-json\/wp\/v2\/pages\/1511"}],"wp:featuredmedia":[{"embeddable":true,"href":"https:\/\/corinnesteiner.com\/en\/wp-json\/wp\/v2\/media\/1367"}],"wp:attachment":[{"href":"https:\/\/corinnesteiner.com\/en\/wp-json\/wp\/v2\/media?parent=1774"}],"curies":[{"name":"wp","href":"https:\/\/api.w.org\/{rel}","templated":true}]}}