{"id":2419,"date":"2025-04-02T14:37:06","date_gmt":"2025-04-02T12:37:06","guid":{"rendered":"https:\/\/corinnesteiner.com\/?page_id=2419"},"modified":"2025-09-04T22:20:15","modified_gmt":"2025-09-04T20:20:15","slug":"anmeldung-auszeit-seminar","status":"publish","type":"page","link":"https:\/\/corinnesteiner.com\/en\/angebote\/anmeldung-auszeit-seminar\/","title":{"rendered":"Anmeldung Auszeitseminar"},"content":{"rendered":"<div class=\"wpb-content-wrapper\"><p><style>[data-bg-color-6a068848cafec]:before { content: \"\"; position: absolute; background: linear-gradient(to right, rgba(40, 50, 59, 1) 20%, rgba(40, 50, 59, 0.81) 35%, rgba(40, 50, 59, 0) 100%);; height: 100%; width: 100%; top: 0; left: 0; z-index: 1; } .data-bg-color-6a068848cafec.vc_row.vc_row-flex::after, .vc_row.vc_row-flex::before { display: inherit; } .data-bg-color-6a068848cafec.vc_row:after, .vc_row:before { content: \" \"; display: inherit; }<\/style><div data-vc-full-width=\"true\" data-vc-full-width-init=\"false\" class=\"vc_row wpb_row vc_row-fluid content-dark data-bg-color-6a068848cafec vc_custom_1727073318823 vc_row-has-fill row-z-index-6a068848cafec\" data-bg-overlay=\"9\"  data-bg-color-6a068848cafec=\"9\" ><style><\/style><div class=\"wpb_column vc_column_container content-dark vc_col-sm-2 column-z-index-6a068848cb31a\"> \n        <div class=\"vc_column-inner \"> \n            <div class=\"wpb_wrapper\"> \n            <\/div> \n        <\/div>\n    <\/div><style><\/style><div class=\"text-center wpb_column vc_column_container content-dark vc_col-sm-8 column-z-index-6a068848cb7c1\"> \n        <div class=\"vc_column-inner vc_custom_1606026770223\"> \n            <div class=\"wpb_wrapper\"><style>#slcr_custom_heading_6a068848cbd7a{ font-size: 14px;color: #ffffff;line-height: 1.2;text-align: center;  }<\/style><p id=\"slcr_custom_heading_6a068848cbd7a\" class=\"vc_custom_heading sub-heading single white center font-800\" >Anmeldung<\/p><style>#slcr_custom_heading_6a068848cbf0b{ font-size: 40px;color: #ffffff;text-align: center;  }<\/style><h1 id=\"slcr_custom_heading_6a068848cbf0b\" class=\"vc_custom_heading vc_custom_1757017205202 font-700\" >Auszeit-Seminar vom 05. bis 07. Dezember 2025<\/h1> \n            <\/div> \n        <\/div>\n    <\/div><style><\/style><div class=\"wpb_column vc_column_container content-dark vc_col-sm-2 column-z-index-6a068848cbfbc\"> \n        <div class=\"vc_column-inner \"> \n            <div class=\"wpb_wrapper\"> \n            <\/div> \n        <\/div>\n    <\/div><\/div>\n<div class=\"vc_row-full-width vc_clearfix\"><\/div>\n<style><\/style><div class=\"vc_row wpb_row vc_row-fluid content-dark data-bg-color-6a068848cc235 vc_custom_1606371897510 vc_row-o-equal-height vc_row-o-content-middle vc_row-flex row-z-index-6a068848cc235\" ><style><\/style><div class=\"wpb_column vc_column_container content-dark vc_col-sm-4 column-z-index-6a068848cc384\"> \n        <div class=\"vc_column-inner vc_custom_1606365466886\"> \n            <div class=\"wpb_wrapper\"><style>#slcr_custom_heading_6a068848cc5ee{ font-size: 14px;color: #5abeb6;line-height: 1.2;text-align: left;  }<\/style><p id=\"slcr_custom_heading_6a068848cc5ee\" class=\"vc_custom_heading sub-heading single font-800\" >Kontaktdaten<\/p><style>#slcr_custom_heading_6a068848cc74c{ font-size: 33px;line-height: 43px;text-align: left;  }<\/style><h2 id=\"slcr_custom_heading_6a068848cc74c\" class=\"vc_custom_heading vc_custom_1743553417469 font-700\" >Noch Fragen?<\/h2><div class=\"wpb_text_column wpb_content_element \" >\n\t\t<div class=\"wpb_wrapper\">\n\t\t\t<p class=\"p1\"><b>Dann melde dich bei mir!<\/b><\/p>\n<p>&nbsp;<\/p>\n<p>Corinne Steiner<br \/>\n\ud83d\udce7 <a href=\"mailto:info@corinnesteiner.com\"><strong>info@corinnesteiner.com<\/strong><\/a><br \/>\n\ud83d\udcde <strong>078 770 02 07<\/strong><\/p>\n\n\t\t<\/div>\n\t<\/div><div class=\"vc_empty_space\"   style=\"height: 32px\"><span class=\"vc_empty_space_inner\"><\/span><\/div><div class=\"vc_empty_space  visible-xs\"   style=\"height: 100px\"><span class=\"vc_empty_space_inner\"><\/span><\/div> \n            <\/div> \n        <\/div>\n    <\/div><style><\/style><div class=\"wpb_column vc_column_container content-dark vc_col-sm-1 column-z-index-6a068848cca9c\"> \n        <div class=\"vc_column-inner \"> \n            <div class=\"wpb_wrapper\"> \n            <\/div> \n        <\/div>\n    <\/div><style>.slcr_box_image_css_6a068848ccc8b{   }<\/style><style><\/style><div class=\"wpb_column vc_column_container content-dark vc_col-sm-7 column-z-index-6a068848ccb69\"> \n        <div class=\"vc_column-inner \"> \n            <div class=\"wpb_wrapper\"> \n                    <div class=\"boxes box-1 bg-default   vc_custom_1606372167008  slcr_box_image_css_6a068848ccc8b\" >\n                        <div class=\"inner text-left\"><style>#slcr_custom_heading_6a068848cce80{ font-size: 24px;text-align: center;  }<\/style><h4 id=\"slcr_custom_heading_6a068848cce80\" class=\"vc_custom_heading vc_custom_1743553681660 font-700\" >Anmeldeformular<\/h4><style>#slcr_custom_heading_6a068848ccfde{ text-align: center;  }<\/style><p id=\"slcr_custom_heading_6a068848ccfde\" class=\"vc_custom_heading font-italic font-400\" >Bitte f\u00fclle das Anmeldeformular vollst\u00e4ndig aus. Du erh\u00e4ltst im Anschluss eine pers\u00f6nliche Buchungsbest\u00e4tigung per E-Mail.*<\/p><div class=\"vc_empty_space\"   style=\"height: 32px\"><span class=\"vc_empty_space_inner\"><\/span><\/div>\n<div class=\"wpcf7 no-js\" id=\"wpcf7-f2415-o1\" lang=\"de-DE\" dir=\"ltr\" data-wpcf7-id=\"2415\">\n<div class=\"screen-reader-response\"><p role=\"status\" aria-live=\"polite\" aria-atomic=\"true\"><\/p> <ul><\/ul><\/div>\n<form action=\"\/en\/wp-json\/wp\/v2\/pages\/2419#wpcf7-f2415-o1\" method=\"post\" class=\"wpcf7-form init\" aria-label=\"Kontaktformular\" novalidate=\"novalidate\" data-status=\"init\">\n<fieldset class=\"hidden-fields-container\"><input type=\"hidden\" name=\"_wpcf7\" value=\"2415\" \/><input type=\"hidden\" name=\"_wpcf7_version\" value=\"6.1.5\" \/><input type=\"hidden\" name=\"_wpcf7_locale\" value=\"de_DE\" \/><input type=\"hidden\" name=\"_wpcf7_unit_tag\" value=\"wpcf7-f2415-o1\" \/><input type=\"hidden\" name=\"_wpcf7_container_post\" value=\"0\" \/><input type=\"hidden\" name=\"_wpcf7_posted_data_hash\" value=\"\" \/><input type=\"hidden\" name=\"_wpcf7_recaptcha_response\" value=\"\" \/>\n<\/fieldset>\n<p><label> Vorname, Name<br \/>\n<span class=\"wpcf7-form-control-wrap\" data-name=\"your-name\"><input size=\"40\" maxlength=\"400\" class=\"wpcf7-form-control wpcf7-text wpcf7-validates-as-required\" autocomplete=\"name\" aria-required=\"true\" aria-invalid=\"false\" value=\"\" type=\"text\" name=\"your-name\" \/><\/span> <\/label>\n<\/p>\n<p><label> Adresse<br \/>\n<span class=\"wpcf7-form-control-wrap\" data-name=\"your-adress\"><input size=\"40\" maxlength=\"400\" class=\"wpcf7-form-control wpcf7-text wpcf7-validates-as-required\" autocomplete=\"adress\" aria-required=\"true\" aria-invalid=\"false\" value=\"\" type=\"text\" name=\"your-adress\" \/><\/span> <\/label>\n<\/p>\n<p><label> PLZ<br \/>\n<span class=\"wpcf7-form-control-wrap\" data-name=\"your-plz\"><input size=\"40\" maxlength=\"400\" class=\"wpcf7-form-control wpcf7-text wpcf7-validates-as-required\" autocomplete=\"plz\" aria-required=\"true\" aria-invalid=\"false\" value=\"\" type=\"text\" name=\"your-plz\" \/><\/span> <\/label>\n<\/p>\n<p><label> Ort<br \/>\n<span class=\"wpcf7-form-control-wrap\" data-name=\"your-city\"><input size=\"40\" maxlength=\"400\" class=\"wpcf7-form-control wpcf7-text wpcf7-validates-as-required\" autocomplete=\"city\" aria-required=\"true\" aria-invalid=\"false\" value=\"\" type=\"text\" name=\"your-city\" \/><\/span> <\/label>\n<\/p>\n<p><label> E-Mail-Adresse<br \/>\n<span class=\"wpcf7-form-control-wrap\" data-name=\"your-email\"><input size=\"40\" maxlength=\"400\" class=\"wpcf7-form-control wpcf7-email wpcf7-validates-as-required wpcf7-text wpcf7-validates-as-email\" autocomplete=\"email\" aria-required=\"true\" aria-invalid=\"false\" value=\"\" type=\"email\" name=\"your-email\" \/><\/span> <\/label>\n<\/p>\n<p><label> Telefonnummer<br \/>\n<span class=\"wpcf7-form-control-wrap\" data-name=\"tel-041\"><input size=\"40\" maxlength=\"400\" class=\"wpcf7-form-control wpcf7-tel wpcf7-validates-as-required wpcf7-text wpcf7-validates-as-tel\" aria-required=\"true\" aria-invalid=\"false\" value=\"\" type=\"tel\" name=\"tel-041\" \/><\/span> <\/label>\n<\/p>\n<p><label> <b>Bemerkung<\/b> (optional)<br \/>\n<span class=\"wpcf7-form-control-wrap\" data-name=\"your-message\"><textarea cols=\"40\" rows=\"10\" maxlength=\"2000\" class=\"wpcf7-form-control wpcf7-textarea\" aria-invalid=\"false\" name=\"your-message\"><\/textarea><\/span> <\/label>\n<\/p>\n<p><span class=\"wpcf7-form-control-wrap\" data-name=\"acceptance-122\"><span class=\"wpcf7-form-control wpcf7-acceptance\"><span class=\"wpcf7-list-item\"><label><input type=\"checkbox\" name=\"acceptance-122\" value=\"1\" aria-invalid=\"false\" \/><span class=\"wpcf7-list-item-label\">Ich nehme die <a href=\"\/datenschutzerklaerung\" target=\"_blank\">Datenschutzerkl\u00e4rung<\/a> zur Kenntnis<\/span><\/label><\/span><\/span><\/span>\n<\/p>\n<p><span class=\"wpcf7-form-control-wrap\" data-name=\"acceptance-123\"><span class=\"wpcf7-form-control wpcf7-acceptance\"><span class=\"wpcf7-list-item\"><label><input type=\"checkbox\" name=\"acceptance-123\" value=\"1\" aria-invalid=\"false\" \/><span class=\"wpcf7-list-item-label\">Ich bin mit den <a href=\"\/teilnahme-und-ruecktrittsbedingungen\" target=\"_blank\">Teilnahme-und-R\u00fccktrittsbedingungen<\/a> einverstanden<\/span><\/label><\/span><\/span><\/span>\n<\/p>\n<p><input class=\"wpcf7-form-control wpcf7-submit has-spinner\" type=\"submit\" value=\"Anmelden\" \/>\n<\/p><div class=\"wpcf7-response-output\" aria-hidden=\"true\"><\/div>\n<\/form>\n<\/div>\n<\/div>\n                    <\/div> <style>#slcr_custom_heading_6a068848d0ccf{ text-align: left;  }<\/style><p id=\"slcr_custom_heading_6a068848d0ccf\" class=\"vc_custom_heading font-italic font-400\" >* Mit deiner Anmeldung entscheidest du dich verbindlich f\u00fcr die Teilnahme.<br \/>\nDie Rechnung wird dir jedoch erst nach der Teilnahme-Best\u00e4tigung zugesendet.<\/p><style>#slcr_custom_heading_6a068848d0e3e{ text-align: left;  }<\/style><p id=\"slcr_custom_heading_6a068848d0e3e\" class=\"vc_custom_heading font-italic font-400\" >Alle weiteren Informationen zur Unterkunft und zum Seminar erh\u00e4ltst du rechtzeitig vor der Durchf\u00fchrung.<\/p> \n            <\/div> \n        <\/div>\n    <\/div><\/div><style>[data-bg-color-6a068848d10ee]:before { content: \"\"; position: absolute; background-color: #28323b; height: 100%; width: 100%; top: 0; left: 0; z-index: 1; } .data-bg-color-6a068848d10ee.vc_row.vc_row-flex::after, .vc_row.vc_row-flex::before { display: inherit; } .data-bg-color-6a068848d10ee.vc_row:after, .vc_row:before { content: \" \"; display: inherit; }<\/style><div data-vc-full-width=\"true\" data-vc-full-width-init=\"false\" class=\"vc_row wpb_row vc_row-fluid content-dark data-bg-color-6a068848d10ee vc_custom_1718963005093 vc_row-has-fill row-z-index-6a068848d10ee\" data-bg-overlay=\"8\"  data-bg-color-6a068848d10ee=\"8\" ><style><\/style><div class=\"wpb_column vc_column_container content-dark vc_col-sm-12 column-z-index-6a068848d1265\"> \n        <div class=\"vc_column-inner \"> \n            <div class=\"wpb_wrapper\"><div class=\"vc_row wpb_row vc_inner vc_row-fluid vc_row-o-equal-height vc_row-o-content-middle vc_row-flex\"><style>#slcr_icon_text_last6a068848d17e4.main__icon { display: block; text-align: center; color: #ffffff !important; border-radius: 50%; border-color: rgba(0,0,0,0.01) !important; background: rgba(255,255,255,0.01) !important;  height: 48px; width: 48px; line-height: 48px; font-size: 48px; transition: all ease .3s; -webkit-transition: all ease .3s; } [data-hover-target=\"box\"]:hover #slcr_icon_text_last6a068848d17e4.main__icon, [data-hover-target=\"icon\"] #slcr_icon_text_last6a068848d17e4.main__icon:hover { background: rgba(255,255,255,0.01) !important; border-color: rgba(255,255,255,0.01) !important; color: #ffffff !important; } #slcr_icon_text_content6a068848d17e4{  } #slcr_icon_text_img6a068848d17e4{  height: auto; width: 60px;   border-radius: 0px;  }<\/style><div class=\"wpb_column vc_column_container vc_col-sm-6\"><div class=\"vc_column-inner\"><div class=\"wpb_wrapper\">\n                <div class=\"icons__text   \"   data-icon-align=\"left\" data-reset-responsive=\"false\" data-hover-target=\"box\" data-vertical-align=\"top\">\n                    <div class=\"icons_wrap\">\n                        <div class=\"icon__container\">\n                            <i class=\"main__icon far fa-thumbs-up\" id=\"slcr_icon_text_last6a068848d17e4\" ><\/i>\n                        <\/div>\n                    <\/div>\n                    <div class=\"text__content\" id=\"slcr_icon_text_content6a068848d17e4\">\n                        \n<h3 style=\"font-size: 27px;line-height: 37px;font-weight: bold;color: #fff;margin-top: 0\">Erhalte regelm\u00e4ssig Motivation &amp; Mehrwert zum Thema Leadership.<\/h3>\n<h5 class=\"text-dimmer font-italic\" style=\"color: #fff\">Melde dich zum Newsletter an. (Kein Spam \u2013 versprochen!)<\/h5>\n\n                    <\/div>\n                <\/div><\/div><\/div><\/div><div class=\"wpb_column vc_column_container vc_col-sm-1\"><div class=\"vc_column-inner\"><div class=\"wpb_wrapper\"><\/div><\/div><\/div><div class=\"wpb_column vc_column_container vc_col-sm-5\"><div class=\"vc_column-inner\"><div class=\"wpb_wrapper\"><div class=\"vc_empty_space  visible-xs\"   style=\"height: 32px\"><span class=\"vc_empty_space_inner\"><\/span><\/div>\n<div class=\"wpcf7 no-js\" id=\"wpcf7-f463-o2\" lang=\"en\" dir=\"ltr\" data-wpcf7-id=\"463\">\n<div class=\"screen-reader-response\"><p role=\"status\" aria-live=\"polite\" aria-atomic=\"true\"><\/p> <ul><\/ul><\/div>\n<form action=\"\/en\/wp-json\/wp\/v2\/pages\/2419#wpcf7-f463-o2\" method=\"post\" class=\"wpcf7-form init\" aria-label=\"Contact form\" novalidate=\"novalidate\" data-status=\"init\">\n<fieldset class=\"hidden-fields-container\"><input type=\"hidden\" name=\"_wpcf7\" value=\"463\" \/><input type=\"hidden\" name=\"_wpcf7_version\" value=\"6.1.5\" \/><input type=\"hidden\" name=\"_wpcf7_locale\" value=\"en\" \/><input type=\"hidden\" name=\"_wpcf7_unit_tag\" value=\"wpcf7-f463-o2\" \/><input type=\"hidden\" name=\"_wpcf7_container_post\" value=\"0\" \/><input type=\"hidden\" name=\"_wpcf7_posted_data_hash\" value=\"\" \/><input type=\"hidden\" name=\"_wpcf7_recaptcha_response\" value=\"\" \/>\n<\/fieldset>\n<div class=\"subscribe-form\">\n\t<p><span class=\"wpcf7-form-control-wrap\" data-name=\"your-email\"><input size=\"40\" maxlength=\"400\" class=\"wpcf7-form-control wpcf7-email wpcf7-validates-as-required wpcf7-text wpcf7-validates-as-email subscribe-input\" aria-required=\"true\" aria-invalid=\"false\" placeholder=\"deinname@email.com\" value=\"\" type=\"email\" name=\"your-email\" \/><\/span><br \/>\n<span class=\"wpcf7-form-control-wrap\" data-name=\"acceptance-248\"><span class=\"wpcf7-form-control wpcf7-acceptance\"><span class=\"wpcf7-list-item\"><label><input type=\"checkbox\" name=\"acceptance-248\" value=\"1\" aria-invalid=\"false\" \/><span class=\"wpcf7-list-item-label\"><span style=\"color:white\">Ich nehme die <a href=\"\/datenschutzerklaerung\" target=\"_blank\">Datenschutzerkl\u00e4rung<\/a> zur Kenntnis<\/span><\/span><\/label><\/span><\/span><\/span><br \/>\n<input class=\"wpcf7-form-control wpcf7-submit has-spinner subscribe-btn btn\" type=\"submit\" value=\"Anmelden\" \/>\n\t<\/p>\n<\/div><div class=\"wpcf7-response-output\" aria-hidden=\"true\"><\/div>\n<\/form>\n<\/div>\n<\/div><\/div><\/div><\/div> \n            <\/div> \n        <\/div>\n    <\/div><\/div>\n<div class=\"vc_row-full-width vc_clearfix\"><\/div>\n<\/div>","protected":false},"excerpt":{"rendered":"AnmeldungAuszeit-Seminar vom 05. bis 07. Dezember 2025 KontaktdatenNoch Fragen? Dann melde dich bei mir! &nbsp; Corinne Steiner \ud83d\udce7 info@corinnesteiner.com \ud83d\udcde 078 770 02 07 AnmeldeformularBitte f\u00fclle das Anmeldeformular vollst\u00e4ndig aus. Du erh\u00e4ltst im Anschluss eine pers\u00f6nliche Buchungsbest\u00e4tigung per E-Mail.* Vorname, Name Adresse PLZ Ort E-Mail-Adresse Telefonnummer Bemerkung (optional) Ich nehme die Datenschutzerkl\u00e4rung zur Kenntnis Ich [...]","protected":false},"author":2,"featured_media":0,"parent":657,"menu_order":0,"comment_status":"closed","ping_status":"closed","template":"","meta":{"_acf_changed":false,"footnotes":""},"class_list":["post-2419","page","type-page","status-publish","hentry"],"acf":[],"_links":{"self":[{"href":"https:\/\/corinnesteiner.com\/en\/wp-json\/wp\/v2\/pages\/2419","targetHints":{"allow":["GET"]}}],"collection":[{"href":"https:\/\/corinnesteiner.com\/en\/wp-json\/wp\/v2\/pages"}],"about":[{"href":"https:\/\/corinnesteiner.com\/en\/wp-json\/wp\/v2\/types\/page"}],"author":[{"embeddable":true,"href":"https:\/\/corinnesteiner.com\/en\/wp-json\/wp\/v2\/users\/2"}],"replies":[{"embeddable":true,"href":"https:\/\/corinnesteiner.com\/en\/wp-json\/wp\/v2\/comments?post=2419"}],"version-history":[{"count":49,"href":"https:\/\/corinnesteiner.com\/en\/wp-json\/wp\/v2\/pages\/2419\/revisions"}],"predecessor-version":[{"id":2760,"href":"https:\/\/corinnesteiner.com\/en\/wp-json\/wp\/v2\/pages\/2419\/revisions\/2760"}],"up":[{"embeddable":true,"href":"https:\/\/corinnesteiner.com\/en\/wp-json\/wp\/v2\/pages\/657"}],"wp:attachment":[{"href":"https:\/\/corinnesteiner.com\/en\/wp-json\/wp\/v2\/media?parent=2419"}],"curies":[{"name":"wp","href":"https:\/\/api.w.org\/{rel}","templated":true}]}}