{"id":744,"date":"2020-11-26T04:02:55","date_gmt":"2020-11-26T04:02:55","guid":{"rendered":"http:\/\/www.slashcreative.co\/dmip\/psychare\/?page_id=744"},"modified":"2025-01-22T10:03:02","modified_gmt":"2025-01-22T09:03:02","slug":"kontakt","status":"publish","type":"page","link":"https:\/\/corinnesteiner.com\/en\/kontakt\/","title":{"rendered":"Kontakt"},"content":{"rendered":"<div class=\"wpb-content-wrapper\"><p><style>[data-bg-color-69dee8259bc36]:before { content: \"\"; position: absolute; background: linear-gradient(to right, rgba(40, 50, 59, 1) 20%, rgba(40, 50, 59, 0.81) 35%, rgba(40, 50, 59, 0) 100%);; height: 100%; width: 100%; top: 0; left: 0; z-index: 1; } .data-bg-color-69dee8259bc36.vc_row.vc_row-flex::after, .vc_row.vc_row-flex::before { display: inherit; } .data-bg-color-69dee8259bc36.vc_row:after, .vc_row:before { content: \" \"; display: inherit; }<\/style><div data-vc-full-width=\"true\" data-vc-full-width-init=\"false\" class=\"vc_row wpb_row vc_row-fluid content-dark data-bg-color-69dee8259bc36 vc_custom_1727073318823 vc_row-has-fill row-z-index-69dee8259bc36\" data-bg-overlay=\"9\"  data-bg-color-69dee8259bc36=\"9\" ><style><\/style><div class=\"wpb_column vc_column_container content-dark vc_col-sm-2 column-z-index-69dee8259bf8b\"> \n        <div class=\"vc_column-inner \"> \n            <div class=\"wpb_wrapper\"> \n            <\/div> \n        <\/div>\n    <\/div><style><\/style><div class=\"text-center wpb_column vc_column_container content-dark vc_col-sm-8 column-z-index-69dee8259c3b7\"> \n        <div class=\"vc_column-inner vc_custom_1606026770223\"> \n            <div class=\"wpb_wrapper\"><style>#slcr_custom_heading_69dee8259caa2{ font-size: 14px;color: #ffffff;line-height: 1.2;text-align: center;  }<\/style><p id=\"slcr_custom_heading_69dee8259caa2\" class=\"vc_custom_heading sub-heading single white center font-800\" >Kontakt<\/p><style>#slcr_custom_heading_69dee8259cc62{ font-size: 40px;color: #ffffff;text-align: center;  }<\/style><h1 id=\"slcr_custom_heading_69dee8259cc62\" class=\"vc_custom_heading vc_custom_1722438540176 font-700\" >Ich freue mich auf deine Nachricht!<\/h1> \n            <\/div> \n        <\/div>\n    <\/div><style><\/style><div class=\"wpb_column vc_column_container content-dark vc_col-sm-2 column-z-index-69dee8259cd1d\"> \n        <div class=\"vc_column-inner \"> \n            <div class=\"wpb_wrapper\"> \n            <\/div> \n        <\/div>\n    <\/div><\/div>\n<div class=\"vc_row-full-width vc_clearfix\"><\/div>\n<style><\/style><div class=\"vc_row wpb_row vc_row-fluid content-dark data-bg-color-69dee8259cf9c vc_custom_1606371897510 vc_row-o-equal-height vc_row-o-content-middle vc_row-flex row-z-index-69dee8259cf9c\" ><style>#slcr_icon_text_last69dee8259d7c1.main__icon { display: block; text-align: center; color: #5abeb6 !important; border-radius: 50%; border-color: #ffffff !important; background: #ffffff !important;  height: 40px; width: 40px; line-height: 40px; font-size: 40px; transition: all ease .3s; -webkit-transition: all ease .3s; } [data-hover-target=\"box\"]:hover #slcr_icon_text_last69dee8259d7c1.main__icon, [data-hover-target=\"icon\"] #slcr_icon_text_last69dee8259d7c1.main__icon:hover { background: #ffffff !important; border-color: #ffffff !important; color: #5abeb6 !important; } #slcr_icon_text_content69dee8259d7c1{  } #slcr_icon_text_img69dee8259d7c1{  height: auto; width: 60px;   border-radius: 0px;  }<\/style><style>#slcr_icon_text_last69dee8259d908.main__icon { display: block; text-align: center; color: #5abeb6 !important; border-radius: 50%; border-color: #ffffff !important; background: #ffffff !important;  height: 40px; width: 40px; line-height: 40px; font-size: 40px; transition: all ease .3s; -webkit-transition: all ease .3s; } [data-hover-target=\"box\"]:hover #slcr_icon_text_last69dee8259d908.main__icon, [data-hover-target=\"icon\"] #slcr_icon_text_last69dee8259d908.main__icon:hover { background: #ffffff !important; border-color: #ffffff !important; color: #5abeb6 !important; } #slcr_icon_text_content69dee8259d908{  } #slcr_icon_text_img69dee8259d908{  height: auto; width: 60px;   border-radius: 0px;  }<\/style><style><\/style><div class=\"wpb_column vc_column_container content-dark vc_col-sm-4 column-z-index-69dee8259d0f5\"> \n        <div class=\"vc_column-inner vc_custom_1606365466886\"> \n            <div class=\"wpb_wrapper\"><style>#slcr_custom_heading_69dee8259d35c{ font-size: 14px;color: #5abeb6;line-height: 1.2;text-align: left;  }<\/style><p id=\"slcr_custom_heading_69dee8259d35c\" class=\"vc_custom_heading sub-heading single font-800\" >Kontaktdaten<\/p><style>#slcr_custom_heading_69dee8259d4bb{ font-size: 33px;line-height: 43px;text-align: left;  }<\/style><h2 id=\"slcr_custom_heading_69dee8259d4bb\" class=\"vc_custom_heading vc_custom_1718963332105 font-700\" >Ich freue mich auf deine Kontaktaufnahme<\/h2><div class=\"wpb_text_column wpb_content_element \" >\n\t\t<div class=\"wpb_wrapper\">\n\t\t\t<p class=\"p1\"><b>Leadership neu denken \u2013 ich freue mich auf den Austausch mit dir! <\/b><\/p>\n<p class=\"p1\">Ich hoffe, das DU ist okay \u2013 f\u00fcr eine offene und direkte Kommunikation. Ob du selbst als F\u00fchrungskraft wachsen m\u00f6chtest oder f\u00fcr deine F\u00fchrungskr\u00e4fte Unterst\u00fctzung suchst: Lass uns ins Gespr\u00e4ch kommen. Schreib mir einfach \u00fcber das Kontaktformular oder ruf mich direkt an. Ich freue mich darauf, von dir zu h\u00f6ren!<\/p>\n\n\t\t<\/div>\n\t<\/div><div class=\"vc_empty_space\"   style=\"height: 32px\"><span class=\"vc_empty_space_inner\"><\/span><\/div>\n                <div class=\"icons__text  vc_custom_1727073008472  \"   data-icon-align=\"left\" data-reset-responsive=\"false\" data-hover-target=\"box\" data-vertical-align=\"top\">\n                    <div class=\"icons_wrap\">\n                        <div class=\"icon__container\">\n                            <i class=\"main__icon fas fa-phone\" id=\"slcr_icon_text_last69dee8259d7c1\" ><\/i>\n                        <\/div>\n                    <\/div>\n                    <div class=\"text__content\" id=\"slcr_icon_text_content69dee8259d7c1\">\n                        \n<h4 style=\"font-size: 19px;font-weight: bold;margin-top: 0\">Kontakt<\/h4>\n<p><span class=\"font-700\">E-Mail:<\/span>\u00a0info@corinnesteiner.com<\/p>\n                    <\/div>\n                <\/div>\n                <div class=\"icons__text   \"   data-icon-align=\"left\" data-reset-responsive=\"false\" data-hover-target=\"box\" data-vertical-align=\"top\">\n                    <div class=\"icons_wrap\">\n                        <div class=\"icon__container\">\n                            <i class=\"main__icon fas fa-map-marker-alt\" id=\"slcr_icon_text_last69dee8259d908\" ><\/i>\n                        <\/div>\n                    <\/div>\n                    <div class=\"text__content\" id=\"slcr_icon_text_content69dee8259d908\">\n                        \n<h4 style=\"font-size: 19px;font-weight: bold;margin-top: 0\">Adresse<\/h4>\n<p>Hurdackerstr. 8, D\u00fcbendorf<br \/>\nSchweiz (CH-8600)<\/p>\n                    <\/div>\n                <\/div><div class=\"vc_empty_space  visible-xs\"   style=\"height: 100px\"><span class=\"vc_empty_space_inner\"><\/span><\/div> \n            <\/div> \n        <\/div>\n    <\/div><style><\/style><div class=\"wpb_column vc_column_container content-dark vc_col-sm-1 column-z-index-69dee8259daf1\"> \n        <div class=\"vc_column-inner \"> \n            <div class=\"wpb_wrapper\"> \n            <\/div> \n        <\/div>\n    <\/div><style>.slcr_box_image_css_69dee8259dcde{   }<\/style><style><\/style><div class=\"wpb_column vc_column_container content-dark vc_col-sm-7 column-z-index-69dee8259dbc9\"> \n        <div class=\"vc_column-inner \"> \n            <div class=\"wpb_wrapper\"> \n                    <div class=\"boxes box-1 bg-default   vc_custom_1606372167008  slcr_box_image_css_69dee8259dcde\" >\n                        <div class=\"inner text-left\"><style>#slcr_custom_heading_69dee8259dee6{ font-size: 24px;text-align: center;  }<\/style><h4 id=\"slcr_custom_heading_69dee8259dee6\" class=\"vc_custom_heading vc_custom_1718962271245 font-700\" >Kontaktformular<\/h4><style>#slcr_custom_heading_69dee8259e041{ text-align: center;  }<\/style><p id=\"slcr_custom_heading_69dee8259e041\" class=\"vc_custom_heading font-italic font-400\" >Sende deine Nachricht und ich werde mich bald bei dir melden.<\/p><div class=\"vc_empty_space\"   style=\"height: 32px\"><span class=\"vc_empty_space_inner\"><\/span><\/div>\n<div class=\"wpcf7 no-js\" id=\"wpcf7-f6-o1\" lang=\"en\" dir=\"ltr\" data-wpcf7-id=\"6\">\n<div class=\"screen-reader-response\"><p role=\"status\" aria-live=\"polite\" aria-atomic=\"true\"><\/p> <ul><\/ul><\/div>\n<form action=\"\/en\/wp-json\/wp\/v2\/pages\/744#wpcf7-f6-o1\" method=\"post\" class=\"wpcf7-form init\" aria-label=\"Contact form\" novalidate=\"novalidate\" data-status=\"init\">\n<fieldset class=\"hidden-fields-container\"><input type=\"hidden\" name=\"_wpcf7\" value=\"6\" \/><input type=\"hidden\" name=\"_wpcf7_version\" value=\"6.1.5\" \/><input type=\"hidden\" name=\"_wpcf7_locale\" value=\"en\" \/><input type=\"hidden\" name=\"_wpcf7_unit_tag\" value=\"wpcf7-f6-o1\" \/><input type=\"hidden\" name=\"_wpcf7_container_post\" value=\"0\" \/><input type=\"hidden\" name=\"_wpcf7_posted_data_hash\" value=\"\" \/><input type=\"hidden\" name=\"_wpcf7_recaptcha_response\" value=\"\" \/>\n<\/fieldset>\n<div class=\"col-md-6 inpt-left\">\n\t<p><label> Vor- und Nachname* <\/label><br \/>\n<span class=\"wpcf7-form-control-wrap\" data-name=\"your-name\"><input size=\"40\" maxlength=\"400\" class=\"wpcf7-form-control wpcf7-text wpcf7-validates-as-required\" aria-required=\"true\" aria-invalid=\"false\" placeholder=\"Dein Vor- und Nachname\" value=\"\" type=\"text\" name=\"your-name\" \/><\/span>\n\t<\/p>\n<\/div>\n<div class=\"col-md-6 inpt-right\">\n\t<p><label> E-Mail Adresse* <\/label><br \/>\n<span class=\"wpcf7-form-control-wrap\" data-name=\"your-email\"><input size=\"40\" maxlength=\"400\" class=\"wpcf7-form-control wpcf7-text wpcf7-validates-as-required\" aria-required=\"true\" aria-invalid=\"false\" placeholder=\"deinname@email.com\" value=\"\" type=\"text\" name=\"your-email\" \/><\/span>\n\t<\/p>\n<\/div>\n<div class=\"col-md-12\" style=\"padding-left: 0; padding-right: 0;\">\n\t<p><label>Deine Nachricht*<\/label><br \/>\n<span class=\"wpcf7-form-control-wrap\" data-name=\"textarea-3\"><textarea cols=\"40\" rows=\"10\" maxlength=\"2000\" class=\"wpcf7-form-control wpcf7-textarea wpcf7-validates-as-required\" aria-required=\"true\" aria-invalid=\"false\" name=\"textarea-3\"><\/textarea><\/span>\n\t<\/p>\n<\/div>\n<p><span class=\"wpcf7-form-control-wrap\" data-name=\"acceptance-122\"><span class=\"wpcf7-form-control wpcf7-acceptance\"><span class=\"wpcf7-list-item\"><label><input type=\"checkbox\" name=\"acceptance-122\" value=\"1\" aria-invalid=\"false\" \/><span class=\"wpcf7-list-item-label\">Ich nehme die <a href=\"\/datenschutzerklaerung\" target=\"_blank\">Datenschutzerkl\u00e4rung<\/a> zur Kenntnis<\/span><\/label><\/span><\/span><\/span>\n<\/p>\n<p><input class=\"wpcf7-form-control wpcf7-submit has-spinner btn btn--primary font-800 btn-submit\" type=\"submit\" value=\"Formular absenden\" \/>\n<\/p><div class=\"wpcf7-response-output\" aria-hidden=\"true\"><\/div>\n<\/form>\n<\/div>\n<\/div>\n                    <\/div>  \n            <\/div> \n        <\/div>\n    <\/div><\/div><style>[data-bg-color-69dee8259eef2]:before { content: \"\"; position: absolute; background-color: #28323b; height: 100%; width: 100%; top: 0; left: 0; z-index: 1; } .data-bg-color-69dee8259eef2.vc_row.vc_row-flex::after, .vc_row.vc_row-flex::before { display: inherit; } .data-bg-color-69dee8259eef2.vc_row:after, .vc_row:before { content: \" \"; display: inherit; }<\/style><div data-vc-full-width=\"true\" data-vc-full-width-init=\"false\" class=\"vc_row wpb_row vc_row-fluid content-dark data-bg-color-69dee8259eef2 vc_custom_1718963005093 vc_row-has-fill row-z-index-69dee8259eef2\" data-bg-overlay=\"8\"  data-bg-color-69dee8259eef2=\"8\" ><style><\/style><div class=\"wpb_column vc_column_container content-dark vc_col-sm-12 column-z-index-69dee8259f04a\"> \n        <div class=\"vc_column-inner \"> \n            <div class=\"wpb_wrapper\"><div class=\"vc_row wpb_row vc_inner vc_row-fluid vc_row-o-equal-height vc_row-o-content-middle vc_row-flex\"><style>#slcr_icon_text_last69dee8259f4ea.main__icon { display: block; text-align: center; color: #ffffff !important; border-radius: 50%; border-color: rgba(0,0,0,0.01) !important; background: rgba(255,255,255,0.01) !important;  height: 48px; width: 48px; line-height: 48px; font-size: 48px; transition: all ease .3s; -webkit-transition: all ease .3s; } [data-hover-target=\"box\"]:hover #slcr_icon_text_last69dee8259f4ea.main__icon, [data-hover-target=\"icon\"] #slcr_icon_text_last69dee8259f4ea.main__icon:hover { background: rgba(255,255,255,0.01) !important; border-color: rgba(255,255,255,0.01) !important; color: #ffffff !important; } #slcr_icon_text_content69dee8259f4ea{  } #slcr_icon_text_img69dee8259f4ea{  height: auto; width: 60px;   border-radius: 0px;  }<\/style><div class=\"wpb_column vc_column_container vc_col-sm-6\"><div class=\"vc_column-inner\"><div class=\"wpb_wrapper\">\n                <div class=\"icons__text   \"   data-icon-align=\"left\" data-reset-responsive=\"false\" data-hover-target=\"box\" data-vertical-align=\"top\">\n                    <div class=\"icons_wrap\">\n                        <div class=\"icon__container\">\n                            <i class=\"main__icon far fa-thumbs-up\" id=\"slcr_icon_text_last69dee8259f4ea\" ><\/i>\n                        <\/div>\n                    <\/div>\n                    <div class=\"text__content\" id=\"slcr_icon_text_content69dee8259f4ea\">\n                        \n<h3 style=\"font-size: 27px;line-height: 37px;font-weight: bold;color: #fff;margin-top: 0\">Erhalte regelm\u00e4ssig Motivation &amp; Mehrwert zum Thema Leadership.<\/h3>\n<h5 class=\"text-dimmer font-italic\" style=\"color: #fff\">Melde dich zum Newsletter an. (Kein Spam \u2013 versprochen!)<\/h5>\n\n                    <\/div>\n                <\/div><\/div><\/div><\/div><div class=\"wpb_column vc_column_container vc_col-sm-1\"><div class=\"vc_column-inner\"><div class=\"wpb_wrapper\"><\/div><\/div><\/div><div class=\"wpb_column vc_column_container vc_col-sm-5\"><div class=\"vc_column-inner\"><div class=\"wpb_wrapper\"><div class=\"vc_empty_space  visible-xs\"   style=\"height: 32px\"><span class=\"vc_empty_space_inner\"><\/span><\/div>\n<div class=\"wpcf7 no-js\" id=\"wpcf7-f463-o2\" lang=\"en\" dir=\"ltr\" data-wpcf7-id=\"463\">\n<div class=\"screen-reader-response\"><p role=\"status\" aria-live=\"polite\" aria-atomic=\"true\"><\/p> <ul><\/ul><\/div>\n<form action=\"\/en\/wp-json\/wp\/v2\/pages\/744#wpcf7-f463-o2\" method=\"post\" class=\"wpcf7-form init\" aria-label=\"Contact form\" novalidate=\"novalidate\" data-status=\"init\">\n<fieldset class=\"hidden-fields-container\"><input type=\"hidden\" name=\"_wpcf7\" value=\"463\" \/><input type=\"hidden\" name=\"_wpcf7_version\" value=\"6.1.5\" \/><input type=\"hidden\" name=\"_wpcf7_locale\" value=\"en\" \/><input type=\"hidden\" name=\"_wpcf7_unit_tag\" value=\"wpcf7-f463-o2\" \/><input type=\"hidden\" name=\"_wpcf7_container_post\" value=\"0\" \/><input type=\"hidden\" name=\"_wpcf7_posted_data_hash\" value=\"\" \/><input type=\"hidden\" name=\"_wpcf7_recaptcha_response\" value=\"\" \/>\n<\/fieldset>\n<div class=\"subscribe-form\">\n\t<p><span class=\"wpcf7-form-control-wrap\" data-name=\"your-email\"><input size=\"40\" maxlength=\"400\" class=\"wpcf7-form-control wpcf7-email wpcf7-validates-as-required wpcf7-text wpcf7-validates-as-email subscribe-input\" aria-required=\"true\" aria-invalid=\"false\" placeholder=\"deinname@email.com\" value=\"\" type=\"email\" name=\"your-email\" \/><\/span><br \/>\n<span class=\"wpcf7-form-control-wrap\" data-name=\"acceptance-248\"><span class=\"wpcf7-form-control wpcf7-acceptance\"><span class=\"wpcf7-list-item\"><label><input type=\"checkbox\" name=\"acceptance-248\" value=\"1\" aria-invalid=\"false\" \/><span class=\"wpcf7-list-item-label\"><span style=\"color:white\">Ich nehme die <a href=\"\/datenschutzerklaerung\" target=\"_blank\">Datenschutzerkl\u00e4rung<\/a> zur Kenntnis<\/span><\/span><\/label><\/span><\/span><\/span><br \/>\n<input class=\"wpcf7-form-control wpcf7-submit has-spinner subscribe-btn btn\" type=\"submit\" value=\"Anmelden\" \/>\n\t<\/p>\n<\/div><div class=\"wpcf7-response-output\" aria-hidden=\"true\"><\/div>\n<\/form>\n<\/div>\n<\/div><\/div><\/div><\/div> \n            <\/div> \n        <\/div>\n    <\/div><\/div>\n<div class=\"vc_row-full-width vc_clearfix\"><\/div>\n<\/div>","protected":false},"excerpt":{"rendered":"KontaktIch freue mich auf deine Nachricht! KontaktdatenIch freue mich auf deine Kontaktaufnahme Leadership neu denken \u2013 ich freue mich auf den Austausch mit dir! Ich hoffe, das DU ist okay \u2013 f\u00fcr eine offene und direkte Kommunikation. Ob du selbst als F\u00fchrungskraft wachsen m\u00f6chtest oder f\u00fcr deine F\u00fchrungskr\u00e4fte Unterst\u00fctzung suchst: Lass uns ins Gespr\u00e4ch kommen. [...]","protected":false},"author":2,"featured_media":1255,"parent":0,"menu_order":0,"comment_status":"closed","ping_status":"closed","template":"","meta":{"_acf_changed":false,"footnotes":""},"class_list":["post-744","page","type-page","status-publish","has-post-thumbnail","hentry"],"acf":[],"_links":{"self":[{"href":"https:\/\/corinnesteiner.com\/en\/wp-json\/wp\/v2\/pages\/744","targetHints":{"allow":["GET"]}}],"collection":[{"href":"https:\/\/corinnesteiner.com\/en\/wp-json\/wp\/v2\/pages"}],"about":[{"href":"https:\/\/corinnesteiner.com\/en\/wp-json\/wp\/v2\/types\/page"}],"author":[{"embeddable":true,"href":"https:\/\/corinnesteiner.com\/en\/wp-json\/wp\/v2\/users\/2"}],"replies":[{"embeddable":true,"href":"https:\/\/corinnesteiner.com\/en\/wp-json\/wp\/v2\/comments?post=744"}],"version-history":[{"count":9,"href":"https:\/\/corinnesteiner.com\/en\/wp-json\/wp\/v2\/pages\/744\/revisions"}],"predecessor-version":[{"id":2064,"href":"https:\/\/corinnesteiner.com\/en\/wp-json\/wp\/v2\/pages\/744\/revisions\/2064"}],"wp:featuredmedia":[{"embeddable":true,"href":"https:\/\/corinnesteiner.com\/en\/wp-json\/wp\/v2\/media\/1255"}],"wp:attachment":[{"href":"https:\/\/corinnesteiner.com\/en\/wp-json\/wp\/v2\/media?parent=744"}],"curies":[{"name":"wp","href":"https:\/\/api.w.org\/{rel}","templated":true}]}}