{"id":771,"date":"2020-11-26T06:38:43","date_gmt":"2020-11-26T06:38:43","guid":{"rendered":"http:\/\/www.slashcreative.co\/dmip\/psychare\/?page_id=771"},"modified":"2025-05-08T09:55:06","modified_gmt":"2025-05-08T07:55:06","slug":"fuehrung-circle","status":"publish","type":"page","link":"https:\/\/corinnesteiner.com\/en\/angebote\/fuehrung-circle\/","title":{"rendered":"F\u00fchrungs-Circle mit Peer Coachings und Kollegialen Fallberatungen"},"content":{"rendered":"<div class=\"wpb-content-wrapper\"><p><style><\/style><div class=\"vc_row wpb_row vc_row-fluid content-dark data-bg-color-69dee8243db47 row-z-index-69dee8243db47\" ><style><\/style><div class=\"wpb_column vc_column_container content-dark vc_col-sm-12 column-z-index-69dee8243deb3\"> \n        <div class=\"vc_column-inner \"> \n            <div class=\"wpb_wrapper\"><style>#slcr_custom_heading_69dee8243e79d{ font-size: 18px;text-align: left;  }<\/style><p id=\"slcr_custom_heading_69dee8243e79d\" class=\"vc_custom_heading font-600\" >Erlebe, wie Coaching deine F\u00fchrungskompetenzen transformieren kann und werde zum Vorbild f\u00fcr ein Team.<\/p><style>#slcr_custom_heading_69dee8243e93d{ text-align: left;  }<\/style><p id=\"slcr_custom_heading_69dee8243e93d\" class=\"vc_custom_heading font-400\" >Dieses Training vermittelt praktische Coaching-Techniken, die sofort in der eigenen Mitarbeiterf\u00fchrung anwendet werden k\u00f6nnen, um effektiver und erfolgreicher \u00fcber Fragen zu f\u00fchren.<\/p><div class=\"vc_empty_space\"   style=\"height: 32px\"><span class=\"vc_empty_space_inner\"><\/span><\/div> \n            <\/div> \n        <\/div>\n    <\/div><\/div><style><\/style><div class=\"vc_row wpb_row vc_row-fluid content-dark data-bg-color-69dee8243ec42 row-z-index-69dee8243ec42\" ><style><\/style><div class=\"wpb_column vc_column_container content-dark vc_col-sm-12 column-z-index-69dee8243ed8e\"> \n        <div class=\"vc_column-inner \"> \n            <div class=\"wpb_wrapper\"><style>#slcr_custom_heading_69dee8243f028{ font-size: 27px;line-height: 35px;text-align: left;  }<\/style><h3 id=\"slcr_custom_heading_69dee8243f028\" class=\"vc_custom_heading font-700\" >Ziele des Circles:<\/h3><div class=\"wpb_text_column wpb_content_element \" >\n\t\t<div class=\"wpb_wrapper\">\n\t\t\t<h4><\/h4>\n<ul>\n<li style=\"font-weight: 400;\" aria-level=\"1\"><span style=\"font-weight: 400;\">Austausch auf Augenh\u00f6he mit anderen F\u00fchrungskr\u00e4ften<\/span><\/li>\n<li style=\"font-weight: 400;\" aria-level=\"1\"><span style=\"font-weight: 400;\">Entwicklung von L\u00f6sungen durch Praxisbeispiele und kollegiale Beratung<\/span><\/li>\n<li style=\"font-weight: 400;\" aria-level=\"1\"><span style=\"font-weight: 400;\">St\u00e4rkung der F\u00fchrungskompetenzen durch gemeinsames Lernen und Feedback<\/span><\/li>\n<\/ul>\n\n\t\t<\/div>\n\t<\/div><div class=\"vc_separator wpb_content_element vc_separator_align_center vc_sep_width_100 vc_sep_pos_align_center vc_separator_no_text vc_custom_1606374141624 wpb_content_element  vc_custom_1606374141624 wpb_content_element\" ><span class=\"vc_sep_holder vc_sep_holder_l\"><span style=\"border-color:#eeeeee;\" class=\"vc_sep_line\"><\/span><\/span><span class=\"vc_sep_holder vc_sep_holder_r\"><span style=\"border-color:#eeeeee;\" class=\"vc_sep_line\"><\/span><\/span>\n<\/div> \n            <\/div> \n        <\/div>\n    <\/div><\/div><style><\/style><div class=\"vc_row wpb_row vc_row-fluid content-dark data-bg-color-69dee82471575 row-z-index-69dee82471575\" ><style><\/style><div class=\"wpb_column vc_column_container content-dark vc_col-sm-6 column-z-index-69dee824716d0\"> \n        <div class=\"vc_column-inner \"> \n            <div class=\"wpb_wrapper\"><style>#slcr_custom_heading_69dee82471970{ font-size: 27px;line-height: 35px;text-align: left;  }<\/style><h3 id=\"slcr_custom_heading_69dee82471970\" class=\"vc_custom_heading font-700\" >Format: Regelm\u00e4ssige Gruppensessions, kombiniert mit individuellen Praxisf\u00e4llen.<\/h3><style>#slcr_custom_heading_69dee82471b53{ text-align: left;  }<\/style><p id=\"slcr_custom_heading_69dee82471b53\" class=\"vc_custom_heading font-400\" >F\u00fchrungskr\u00e4fte absolvieren F\u00fchrungs- oder Coaching-Ausbildungen und lernen die theoretischen Konzepte \u2013 doch die Anwendung des Gelernten bleibt im hektischen Arbeitsalltag oft auf der Strecke. Die Zeit fehlt, und viele F\u00fchrungskr\u00e4fte stehen vor dem Problem, dass die Realit\u00e4t der Praxis selten der Theorie entspricht. Genau hier setzt dieses Programm an.<\/p>\n<p>Die F\u00fchrungs-Circles mit Peer Coachings und kollegialen Fallberatungen schaffen eine Plattform, auf der F\u00fchrungskr\u00e4fte in gesch\u00fctztem Rahmen an echten Praxisf\u00e4llen arbeiten und Handlungsoptionen erarbeiten k\u00f6nnen. Das bietet ihnen die M\u00f6glichkeit, in der Praxis das zu \u00fcben, was im Alltag oft fehlt.<\/p><div class=\"vc_separator wpb_content_element vc_separator_align_center vc_sep_width_100 vc_sep_pos_align_center vc_separator_no_text vc_custom_1606374739848 wpb_content_element  vc_custom_1606374739848 wpb_content_element\" ><span class=\"vc_sep_holder vc_sep_holder_l\"><span style=\"border-color:#eeeeee;\" class=\"vc_sep_line\"><\/span><\/span><span class=\"vc_sep_holder vc_sep_holder_r\"><span style=\"border-color:#eeeeee;\" class=\"vc_sep_line\"><\/span><\/span>\n<\/div> \n            <\/div> \n        <\/div>\n    <\/div><style><\/style><div class=\"wpb_column vc_column_container content-dark vc_col-sm-6 column-z-index-69dee82471d9b\"> \n        <div class=\"vc_column-inner \"> \n            <div class=\"wpb_wrapper\"><div class=\"vc_empty_space\"   style=\"height: 40px\"><span class=\"vc_empty_space_inner\"><\/span><\/div><div  class=\"wpb_single_image wpb_content_element vc_align_left\">\n\t\t\n\t\t<figure class=\"wpb_wrapper vc_figure\">\n\t\t\t<div class=\"vc_single_image-wrapper   vc_box_border_grey\"><img loading=\"lazy\" decoding=\"async\" width=\"600\" height=\"313\" src=\"https:\/\/corinnesteiner.com\/wp-content\/uploads\/2024\/11\/halbtages_workshop_banner.png\" class=\"vc_single_image-img attachment-large\" alt=\"\" title=\"halbtages_workshop_banner\" srcset=\"https:\/\/corinnesteiner.com\/wp-content\/uploads\/2024\/11\/halbtages_workshop_banner.png 1024w, https:\/\/corinnesteiner.com\/wp-content\/uploads\/2024\/11\/halbtages_workshop_banner-300x157.png 300w, https:\/\/corinnesteiner.com\/wp-content\/uploads\/2024\/11\/halbtages_workshop_banner-768x401.png 768w, https:\/\/corinnesteiner.com\/wp-content\/uploads\/2024\/11\/halbtages_workshop_banner-18x9.png 18w\" sizes=\"auto, (max-width: 600px) 100vw, 600px\" \/><\/div>\n\t\t<\/figure>\n\t<\/div>  \n            <\/div> \n        <\/div>\n    <\/div><\/div><style><\/style><div class=\"vc_row wpb_row vc_row-fluid content-dark data-bg-color-69dee82472ac8 row-z-index-69dee82472ac8\" ><style><\/style><div class=\"wpb_column vc_column_container content-dark vc_col-sm-6 column-z-index-69dee82472c00\"> \n        <div class=\"vc_column-inner \"> \n            <div class=\"wpb_wrapper\"><style>#slcr_custom_heading_69dee82472e16{ font-size: 27px;line-height: 35px;text-align: left;  }<\/style><h3 id=\"slcr_custom_heading_69dee82472e16\" class=\"vc_custom_heading font-700\" >Zwei Optionen stehen zur Verf\u00fcgung:<\/h3><div class=\"wpb_text_column wpb_content_element \" >\n\t\t<div class=\"wpb_wrapper\">\n\t\t\t<p><b>Interne Gruppen<\/b><span style=\"font-weight: 400;\">: Ich begleite interne Kleingruppen von F\u00fchrungskr\u00e4ften aus einem Unternehmen als externe Supervisorin. In vereinbarten Zeitintervallen komme ich vor Ort und moderiere die Sessions.<\/span><\/p>\n\n\t\t<\/div>\n\t<\/div><div class=\"vc_separator wpb_content_element vc_separator_align_center vc_sep_width_100 vc_sep_pos_align_center vc_separator_no_text vc_custom_1606374739848 wpb_content_element  vc_custom_1606374739848 wpb_content_element\" ><span class=\"vc_sep_holder vc_sep_holder_l\"><span style=\"border-color:#eeeeee;\" class=\"vc_sep_line\"><\/span><\/span><span class=\"vc_sep_holder vc_sep_holder_r\"><span style=\"border-color:#eeeeee;\" class=\"vc_sep_line\"><\/span><\/span>\n<\/div> \n            <\/div> \n        <\/div>\n    <\/div><style><\/style><div class=\"wpb_column vc_column_container content-dark vc_col-sm-6 column-z-index-69dee8247310b\"> \n        <div class=\"vc_column-inner \"> \n            <div class=\"wpb_wrapper\"><div class=\"vc_empty_space\"   style=\"height: 25px\"><span class=\"vc_empty_space_inner\"><\/span><\/div><div class=\"wpb_text_column wpb_content_element  vc_custom_1730284747001\" >\n\t\t<div class=\"wpb_wrapper\">\n\t\t\t<p><b>Offene Zirkeltreffen<\/b><span style=\"font-weight: 400;\">: F\u00fcr F\u00fchrungskr\u00e4fte aus verschiedenen Unternehmen, die regelm\u00e4\u00dfig in meinen F\u00fchrungszirkeln teilnehmen. Diese Events organisiere und moderiere ich (Link zu Leadership X-Change Events).<\/span><\/p>\n\n\t\t<\/div>\n\t<\/div><div class=\"vc_separator wpb_content_element vc_separator_align_center vc_sep_width_100 vc_sep_pos_align_center vc_separator_no_text vc_custom_1606374739848 wpb_content_element  vc_custom_1606374739848 wpb_content_element\" ><span class=\"vc_sep_holder vc_sep_holder_l\"><span style=\"border-color:#eeeeee;\" class=\"vc_sep_line\"><\/span><\/span><span class=\"vc_sep_holder vc_sep_holder_r\"><span style=\"border-color:#eeeeee;\" class=\"vc_sep_line\"><\/span><\/span>\n<\/div> \n            <\/div> \n        <\/div>\n    <\/div><\/div><style><\/style><div class=\"vc_row wpb_row vc_row-fluid content-dark data-bg-color-69dee82473696 row-z-index-69dee82473696\" ><style><\/style><div class=\"wpb_column vc_column_container content-dark vc_col-sm-12 column-z-index-69dee824737ce\"> \n        <div class=\"vc_column-inner \"> \n            <div class=\"wpb_wrapper\"><div class=\"wpb_text_column wpb_content_element \" >\n\t\t<div class=\"wpb_wrapper\">\n\t\t\t<p><span style=\"font-weight: 400;\">Ganz nach dem Motto <strong>\u201egemeinsam statt einsam\u201c<\/strong> bieten diese Sessions F\u00fchrungskr\u00e4ften eine wertvolle \u00dcbungs- und Austauschplattform. Sie k\u00f6nnen:<\/span><\/p>\n<ul>\n<li style=\"font-weight: 400;\" aria-level=\"1\"><span style=\"font-weight: 400;\">Eigene Praxisbeispiele anonymisiert einbringen und gemeinsam Handlungsoptionen entwickeln<\/span><\/li>\n<li style=\"font-weight: 400;\" aria-level=\"1\"><span style=\"font-weight: 400;\">Aktuelle F\u00fchrungsthemen thematisieren und von den Erfahrungen anderer lernen<\/span><\/li>\n<li style=\"font-weight: 400;\" aria-level=\"1\"><span style=\"font-weight: 400;\">1:1 Coachings \u00fcben, erleben, beobachten und dazu konstruktives Feedback erhalten<\/span><\/li>\n<li style=\"font-weight: 400;\" aria-level=\"1\"><span style=\"font-weight: 400;\">F\u00fchrungs-Tools und -Methoden diskutieren, ausprobieren oder weiterentwickeln<\/span><\/li>\n<li style=\"font-weight: 400;\" aria-level=\"1\"><span style=\"font-weight: 400;\">Kommunikationsmuster erkennen und neue Ans\u00e4tze testen<\/span><\/li>\n<li style=\"font-weight: 400;\" aria-level=\"1\"><span style=\"font-weight: 400;\">Rollenspiele durchf\u00fchren, um schwierige Gespr\u00e4che vorzubereiten<\/span><\/li>\n<li style=\"font-weight: 400;\" aria-level=\"1\"><span style=\"font-weight: 400;\">Von Praxisbeispielen anderer F\u00fchrungskr\u00e4fte und Unternehmen profitieren<\/span><\/li>\n<li style=\"font-weight: 400;\" aria-level=\"1\"><span style=\"font-weight: 400;\">Zwischen den Sessions das Erlernte in die Praxis umsetzen und in der n\u00e4chsten Session reflektieren, anpassen und optimieren<\/span><\/li>\n<\/ul>\n\n\t\t<\/div>\n\t<\/div><div class=\"vc_separator wpb_content_element vc_separator_align_center vc_sep_width_100 vc_sep_pos_align_center vc_separator_no_text vc_custom_1606374739848 wpb_content_element  vc_custom_1606374739848 wpb_content_element\" ><span class=\"vc_sep_holder vc_sep_holder_l\"><span style=\"border-color:#eeeeee;\" class=\"vc_sep_line\"><\/span><\/span><span class=\"vc_sep_holder vc_sep_holder_r\"><span style=\"border-color:#eeeeee;\" class=\"vc_sep_line\"><\/span><\/span>\n<\/div> \n            <\/div> \n        <\/div>\n    <\/div><\/div><style><\/style><div class=\"vc_row wpb_row vc_row-fluid content-dark data-bg-color-69dee82473d47 row-z-index-69dee82473d47\" ><style><\/style><div class=\"wpb_column vc_column_container content-dark vc_col-sm-12 column-z-index-69dee82473e6a\"> \n        <div class=\"vc_column-inner \"> \n            <div class=\"wpb_wrapper\"><style>#slcr_custom_heading_69dee8247406e{ font-size: 27px;line-height: 35px;text-align: left;  }<\/style><h3 id=\"slcr_custom_heading_69dee8247406e\" class=\"vc_custom_heading font-700\" >Vertrauen als Basis f\u00fcr tiefe Lernprozesse<\/h3><style>#slcr_custom_heading_69dee824741ce{ text-align: left;  }<\/style><p id=\"slcr_custom_heading_69dee824741ce\" class=\"vc_custom_heading font-400\" >In diesen Sessions entwickelt sich rasch eine vertrauensvolle Atmosph\u00e4re, in der F\u00fchrungskr\u00e4fte offen \u00fcber ihre Herausforderungen sprechen k\u00f6nnen. Gemeinsamkeiten werden erkennbar, und die Teilnehmenden profitieren gegenseitig von ihren Erfahrungen und ihrem Wissen. Je offener die F\u00fchrungskr\u00e4fte ihre aktuellen Fragestellungen einbringen, desto tiefgr\u00fcndiger und wertvoller sind die Sessions.<\/p><style>#slcr_custom_heading_69dee8247431c{ font-size: 27px;line-height: 35px;text-align: left;  }<\/style><h3 id=\"slcr_custom_heading_69dee8247431c\" class=\"vc_custom_heading font-700\" >Optionales 1:1 Coaching<\/h3><style>#slcr_custom_heading_69dee82474464{ text-align: left;  }<\/style><p id=\"slcr_custom_heading_69dee82474464\" class=\"vc_custom_heading font-400\" >Falls es Themen gibt, die zu vertraulich sind, um sie in der Gruppe zu besprechen, biete ich die Option, individuelle 1:1 Coaching-Sessions zu buchen. Dies bietet Raum f\u00fcr tiefergehende Reflexion und spezifische Unterst\u00fctzung. Mit der Zeit entstehen Peer-Gruppen, in denen sich die F\u00fchrungskr\u00e4fte auch selbstst\u00e4ndig ausserhalb der formalen Sitzungen unterst\u00fctzen k\u00f6nnen.<\/p><div class=\"vc_separator wpb_content_element vc_separator_align_center vc_sep_width_100 vc_sep_pos_align_center vc_separator_no_text vc_custom_1606374739848 wpb_content_element  vc_custom_1606374739848 wpb_content_element\" ><span class=\"vc_sep_holder vc_sep_holder_l\"><span style=\"border-color:#eeeeee;\" class=\"vc_sep_line\"><\/span><\/span><span class=\"vc_sep_holder vc_sep_holder_r\"><span style=\"border-color:#eeeeee;\" class=\"vc_sep_line\"><\/span><\/span>\n<\/div> \n            <\/div> \n        <\/div>\n    <\/div><\/div><style><\/style><div class=\"vc_row wpb_row vc_row-fluid content-dark data-bg-color-69dee824747e6 row-z-index-69dee824747e6\" ><style><\/style><div class=\"wpb_column vc_column_container content-dark vc_col-sm-12 column-z-index-69dee824748ab\"> \n        <div class=\"vc_column-inner \"> \n            <div class=\"wpb_wrapper\"><style>#slcr_custom_heading_69dee82474aa6{ font-size: 27px;line-height: 35px;text-align: left;  }<\/style><h3 id=\"slcr_custom_heading_69dee82474aa6\" class=\"vc_custom_heading font-700\" >M\u00f6chtest du dich regelm\u00e4\u00dfig mit gleichgesinnten F\u00fchrungskr\u00e4ften austauschen?<\/h3><div class=\"wpb_text_column wpb_content_element \" >\n\t\t<div class=\"wpb_wrapper\">\n\t\t\t<p>Dann registriere dich hier f\u00fcr das n\u00e4chste <a href=\"https:\/\/corinnesteiner.com\/kontakt\/\">Leadership Circle<\/a><\/p>\n\n\t\t<\/div>\n\t<\/div><div class=\"wpb_text_column wpb_content_element \" >\n\t\t<div class=\"wpb_wrapper\">\n\t\t\t<p><span style=\"font-weight: 400;\">Oder gibt es F\u00fchrungskr\u00e4fte in deinem Unternehmen, f\u00fcr die solch ein Austausch wertvoll w\u00e4re? Kontaktiere mich gerne f\u00fcr ein unverbindliches Gespr\u00e4ch, um herauszufinden, welche L\u00f6sung f\u00fcr euch am besten passt.<\/span><\/p>\n\n\t\t<\/div>\n\t<\/div><div class=\"vc_separator wpb_content_element vc_separator_align_center vc_sep_width_100 vc_sep_pos_align_center vc_separator_no_text vc_custom_1606374739848 wpb_content_element  vc_custom_1606374739848 wpb_content_element\" ><span class=\"vc_sep_holder vc_sep_holder_l\"><span style=\"border-color:#eeeeee;\" class=\"vc_sep_line\"><\/span><\/span><span class=\"vc_sep_holder vc_sep_holder_r\"><span style=\"border-color:#eeeeee;\" class=\"vc_sep_line\"><\/span><\/span>\n<\/div> \n            <\/div> \n        <\/div>\n    <\/div><\/div><style><\/style><div class=\"vc_row wpb_row vc_row-fluid content-dark data-bg-color-69dee82474f51 row-z-index-69dee82474f51\" ><style>.slcr_testimonials_69dee824753ae h4 {   } .slcr_testimonials_69dee824753ae p {  font-size: 19px !important; color: #727272 !important;  } .slcr_testimonials_69dee824753ae h5 {  color: #5abeb6 !important;  } .slcr_testimonials_69dee824753ae h6 {   color: #727272 !important;  }<\/style><style>.slcr_testimonials_69dee82475411 h4 {   } .slcr_testimonials_69dee82475411 p {  font-size: 19px !important; color: #727272 !important;  } .slcr_testimonials_69dee82475411 h5 {  color: #5abeb6 !important;  } .slcr_testimonials_69dee82475411 h6 {   }<\/style><style>.slcr_testimonials_69dee82475449 h4 {   } .slcr_testimonials_69dee82475449 p {  font-size: 19px !important; color: #727272 !important;  } .slcr_testimonials_69dee82475449 h5 {  color: #5abeb6 !important;  } .slcr_testimonials_69dee82475449 h6 {   }<\/style><style><\/style><style><\/style><div class=\"wpb_column vc_column_container content-dark vc_col-sm-12 column-z-index-69dee82475091\"> \n        <div class=\"vc_column-inner \"> \n            <div class=\"wpb_wrapper\"><style>#slcr_custom_heading_69dee824752d8{ font-size: 27px;line-height: 35px;text-align: left;  }<\/style><h3 id=\"slcr_custom_heading_69dee824752d8\" class=\"vc_custom_heading font-700\" >Lohnen tut es sich auf jeden Fall. - Das sagen bestehende Kunden<\/h3> \n                <div class=\"owl owl-carousel carousel-shortcode  vc_custom_1746536071520 \"  data-carousel-loop=\"true\" data-carousel-dots=\"true\" data-carousel-margin=\"0\" data-carousel-autoplay=\"true\" data-carousel-responsiveClass=\"true\" data-carousel-stage-padding=\"0\" data-carousel-ani-i=\"\" data-carousel-ani-o=\"\" data-carousel-animateIn=\"\" data-carousel-animateOut=\"\" data-carousel-smartspeed=\"1000\" data-carousel-items-mob=\"1\" data-carousel-items-tab=\"1\" data-carousel-items-pc=\"1\" data-carousel-nav-mob=\"false\" data-carousel-nav-tab=\"false\" data-carousel-nav-pc=\"false\" data-carousel-dots-mob=\"true\" data-carousel-dots-tab=\"true\" data-carousel-dots-pc=\"true\">\n                <blockquote class=\"testimonial__02 text-center  slcr_testimonials_69dee824753ae\" >\n                    \n                    <h4><\/h4>\n                    <p class=\"gap-30\">\u201cVielen Dank f\u00fcr den interessanten und gem\u00fctlichen Abend!\u201d<\/p>\n                    <h5 class=\"color-secondary gap-30 mb-0\">Felix Hug ~ <\/h5>\n                    <h6 class=\"color-secondary gap-0\">Gesch\u00e4ftsf\u00fchrer<\/h6>\n                <\/blockquote>\n                <blockquote class=\"testimonial__02 text-center  slcr_testimonials_69dee82475411\" >\n                    \n                    <h4><\/h4>\n                    <p class=\"gap-30\">\u201cHoi Corinne, nochmals ganz herzlichen Dank, das ich der Grepery dabei sein durfte. Habe die Runde mit den verschiedenen Charakteren genossen\u201d<\/p>\n                    <h5 class=\"color-secondary gap-30 mb-0\">Roli <\/h5>\n                    <h6 class=\"color-secondary gap-0\"><\/h6>\n                <\/blockquote>\n                <blockquote class=\"testimonial__02 text-center  slcr_testimonials_69dee82475449\" >\n                    \n                    <h4><\/h4>\n                    <p class=\"gap-30\">\u201cVielen herzlichen Dank f\u00fcr die Adressen und das Erinnerungsbild. Auch ich m\u00f6chte ,ich ganz herzlich f\u00fcr den wunderbaren Abend in einer coolen Runde und bei feinem Essen bedanken! Leider musste ich zu fr\u00fch gehen, aber vielleicht ergibt sich mal eine Wiederholung. Ebenfalls nochmals vielen Dank f\u00fcr das Zertifikat. Dieses Coaching Training in einer Kleingruppe hat mir sehr viel gebracht!\u201d<\/p>\n                    <h5 class=\"color-secondary gap-30 mb-0\">Andreas <\/h5>\n                    <h6 class=\"color-secondary gap-0\"><\/h6>\n                <\/blockquote>\n                <\/div><div class=\"vc_row wpb_row vc_inner vc_row-fluid vc_custom_1605518615246 vc_row-has-fill\"><div class=\"wpb_column vc_column_container vc_col-sm-1\"><div class=\"vc_column-inner\"><div class=\"wpb_wrapper\"><\/div><\/div><\/div><style>#slcr_icon_text_last69dee824759af.main__icon { display: block; text-align: center; color: #5abeb6 !important; border-radius: 50%; border-color: #f9f5f2 !important; background: #f9f5f2 !important;  height: 64px; width: 64px; line-height: 64px; font-size: 32px; transition: all ease .3s; -webkit-transition: all ease .3s; } [data-hover-target=\"box\"]:hover #slcr_icon_text_last69dee824759af.main__icon, [data-hover-target=\"icon\"] #slcr_icon_text_last69dee824759af.main__icon:hover { background: #f9f5f2 !important; border-color: #f9f5f2 !important; color: #5abeb6 !important; } #slcr_icon_text_content69dee824759af{  } #slcr_icon_text_img69dee824759af{  height: auto; width: 60px;   border-radius: 0px;  }<\/style><div class=\"wpb_column vc_column_container vc_col-sm-5\"><div class=\"vc_column-inner\"><div class=\"wpb_wrapper\">\n                <div class=\"icons__text   icon-center-mobile\"   data-icon-align=\"left\" data-reset-responsive=\"false\" data-hover-target=\"box\" data-vertical-align=\"top\">\n                    <div class=\"icons_wrap\">\n                        <div class=\"icon__container\">\n                            <i class=\"main__icon fas fa-phone\" id=\"slcr_icon_text_last69dee824759af\" ><\/i>\n                        <\/div>\n                    <\/div>\n                    <div class=\"text__content\" id=\"slcr_icon_text_content69dee824759af\">\n                        \n<h4 style=\"font-size: 23px;font-weight: bold;margin-top: 0;margin-bottom: 0px\">Kostenloses Gespr\u00e4ch anfragen<\/h4>\n<p>Jetzt gew\u00fcnschte Session im Kalender ausw\u00e4hlen.<\/p>\n                    <\/div>\n                <\/div><\/div><\/div><\/div><div class=\"text-right center-xs wpb_column vc_column_container vc_col-sm-5\"><div class=\"vc_column-inner\"><div class=\"wpb_wrapper\"><style>#btn_slcr_69dee82476096{ font-size: 14px; text-transform: uppercase;}  #btn_slcr_69dee82476096:hover{ }<\/style><div class=\"vc_btn3-container vc_btn3-inline\">\n                    <a href=\"https:\/\/corinnesteiner.com\/kontakt\/\" title=\"Kontakt\" id=\"btn_slcr_69dee82476096\" class=\"btn   vc_custom_1746690873088 left-xs btn--lg font-800 btn--rounded  btn--primary     \">\n                        <span>Kostenlos buchen<\/span>\n                    <\/a>  <\/div><style>#btn_slcr_69dee8247647e{ font-size: 14px; text-transform: uppercase; } #btn_slcr_69dee8247647e:hover{ }<\/style><div class=\"vc_btn3-container vc_btn3-inline\">\n                    <a href=\"\/angebote\" title=\"\" id=\"btn_slcr_69dee8247647e\" class=\"btn   vc_custom_1718972660760 left-xs btn--lg font-800 btn--rounded     btn--primary  btn--ghost \"  >\n                        <span>Alle Angebote<\/span>\n                    <\/a> <\/div><\/div><\/div><\/div><div class=\"wpb_column vc_column_container vc_col-sm-1\"><div class=\"vc_column-inner\"><div class=\"wpb_wrapper\"><\/div><\/div><\/div><\/div> \n            <\/div> \n        <\/div>\n    <\/div><\/div>\n<\/div>","protected":false},"excerpt":{"rendered":"Erlebe, wie Coaching deine F\u00fchrungskompetenzen transformieren kann und werde zum Vorbild f\u00fcr ein Team.Dieses Training vermittelt praktische Coaching-Techniken, die sofort in der eigenen Mitarbeiterf\u00fchrung anwendet werden k\u00f6nnen, um effektiver und erfolgreicher \u00fcber Fragen zu f\u00fchren. Ziele des Circles: Austausch auf Augenh\u00f6he mit anderen F\u00fchrungskr\u00e4ften Entwicklung von L\u00f6sungen durch Praxisbeispiele und kollegiale Beratung St\u00e4rkung der F\u00fchrungskompetenzen [...]","protected":false},"author":2,"featured_media":1902,"parent":657,"menu_order":0,"comment_status":"closed","ping_status":"closed","template":"sidebar-right.php","meta":{"_acf_changed":false,"footnotes":""},"class_list":["post-771","page","type-page","status-publish","has-post-thumbnail","hentry"],"acf":[],"_links":{"self":[{"href":"https:\/\/corinnesteiner.com\/en\/wp-json\/wp\/v2\/pages\/771","targetHints":{"allow":["GET"]}}],"collection":[{"href":"https:\/\/corinnesteiner.com\/en\/wp-json\/wp\/v2\/pages"}],"about":[{"href":"https:\/\/corinnesteiner.com\/en\/wp-json\/wp\/v2\/types\/page"}],"author":[{"embeddable":true,"href":"https:\/\/corinnesteiner.com\/en\/wp-json\/wp\/v2\/users\/2"}],"replies":[{"embeddable":true,"href":"https:\/\/corinnesteiner.com\/en\/wp-json\/wp\/v2\/comments?post=771"}],"version-history":[{"count":32,"href":"https:\/\/corinnesteiner.com\/en\/wp-json\/wp\/v2\/pages\/771\/revisions"}],"predecessor-version":[{"id":2739,"href":"https:\/\/corinnesteiner.com\/en\/wp-json\/wp\/v2\/pages\/771\/revisions\/2739"}],"up":[{"embeddable":true,"href":"https:\/\/corinnesteiner.com\/en\/wp-json\/wp\/v2\/pages\/657"}],"wp:featuredmedia":[{"embeddable":true,"href":"https:\/\/corinnesteiner.com\/en\/wp-json\/wp\/v2\/media\/1902"}],"wp:attachment":[{"href":"https:\/\/corinnesteiner.com\/en\/wp-json\/wp\/v2\/media?parent=771"}],"curies":[{"name":"wp","href":"https:\/\/api.w.org\/{rel}","templated":true}]}}