{"id":812,"date":"2020-12-02T04:37:05","date_gmt":"2020-12-02T04:37:05","guid":{"rendered":"http:\/\/www.slashcreative.co\/dmip\/psychare\/?page_id=812"},"modified":"2025-05-08T09:53:56","modified_gmt":"2025-05-08T07:53:56","slug":"life-quality-academy","status":"publish","type":"page","link":"https:\/\/corinnesteiner.com\/en\/angebote\/life-quality-academy\/","title":{"rendered":"Life Quality Academy"},"content":{"rendered":"<div class=\"wpb-content-wrapper\"><p><style><\/style><div class=\"vc_row wpb_row vc_row-fluid content-dark data-bg-color-69dee830ef431 row-z-index-69dee830ef431\" ><style><\/style><div class=\"wpb_column vc_column_container content-dark vc_col-sm-12 column-z-index-69dee830ef783\"> \n        <div class=\"vc_column-inner \"> \n            <div class=\"wpb_wrapper\"><style>#slcr_custom_heading_69dee830eff3d{ font-size: 27px;text-align: left;  }<\/style><h3 id=\"slcr_custom_heading_69dee830eff3d\" class=\"vc_custom_heading font-700\" >Lebensqualit\u00e4t durch ganzheitliche F\u00fchrung<\/h3><style>#slcr_custom_heading_69dee830f00d6{ text-align: left;  }<\/style><p id=\"slcr_custom_heading_69dee830f00d6\" class=\"vc_custom_heading font-400\" >Die Life Quality Academy richtet sich an F\u00fchrungskr\u00e4fte, die ihre Lebensqualit\u00e4t sowohl beruflich als auch privat verbessern m\u00f6chten.<\/p><style>#slcr_custom_heading_69dee830f0220{ text-align: left;  }<\/style><p id=\"slcr_custom_heading_69dee830f0220\" class=\"vc_custom_heading font-400\" >Unser Programm zielt darauf ab, eine Balance zwischen beruflichen Anforderungen und pers\u00f6nlichem Wohlbefinden zu schaffen.<\/p><div class=\"vc_empty_space\"   style=\"height: 32px\"><span class=\"vc_empty_space_inner\"><\/span><\/div> \n            <\/div> \n        <\/div>\n    <\/div><\/div><style><\/style><div class=\"vc_row wpb_row vc_row-fluid content-dark data-bg-color-69dee830f050c row-z-index-69dee830f050c\" ><style><\/style><div class=\"wpb_column vc_column_container content-dark vc_col-sm-6 column-z-index-69dee830f065a\"> \n        <div class=\"vc_column-inner \"> \n            <div class=\"wpb_wrapper\"><div class=\"vc_empty_space\"   style=\"height: 32px\"><span class=\"vc_empty_space_inner\"><\/span><\/div><div class=\"vc_separator wpb_content_element vc_separator_align_center vc_sep_width_100 vc_sep_pos_align_center vc_separator_no_text vc_custom_1606374739848 wpb_content_element  vc_custom_1606374739848 wpb_content_element\" ><span class=\"vc_sep_holder vc_sep_holder_l\"><span style=\"border-color:#eeeeee;\" class=\"vc_sep_line\"><\/span><\/span><span class=\"vc_sep_holder vc_sep_holder_r\"><span style=\"border-color:#eeeeee;\" class=\"vc_sep_line\"><\/span><\/span>\n<\/div><style>#slcr_custom_heading_69dee830f0bb4{ font-size: 27px;line-height: 35px;text-align: left;  }<\/style><h3 id=\"slcr_custom_heading_69dee830f0bb4\" class=\"vc_custom_heading font-700\" >Programminhalte:<\/h3><div class=\"wpb_text_column wpb_content_element \" >\n\t\t<div class=\"wpb_wrapper\">\n\t\t\t<h4>1. Work-Life-Balance<\/h4>\n<ul>\n<li>Entwicklung von Strategien zur Schaffung eines unterst\u00fctzenden Arbeitsumfelds<\/li>\n<li>Methoden zur F\u00f6rderung der Selbstverantwortung und Eigeninitiative der Mitarbeiter<\/li>\n<\/ul>\n<h4>2. Pers\u00f6nliche Entwicklung<\/h4>\n<ul>\n<li>St\u00e4rkung der pers\u00f6nlichen Resilienz und emotionalen Intelligenz<\/li>\n<li>Techniken zur Stressbew\u00e4ltigung und Verbesserung des Wohlbefindens<\/li>\n<\/ul>\n<h4>3. F\u00fchrungsaufgaben meistern<\/h4>\n<ul>\n<li>Klarheit in der F\u00fchrungsrolle und effektive Kommunikation<\/li>\n<li>Methoden zur Konfliktl\u00f6sung und F\u00f6rderung eines positiven Arbeitsklimas<\/li>\n<\/ul>\n<h4>Ergebnisse:<\/h4>\n<ul>\n<li>Verbesserte Work-Life-Balance und Lebensqualit\u00e4t<\/li>\n<li>Erh\u00f6hte Zufriedenheit und Motivation der Mitarbeiter<\/li>\n<li>Nachhaltige pers\u00f6nliche und berufliche Entwicklung<\/li>\n<li>Effektive und authentische F\u00fchrungskompetenzen<\/li>\n<\/ul>\n\n\t\t<\/div>\n\t<\/div><div class=\"vc_separator wpb_content_element vc_separator_align_center vc_sep_width_100 vc_sep_pos_align_center vc_separator_no_text vc_custom_1606374141624 wpb_content_element  vc_custom_1606374141624 wpb_content_element\" ><span class=\"vc_sep_holder vc_sep_holder_l\"><span style=\"border-color:#eeeeee;\" class=\"vc_sep_line\"><\/span><\/span><span class=\"vc_sep_holder vc_sep_holder_r\"><span style=\"border-color:#eeeeee;\" class=\"vc_sep_line\"><\/span><\/span>\n<\/div> \n            <\/div> \n        <\/div>\n    <\/div><style><\/style><div class=\"wpb_column vc_column_container content-dark vc_col-sm-6 column-z-index-69dee830f0f25\"> \n        <div class=\"vc_column-inner \"> \n            <div class=\"wpb_wrapper\"><div  class=\"wpb_single_image wpb_content_element vc_align_left  vc_custom_1733995353820\">\n\t\t\n\t\t<figure class=\"wpb_wrapper vc_figure\">\n\t\t\t<div class=\"vc_single_image-wrapper   vc_box_border_grey\"><img loading=\"lazy\" decoding=\"async\" width=\"600\" height=\"927\" src=\"https:\/\/corinnesteiner.com\/wp-content\/uploads\/2024\/12\/business-growth-leadership-and-win-concept-red-a-2023-11-27-05-20-53-utc.png\" class=\"vc_single_image-img attachment-large\" alt=\"\" title=\"business-growth-leadership-and-win-concept-red-a-2023-11-27-05-20-53-utc\" srcset=\"https:\/\/corinnesteiner.com\/wp-content\/uploads\/2024\/12\/business-growth-leadership-and-win-concept-red-a-2023-11-27-05-20-53-utc.png 649w, https:\/\/corinnesteiner.com\/wp-content\/uploads\/2024\/12\/business-growth-leadership-and-win-concept-red-a-2023-11-27-05-20-53-utc-194x300.png 194w, https:\/\/corinnesteiner.com\/wp-content\/uploads\/2024\/12\/business-growth-leadership-and-win-concept-red-a-2023-11-27-05-20-53-utc-8x12.png 8w\" sizes=\"auto, (max-width: 600px) 100vw, 600px\" \/><\/div>\n\t\t<\/figure>\n\t<\/div>  \n            <\/div> \n        <\/div>\n    <\/div><\/div><style><\/style><div class=\"vc_row wpb_row vc_row-fluid content-dark data-bg-color-69dee830f1b4e row-z-index-69dee830f1b4e\" ><style><\/style><div class=\"wpb_column vc_column_container content-dark vc_col-sm-12 column-z-index-69dee830f1c8f\"> \n        <div class=\"vc_column-inner \"> \n            <div class=\"wpb_wrapper\"><style>#slcr_custom_heading_69dee830f1f19{ font-size: 27px;line-height: 35px;text-align: left;  }<\/style><h3 id=\"slcr_custom_heading_69dee830f1f19\" class=\"vc_custom_heading font-700\" >Warum Life Quality Academy?<\/h3><style>#slcr_custom_heading_69dee830f207a{ text-align: left;  }<\/style><p id=\"slcr_custom_heading_69dee830f207a\" class=\"vc_custom_heading font-400\" >Eine ausgewogene Lebensqualit\u00e4t ist entscheidend f\u00fcr nachhaltigen Erfolg und Zufriedenheit. Die Life Quality Academy bietet dir die Werkzeuge und Strategien, um sowohl beruflich als auch privat dein volles Potenzial zu entfalten und ein erf\u00fclltes, ausgewogenes Leben zu f\u00fchren.<\/p><div class=\"vc_row wpb_row vc_inner vc_row-fluid vc_custom_1605518615246 vc_row-has-fill\"><div class=\"wpb_column vc_column_container vc_col-sm-1\"><div class=\"vc_column-inner\"><div class=\"wpb_wrapper\"><\/div><\/div><\/div><style>#slcr_icon_text_last69dee830f256c.main__icon { display: block; text-align: center; color: #5abeb6 !important; border-radius: 50%; border-color: #f9f5f2 !important; background: #f9f5f2 !important;  height: 64px; width: 64px; line-height: 64px; font-size: 32px; transition: all ease .3s; -webkit-transition: all ease .3s; } [data-hover-target=\"box\"]:hover #slcr_icon_text_last69dee830f256c.main__icon, [data-hover-target=\"icon\"] #slcr_icon_text_last69dee830f256c.main__icon:hover { background: #f9f5f2 !important; border-color: #f9f5f2 !important; color: #5abeb6 !important; } #slcr_icon_text_content69dee830f256c{  } #slcr_icon_text_img69dee830f256c{  height: auto; width: 60px;   border-radius: 0px;  }<\/style><div class=\"wpb_column vc_column_container vc_col-sm-5\"><div class=\"vc_column-inner\"><div class=\"wpb_wrapper\">\n                <div class=\"icons__text   icon-center-mobile\"   data-icon-align=\"left\" data-reset-responsive=\"false\" data-hover-target=\"box\" data-vertical-align=\"top\">\n                    <div class=\"icons_wrap\">\n                        <div class=\"icon__container\">\n                            <i class=\"main__icon fas fa-phone\" id=\"slcr_icon_text_last69dee830f256c\" ><\/i>\n                        <\/div>\n                    <\/div>\n                    <div class=\"text__content\" id=\"slcr_icon_text_content69dee830f256c\">\n                        \n<h4 style=\"font-size: 23px;font-weight: bold;margin-top: 0;margin-bottom: 0px\">Kostenlosen Call buchen<\/h4>\n<p>Jetzt gew\u00fcnschte Session im Kalender ausw\u00e4hlen.<\/p>\n                    <\/div>\n                <\/div><\/div><\/div><\/div><div class=\"text-right center-xs wpb_column vc_column_container vc_col-sm-5\"><div class=\"vc_column-inner\"><div class=\"wpb_wrapper\"><style>#btn_slcr_69dee830f2c2c{ font-size: 14px; text-transform: uppercase;}  #btn_slcr_69dee830f2c2c:hover{ }<\/style><div class=\"vc_btn3-container vc_btn3-inline\">\n                    <a href=\"\/termin\" title=\"\" id=\"btn_slcr_69dee830f2c2c\" class=\"btn   vc_custom_1746690824542 left-xs btn--lg font-800 btn--rounded  btn--primary     \">\n                        <span>Kostenlos buchen<\/span>\n                    <\/a>  <\/div><style>#btn_slcr_69dee830f300e{ font-size: 14px; text-transform: uppercase; } #btn_slcr_69dee830f300e:hover{ }<\/style><div class=\"vc_btn3-container vc_btn3-inline\">\n                    <a href=\"\/angebote\" title=\"\" id=\"btn_slcr_69dee830f300e\" class=\"btn   vc_custom_1718972660760 left-xs btn--lg font-800 btn--rounded     btn--primary  btn--ghost \"  >\n                        <span>Alle Angebote<\/span>\n                    <\/a> <\/div><\/div><\/div><\/div><div class=\"wpb_column vc_column_container vc_col-sm-1\"><div class=\"vc_column-inner\"><div class=\"wpb_wrapper\"><\/div><\/div><\/div><\/div> \n            <\/div> \n        <\/div>\n    <\/div><\/div>\n<\/div>","protected":false},"excerpt":{"rendered":"Lebensqualit\u00e4t durch ganzheitliche F\u00fchrungDie Life Quality Academy richtet sich an F\u00fchrungskr\u00e4fte, die ihre Lebensqualit\u00e4t sowohl beruflich als auch privat verbessern m\u00f6chten.Unser Programm zielt darauf ab, eine Balance zwischen beruflichen Anforderungen und pers\u00f6nlichem Wohlbefinden zu schaffen. Programminhalte: 1. Work-Life-Balance Entwicklung von Strategien zur Schaffung eines unterst\u00fctzenden Arbeitsumfelds Methoden zur F\u00f6rderung der Selbstverantwortung und Eigeninitiative der Mitarbeiter [...]","protected":false},"author":2,"featured_media":1347,"parent":657,"menu_order":0,"comment_status":"closed","ping_status":"closed","template":"sidebar-right.php","meta":{"_acf_changed":false,"footnotes":""},"class_list":["post-812","page","type-page","status-publish","has-post-thumbnail","hentry"],"acf":[],"_links":{"self":[{"href":"https:\/\/corinnesteiner.com\/en\/wp-json\/wp\/v2\/pages\/812","targetHints":{"allow":["GET"]}}],"collection":[{"href":"https:\/\/corinnesteiner.com\/en\/wp-json\/wp\/v2\/pages"}],"about":[{"href":"https:\/\/corinnesteiner.com\/en\/wp-json\/wp\/v2\/types\/page"}],"author":[{"embeddable":true,"href":"https:\/\/corinnesteiner.com\/en\/wp-json\/wp\/v2\/users\/2"}],"replies":[{"embeddable":true,"href":"https:\/\/corinnesteiner.com\/en\/wp-json\/wp\/v2\/comments?post=812"}],"version-history":[{"count":16,"href":"https:\/\/corinnesteiner.com\/en\/wp-json\/wp\/v2\/pages\/812\/revisions"}],"predecessor-version":[{"id":2738,"href":"https:\/\/corinnesteiner.com\/en\/wp-json\/wp\/v2\/pages\/812\/revisions\/2738"}],"up":[{"embeddable":true,"href":"https:\/\/corinnesteiner.com\/en\/wp-json\/wp\/v2\/pages\/657"}],"wp:featuredmedia":[{"embeddable":true,"href":"https:\/\/corinnesteiner.com\/en\/wp-json\/wp\/v2\/media\/1347"}],"wp:attachment":[{"href":"https:\/\/corinnesteiner.com\/en\/wp-json\/wp\/v2\/media?parent=812"}],"curies":[{"name":"wp","href":"https:\/\/api.w.org\/{rel}","templated":true}]}}